{"id":11,"date":"2016-05-24T14:32:40","date_gmt":"2016-05-24T14:32:40","guid":{"rendered":"http:\/\/ibicamp.com\/?page_id=11"},"modified":"2017-05-04T15:55:25","modified_gmt":"2017-05-04T15:55:25","slug":"professores","status":"publish","type":"page","link":"https:\/\/ibicamp.com\/?page_id=11","title":{"rendered":"Professores"},"content":{"rendered":"<p style=\"text-align: justify;\"><img decoding=\"async\" class=\"wp-image-410 size-thumbnail alignleft\" src=\"http:\/\/ibicamp.com\/wp-content\/uploads\/2016\/05\/12728817_852938271518046_6169745593171362811_n-150x150.jpg\" sizes=\"(max-width: 150px) 100vw, 150px\" srcset=\"http:\/\/ibicamp.com\/wp-content\/uploads\/2016\/05\/12728817_852938271518046_6169745593171362811_n-150x150.jpg 150w, http:\/\/ibicamp.com\/wp-content\/uploads\/2016\/05\/12728817_852938271518046_6169745593171362811_n-83x83.jpg 83w\" alt=\"12728817_852938271518046_6169745593171362811_n\" width=\"150\" height=\"150\" \/><\/p>\n<p style=\"text-align: justify;\"><strong>Prof. Pr. Jorge Oliveira do Valle<\/strong><\/p>\n<p>Mestre em Ci\u00eancia da Religi\u00e3o com \u00eanfase em Miss\u00e3o da Igreja <em>(SENDAS- Semin\u00e1rio Nazareno de las Am\u00e9ricas \u2013 S\u00e3o Jos\u00e9 da Costa Rica\/ UNELA)<\/em>. P\u00f3s-graduado em Aconselhamento Pastoral <em>(IBICAMP\u2013 Instituto B\u00edblico de Campinas),<\/em> Bacharel em Teologia <em>(INIMEP\u2013 Universidade Metodista ). <a href=\"http:\/\/ibicamp.com\/wp-content\/uploads\/2016\/05\/CURR\u00cdCULO-PEDAG\u00d3GICO-Pr-Jorge-Valle.pdf\">CURR\u00cdCULO PEDAG\u00d3GICO &#8211; Pr Jorge Valle<\/a><\/em><\/p>\n<p><strong><img decoding=\"async\" class=\"alignleft wp-image-429 size-thumbnail\" src=\"http:\/\/ibicamp.com\/wp-content\/uploads\/2016\/05\/Jo\u00e3o-Morelle-e1465272106895-150x150.jpg\" sizes=\"(max-width: 150px) 100vw, 150px\" srcset=\"http:\/\/ibicamp.com\/wp-content\/uploads\/2016\/05\/Jo\u00e3o-Morelle-e1465272106895-150x150.jpg 150w, http:\/\/ibicamp.com\/wp-content\/uploads\/2016\/05\/Jo\u00e3o-Morelle-e1465272106895-83x83.jpg 83w\" alt=\"Jo\u00e3o Morelle\" width=\"150\" height=\"150\" \/>Pr. Jo\u00e3o Morelli Neto<\/strong><\/p>\n<p>Mestre em Ci\u00eancias da Religi\u00e3o com \u00eanfase em Miss\u00e3o da Igreja, (SENDAS- Semin\u00e1rio Nazareno de las Am\u00e9ricas\u2013 S\u00e3o Jos\u00e9 da Costa Rica\/ UNELA). Mestre em Teologia com \u00eanfase em Psicologia Pastoral, (Faculdade de Teologia Filad\u00e9lfia). Formado em Licenciatura Plena em Educa\u00e7\u00e3o Religiosa, (Semin\u00e1rio Teol\u00f3gico Peniel). Bacharel em Teologia (Semin\u00e1rio Teol\u00f3gico Peniel). <a href=\"http:\/\/ibicamp.com\/wp-content\/uploads\/2016\/05\/CURR\u00cdCULO-PEDAG\u00d3GICO-Pr-Jo\u00e3o-Morelli.pdf\">CURR\u00cdCULO PEDAG\u00d3GICO &#8211; Pr Jo\u00e3o Morelli<\/a><\/p>\n<p style=\"text-align: justify;\"><img decoding=\"async\" class=\"wp-image-792 size-thumbnail alignleft\" src=\"http:\/\/ibicamp.com\/wp-content\/uploads\/2016\/05\/12523073_1256367974389778_7736214192635259386_n-e1468379566988-150x150.jpg\" sizes=\"(max-width: 150px) 100vw, 150px\" srcset=\"http:\/\/ibicamp.com\/wp-content\/uploads\/2016\/05\/12523073_1256367974389778_7736214192635259386_n-e1468379566988-150x150.jpg 150w, http:\/\/ibicamp.com\/wp-content\/uploads\/2016\/05\/12523073_1256367974389778_7736214192635259386_n-e1468379566988-83x83.jpg 83w\" alt=\"12523073_1256367974389778_7736214192635259386_n\" width=\"150\" height=\"150\" \/><strong>Pr. Jonas de Andrade Lenso<\/strong><\/p>\n<p>Mestre em Ci\u00eancia da Religi\u00e3o com \u00eanfase em Miss\u00e3o da Igreja, (SENDAS- Semin\u00e1rio Nazareno de las Am\u00e9ricas\u2013 S\u00e3o Jos\u00e9 da Costa Rica\/ UNELA). Bacharel em Teologia, (CESUMAR\u2013 Centro Universit\u00e1rio de Maring\u00e1), (IBICAMP\u2013 Instituto B\u00edblico de Campinas). Psicanalista Cl\u00ednico (Instituto de Desenvolvimento Humano- Carlos Mussato) <a href=\"http:\/\/ibicamp.com\/wp-content\/uploads\/2016\/05\/CURR\u00cdCULO-PEDAG\u00d3GICO-Pr-Jonas-Lenso.pdf\">CURR\u00cdCULO PEDAG\u00d3GICO &#8211; Pr Jonas Lenso<\/a><\/p>\n<p><strong> <img loading=\"lazy\" decoding=\"async\" class=\"alignleft wp-image-803 size-thumbnail\" src=\"http:\/\/ibicamp.com\/wp-content\/uploads\/2016\/05\/155896_375388425887497_1150274235_n-e1468382161617-150x150.jpg\" sizes=\"(max-width: 150px) 100vw, 150px\" srcset=\"http:\/\/ibicamp.com\/wp-content\/uploads\/2016\/05\/155896_375388425887497_1150274235_n-e1468382161617-150x150.jpg 150w, http:\/\/ibicamp.com\/wp-content\/uploads\/2016\/05\/155896_375388425887497_1150274235_n-e1468382161617-83x83.jpg 83w\" alt=\"155896_375388425887497_1150274235_n\" width=\"150\" height=\"150\" \/>Pr. Edson Alves Agostinho<\/strong><\/p>\n<p>Bacharel em Teologia, (Semin\u00e1rio Teol\u00f3gico Batista Independente). Bacharel em Direito, (UNIP\u2013 Universidade Paulista). P\u00f3s-graduando em Direito Constitucional, (Escola Paulista de Ensino Superior\u2013 IEPES\u2013 Ltda). Cursos: Aconselhamento Crist\u00e3o, (Instituto B\u00edblico de Campinas \u2013 IBICAMP). Especializa\u00e7\u00e3o em Missiologia, (Semin\u00e1rio Teol\u00f3gico Batista Independente). Especializa\u00e7\u00e3o em Educa\u00e7\u00e3o Religiosa, (FAT &#8211; Faculdade Avan\u00e7ada em Teologia). <a href=\"http:\/\/ibicamp.com\/wp-content\/uploads\/2016\/05\/CURR\u00cdCULO-PEDAG\u00d3GICO-Pr-Edson-Agostinho.pdf\">CURR\u00cdCULO PEDAG\u00d3GICO &#8211; Pr Edson Agostinho<\/a><\/p>\n<p><strong><img loading=\"lazy\" decoding=\"async\" class=\"alignleft wp-image-428 size-thumbnail\" src=\"http:\/\/ibicamp.com\/wp-content\/uploads\/2016\/05\/Caio-Otranto-e1465272059204-150x150.jpg\" sizes=\"(max-width: 150px) 100vw, 150px\" srcset=\"http:\/\/ibicamp.com\/wp-content\/uploads\/2016\/05\/Caio-Otranto-e1465272059204-150x150.jpg 150w, http:\/\/ibicamp.com\/wp-content\/uploads\/2016\/05\/Caio-Otranto-e1465272059204-83x83.jpg 83w\" alt=\"Caio Otranto\" width=\"150\" height=\"150\" \/>Pr. Caio Fernando Melges Otranto<\/strong><\/p>\n<p>Estudou An\u00e1lise Sist\u00eamica Familiar- Psican\u00e1lise com \u00eanfase em sist\u00eamica, (FTN). Estudou na institui\u00e7\u00e3o de ensino Faculdade Nazarena do Brasil. Estudou na institui\u00e7\u00e3o de ensino Semin\u00e1rio Teol\u00f3gico Nazareno do Brasil. <a href=\"http:\/\/ibicamp.com\/wp-content\/uploads\/2016\/05\/CURR\u00cdCULO-PEDAG\u00d3GICO-Pr-Caio-Otranto.pdf\">CURR\u00cdCULO PEDAG\u00d3GICO &#8211; Pr Caio Otranto<\/a><\/p>\n<p><img loading=\"lazy\" decoding=\"async\" class=\"alignleft wp-image-431 size-thumbnail\" src=\"http:\/\/ibicamp.com\/wp-content\/uploads\/2016\/05\/Prof.-David-Santos-e1468419765718-150x150.jpg\" sizes=\"(max-width: 150px) 100vw, 150px\" srcset=\"http:\/\/ibicamp.com\/wp-content\/uploads\/2016\/05\/Prof.-David-Santos-e1468419765718-150x150.jpg 150w, http:\/\/ibicamp.com\/wp-content\/uploads\/2016\/05\/Prof.-David-Santos-e1468419765718-83x83.jpg 83w\" alt=\"Prof. David Santos\" width=\"150\" height=\"150\" \/><\/p>\n<p style=\"text-align: justify;\"><strong>Pr. David Pereira dos Santos <\/strong><\/p>\n<p style=\"text-align: justify;\">Bacharel em Teologia pelo IBICAMP, com larga experi\u00eancia na \u00e1rea de Aconselhamento Pastoral. L\u00edder de Minist\u00e9rio de Casais e Homens da Igreja do Nazareno.<\/p>\n<p style=\"text-align: justify;\"><img loading=\"lazy\" decoding=\"async\" class=\"alignleft wp-image-1902 size-thumbnail\" src=\"http:\/\/ibicamp.com\/wp-content\/uploads\/2016\/05\/SM4_9454-150x150.jpg\" sizes=\"(max-width: 150px) 100vw, 150px\" srcset=\"http:\/\/ibicamp.com\/wp-content\/uploads\/2016\/05\/SM4_9454-150x150.jpg 150w, http:\/\/ibicamp.com\/wp-content\/uploads\/2016\/05\/SM4_9454-180x180.jpg 180w, http:\/\/ibicamp.com\/wp-content\/uploads\/2016\/05\/SM4_9454-200x200.jpg 200w, http:\/\/ibicamp.com\/wp-content\/uploads\/2016\/05\/SM4_9454-450x450.jpg 450w, http:\/\/ibicamp.com\/wp-content\/uploads\/2016\/05\/SM4_9454-83x83.jpg 83w\" alt=\"Prof. Reinaldo Pinheiro\" width=\"150\" height=\"150\" \/><strong>Prof. Reinaldo Pinheiro<\/strong><br \/>\nBacharel em Teologia, (CESUMAR\u2013 Centro Universit\u00e1rio de Maring\u00e1), (IBICAMP\u2013 Instituto B\u00edblico de Campinas); P\u00f3s-graduado em Aconselhamento Pastoral (IBICAMP\u2013 Instituto B\u00edblico de Campinas); Graduado em Direito pela Faculdade Anhanguera Campinas &#8211; Kroton; P\u00f3s-graduado em Processo Civil pela Escola Paulista da Magistratura; escritor de diversas obras teol\u00f3gicas.<\/p>\n","protected":false},"excerpt":{"rendered":"<p>Prof. Pr. Jorge Oliveira do Valle Mestre em Ci\u00eancia da Religi\u00e3o com \u00eanfase em Miss\u00e3o da Igreja (SENDAS- Semin\u00e1rio Nazareno de las Am\u00e9ricas \u2013 S\u00e3o Jos\u00e9 da Costa Rica\/ UNELA). P\u00f3s-graduado em Aconselhamento Pastoral (IBICAMP\u2013 Instituto B\u00edblico de Campinas), Bacharel em Teologia (INIMEP\u2013 Universidade Metodista ). CURR\u00cdCULO PEDAG\u00d3GICO &#8211; Pr Jorge Valle Pr. Jo\u00e3o Morelli [&hellip;]<\/p>\n","protected":false},"author":1,"featured_media":0,"parent":0,"menu_order":0,"comment_status":"closed","ping_status":"closed","template":"","meta":{"footnotes":""},"_links":{"self":[{"href":"https:\/\/ibicamp.com\/index.php?rest_route=\/wp\/v2\/pages\/11"}],"collection":[{"href":"https:\/\/ibicamp.com\/index.php?rest_route=\/wp\/v2\/pages"}],"about":[{"href":"https:\/\/ibicamp.com\/index.php?rest_route=\/wp\/v2\/types\/page"}],"author":[{"embeddable":true,"href":"https:\/\/ibicamp.com\/index.php?rest_route=\/wp\/v2\/users\/1"}],"replies":[{"embeddable":true,"href":"https:\/\/ibicamp.com\/index.php?rest_route=%2Fwp%2Fv2%2Fcomments&post=11"}],"version-history":[{"count":5,"href":"https:\/\/ibicamp.com\/index.php?rest_route=\/wp\/v2\/pages\/11\/revisions"}],"predecessor-version":[{"id":2504,"href":"https:\/\/ibicamp.com\/index.php?rest_route=\/wp\/v2\/pages\/11\/revisions\/2504"}],"wp:attachment":[{"href":"https:\/\/ibicamp.com\/index.php?rest_route=%2Fwp%2Fv2%2Fmedia&parent=11"}],"curies":[{"name":"wp","href":"https:\/\/api.w.org\/{rel}","templated":true}]}}