{"id":2522,"date":"2017-05-20T17:08:09","date_gmt":"2017-05-20T17:08:09","guid":{"rendered":"http:\/\/ibicamp.com\/?page_id=2522"},"modified":"2017-06-09T02:17:40","modified_gmt":"2017-06-09T02:17:40","slug":"declaracao-de-fe","status":"publish","type":"page","link":"https:\/\/ibicamp.com\/?page_id=2522","title":{"rendered":"Declara\u00e7\u00e3o de f\u00e9"},"content":{"rendered":"<p>Cremos<\/p>\n<p><strong>01 &#8211; <\/strong>Na inspira\u00e7\u00e3o divina verbal e plen\u00e1ria da B\u00edblia Sagrada, \u00fanica regra infal\u00edvel de f\u00e9 e pr\u00e1tica para a vida e o car\u00e1ter crist\u00e3o (2 Tm 3.14-17);<\/p>\n<p><strong>\u00a0<\/strong><strong>02 &#8211; <\/strong>\u00a0Em um s\u00f3 Deus, eternamente subsistente em tr\u00eas pessoas distintas que, embora distintas, s\u00e3o iguais em poder, gl\u00f3ria e majestade: o Pai, o Filho e o Esp\u00edrito Santo; Criador do Universo, de todas as coisas que h\u00e1 nos c\u00e9us e na terra, vis\u00edveis e invis\u00edveis, e, de maneira especial, os seres humanos, por um ato sobrenatural e imediato, e n\u00e3o por um processo evolutivo (Dt 6.4; Mt 28.19; Mc 12.29; Gn 1.1; 2.7; Hb 11.3 e Ap 4.11);<\/p>\n<p><strong>\u00a0<\/strong><strong>03 &#8211; <\/strong>\u00a0No Senhor Jesus Cristo, o Filho Unig\u00eanito de Deus, plenamente Deus, plenamente Homem, na concep\u00e7\u00e3o e no seu nascimento virginal, em sua morte vic\u00e1ria e expiat\u00f3ria, em sua ressurrei\u00e7\u00e3o corporal dentre os mortos e em sua ascens\u00e3o vitoriosa aos c\u00e9us como Salvador do mundo (Jo 3.16- 18; Rm 1.3,4; Is 7.14; Mt 1.23; Hb 10.12; Rm 8.34 e At 1.9);<\/p>\n<p><strong>\u00a0<\/strong><strong>04 &#8211;<\/strong> No Esp\u00edrito Santo, a terceira pessoa da Sant\u00edssima Trindade, consubstancial com o Pai e o Filho, Senhor e Vivificador; que convence o mundo do pecado, da justi\u00e7a e do ju\u00edzo; que regenera o pecador; que falou por meio dos profetas e continua guiando o seu povo (2 Co 13.13; 2 Co 3.6,17; Rm 8.2; Jo 16.11; Tt 3.5; 2 Pe 1.21 e Jo 16.13);<\/p>\n<p><strong>\u00a0<\/strong><strong>05 &#8211; <\/strong>\u00a0Na pecaminosidade do homem, que o destituiu da gl\u00f3ria de Deus e que somente o arrependimento e a f\u00e9 na obra expiat\u00f3ria e redentora de Jesus Cristo podem restaur\u00e1-lo a Deus (Rm 3.23; At 3.19);<\/p>\n<p><strong>\u00a0<\/strong><strong>06 &#8211; <\/strong>\u00a0Na necessidade absoluta do novo nascimento pela gra\u00e7a de Deus mediante a f\u00e9 em Jesus Cristo e pelo poder atuante do Esp\u00edrito Santo e da Palavra de Deus para tornar o homem aceito no Reino dos C\u00e9us (Jo 3.3-8, Ef 2.8,9);<\/p>\n<p><strong>\u00a0<\/strong><strong>07 &#8211; <\/strong>\u00a0No perd\u00e3o dos pecados, na salva\u00e7\u00e3o plena e na justifica\u00e7\u00e3o pela f\u00e9 no sacrif\u00edcio efetuado por Jesus Cristo em nosso favor (At 10.43; Rm 10.13; 3.24-26; Hb 7.25; 5.9);<\/p>\n<p><strong>\u00a0<\/strong><strong>08 &#8211; <\/strong>\u00a0Na Igreja, que \u00e9 o corpo de Cristo, coluna e firmeza da verdade, una, santa e universal assembleia dos fi\u00e9is remidos de todas as eras e todos os lugares, chamados do mundo pelo Esp\u00edrito Santo para seguir a Cristo e adorar a Deus (1 Co 12.27; Jo 4.23; 1 Tm 3.15; Hb 12.23; Ap 22.17);<\/p>\n<p><strong>\u00a0<\/strong><strong>09 &#8211; <\/strong>\u00a0No batismo b\u00edblico efetuado por imers\u00e3o em \u00e1guas, uma s\u00f3 vez, em nome do Pai, e do Filho, e do Esp\u00edrito Santo, conforme determinou o Senhor Jesus Cristo (Mt 28.19; Rm 6.1-6; Cl 2.12);<\/p>\n<p><strong>\u00a0<\/strong><strong>10 &#8211; <\/strong>\u00a0Na necessidade e na possibilidade de termos vida santa e irrepreens\u00edvel por obra do Esp\u00edrito Santo, que nos capacita a viver como fi\u00e9is testemunhas de Jesus Cristo (Hb 9.14; 1 Pe 1.15);<\/p>\n<p><strong>\u00a0<\/strong><strong>11 &#8211; <\/strong>\u00a0No batismo no Esp\u00edrito Santo, conforme as Escrituras, que nos \u00e9 dado por Jesus Cristo, demonstrado pela evid\u00eancia f\u00edsica do falar em outras l\u00ednguas, conforme a sua vontade (At 1.5; 2.4; 10.44-46; 19.1-7);<\/p>\n<p><strong>\u00a0<\/strong><strong>12 &#8211; <\/strong>\u00a0Na atualidade dos dons espirituais distribu\u00eddos pelo Esp\u00edrito Santo \u00e0 Igreja para sua edifica\u00e7\u00e3o, conforme sua soberana vontade para o que for \u00fatil (1 Co 12.1-12);<\/p>\n<p><strong>\u00a0<\/strong>Na segunda vinda de Cristo, em duas fases distintas: a primeira \u2014 invis\u00edvel ao mundo, para arrebatar a sua Igreja antes da Grande Tribula\u00e7\u00e3o; a segunda \u2014 vis\u00edvel e corporal, com a sua Igreja glorificada, para reinar sobre o mundo durante mil anos (1 Ts 4.16, 17; 1 Co 15.51-54; Ap 20.4; Zc 14.5; Jd 1.14); 14<\/p>\n<p><strong>\u00a0<\/strong><strong>14 &#8211; <\/strong>\u00a0No comparecimento ante o Tribunal de Cristo de todos os crist\u00e3os arrebatados, para receberem a recompensa pelos seus feitos em favor da causa de Cristo na Terra (2 Co 5.10);<\/p>\n<p><strong>\u00a0<\/strong><strong>15 &#8211; <\/strong>\u00a0No Ju\u00edzo Final, onde comparecer\u00e3o todos os \u00edmpios: desde a Cria\u00e7\u00e3o at\u00e9 o fim do Mil\u00eanio; os que morrerem durante o per\u00edodo milenial e os que, ao final desta \u00e9poca, estiverem vivos. E na eternidade de tristeza e tormento para os infi\u00e9is e vida eterna de gozo e felicidade para os fi\u00e9is de todos os tempos (Mt 25.46; Is 65.20; Ap 20.11-15; 21.1-4).<\/p>\n<p><strong>\u00a0<\/strong><strong>16 &#8211; <\/strong>\u00a0Cremos, tamb\u00e9m, que o casamento foi institu\u00eddo por Deus e ratificado por nosso Senhor Jesus Cristo como uni\u00e3o entre um homem e uma mulher, nascidos macho e f\u00eamea, respectivamente, em conformidade com o definido pelo sexo de cria\u00e7\u00e3o geneticamente determinado (Gn 2.18; Jo 2.1,2; Gn 2.24; 1.27).<\/p>\n","protected":false},"excerpt":{"rendered":"<p>Cremos 01 &#8211; Na inspira\u00e7\u00e3o divina verbal e plen\u00e1ria da B\u00edblia Sagrada, \u00fanica regra infal\u00edvel de f\u00e9 e pr\u00e1tica para a vida e o car\u00e1ter crist\u00e3o (2 Tm 3.14-17); \u00a002 &#8211; \u00a0Em um s\u00f3 Deus, eternamente subsistente em tr\u00eas pessoas distintas que, embora distintas, s\u00e3o iguais em poder, gl\u00f3ria e majestade: o Pai, o Filho [&hellip;]<\/p>\n","protected":false},"author":4,"featured_media":0,"parent":0,"menu_order":0,"comment_status":"closed","ping_status":"closed","template":"","meta":{"footnotes":""},"_links":{"self":[{"href":"https:\/\/ibicamp.com\/index.php?rest_route=\/wp\/v2\/pages\/2522"}],"collection":[{"href":"https:\/\/ibicamp.com\/index.php?rest_route=\/wp\/v2\/pages"}],"about":[{"href":"https:\/\/ibicamp.com\/index.php?rest_route=\/wp\/v2\/types\/page"}],"author":[{"embeddable":true,"href":"https:\/\/ibicamp.com\/index.php?rest_route=\/wp\/v2\/users\/4"}],"replies":[{"embeddable":true,"href":"https:\/\/ibicamp.com\/index.php?rest_route=%2Fwp%2Fv2%2Fcomments&post=2522"}],"version-history":[{"count":5,"href":"https:\/\/ibicamp.com\/index.php?rest_route=\/wp\/v2\/pages\/2522\/revisions"}],"predecessor-version":[{"id":3047,"href":"https:\/\/ibicamp.com\/index.php?rest_route=\/wp\/v2\/pages\/2522\/revisions\/3047"}],"wp:attachment":[{"href":"https:\/\/ibicamp.com\/index.php?rest_route=%2Fwp%2Fv2%2Fmedia&parent=2522"}],"curies":[{"name":"wp","href":"https:\/\/api.w.org\/{rel}","templated":true}]}}