{"id":420,"date":"2016-06-07T03:44:57","date_gmt":"2016-06-07T03:44:57","guid":{"rendered":"http:\/\/ibicamp.com\/?page_id=420"},"modified":"2024-03-11T21:20:41","modified_gmt":"2024-03-12T00:20:41","slug":"presidente","status":"publish","type":"page","link":"https:\/\/ibicamp.com\/?page_id=420","title":{"rendered":"Palavra do Presidente"},"content":{"rendered":"\t\t<div data-elementor-type=\"wp-page\" data-elementor-id=\"420\" class=\"elementor elementor-420\">\n\t\t\t\t\t\t<section class=\"elementor-section elementor-top-section elementor-element elementor-element-4b5855cb elementor-section-full_width elementor-section-height-default elementor-section-height-default\" data-id=\"4b5855cb\" data-element_type=\"section\">\n\t\t\t\t\t\t<div class=\"elementor-container elementor-column-gap-no\">\n\t\t\t\t\t<div class=\"elementor-column elementor-col-100 elementor-top-column elementor-element elementor-element-3f74f9d0\" data-id=\"3f74f9d0\" data-element_type=\"column\">\n\t\t\t<div class=\"elementor-widget-wrap elementor-element-populated\">\n\t\t\t\t\t\t<div class=\"elementor-element elementor-element-3ce9b48e elementor-widget elementor-widget-text-editor\" data-id=\"3ce9b48e\" data-element_type=\"widget\" data-widget_type=\"text-editor.default\">\n\t\t\t\t<div class=\"elementor-widget-container\">\n\t\t\t\t\t\t\t<img decoding=\"async\" class=\"alignleft wp-image-410\" src=\"http:\/\/ibicamp.com\/wp-content\/uploads\/2016\/05\/12728817_852938271518046_6169745593171362811_n-150x150.jpg\" alt=\"12728817_852938271518046_6169745593171362811_n\" width=\"200\" height=\"248\" srcset=\"https:\/\/ibicamp.com\/wp-content\/uploads\/2016\/05\/12728817_852938271518046_6169745593171362811_n-242x300.jpg 242w, https:\/\/ibicamp.com\/wp-content\/uploads\/2016\/05\/12728817_852938271518046_6169745593171362811_n-200x248.jpg 200w, https:\/\/ibicamp.com\/wp-content\/uploads\/2016\/05\/12728817_852938271518046_6169745593171362811_n-170x211.jpg 170w, https:\/\/ibicamp.com\/wp-content\/uploads\/2016\/05\/12728817_852938271518046_6169745593171362811_n.jpg 322w\" sizes=\"(max-width: 200px) 100vw, 200px\" \/>N\u00e3o h\u00e1 nada que se compare \u00e0 Igreja edificada por Nosso Senhor Jesus Cristo, cujas portas do inferno n\u00e3o prevalecer\u00e3o contra ela (Mt 16). Uma das maiores pot\u00eancias criada por Deus, atrav\u00e9s da qual, Ele age neste mundo.\r\n\r\nFormada por pessoas fr\u00e1geis como eu e voc\u00ea, mas impulsionada pelo Esp\u00edrito Santo de Deus, ela se agiganta. N\u00e3o obstante aos in\u00fameros desafios, a Igreja prossegue expandindo o Seu Reino. Pot\u00eancias se levantam e caem, mas a Igreja prossegue firme, como a pedra lan\u00e7ada aos p\u00e9s da est\u00e1tua. (Dn 2.45) Como viste que do monte foi cortada uma pedra, sem aux\u00edlio de m\u00e3os, e ela esmiu\u00e7ou o ferro, o bronze, o barro, a prata e o ouro&#8230; at\u00e9 que O reino do mundo se tornou de nosso Senhor e do seu Cristo, e Ele reinar\u00e1 pelos s\u00e9culos dos s\u00e9culos (Ap 11.15).\r\n\r\nO mais importante nisto tudo \u00e9 que Deus quis nos incluir neste projeto. Primeiro, Ele nos libertou do imp\u00e9rio das trevas e nos transportou para o reino do Filho do seu amor, e, em seguida declara, Cristo em v\u00f3s, a esperan\u00e7a da gl\u00f3ria (Cl 1.27). D\u00e1- n\u00f3s o seu Esp\u00edrito que nos enche de poder. (Atos 1.8) Mas recebereis poder, ao descer sobre v\u00f3s o Esp\u00edrito Santo, e sereis minhas testemunhas, tanto em Jerusal\u00e9m como em toda a Judeia, e Samaria e at\u00e9 aos confins da terra.\r\n\r\nEnriquece-nos com dons sobrenaturais. (1 Co 12.11) Mas um s\u00f3 e o mesmo Esp\u00edrito realiza todas estas coisas, distribuindo-as, como lhe apraz, a cada um, individualmente. E agora nos inclui em sua obra de maneira graciosa. (Mc 16.15) E disse-lhes: Ide por todo o mundo e pregai o evangelho a toda criatura.\r\n\r\nContudo, neste projeto, Deus requer uma lideran\u00e7a qualificada que n\u00e3o seja ne\u00f3fito, para n\u00e3o suceder que se ensoberbe\u00e7a e incorra na condena\u00e7\u00e3o do diabo (1Tm 3.6).\r\n\r\nPor este motivo nos orienta dizendo: Procura apresentar-te a Deus aprovado, como obreiro que n\u00e3o tem de que se envergonhar, que maneja bem a palavra da verdade (2Tm 2.15). A chamada e a voca\u00e7\u00e3o dependem Dele, mas o preparo depende do vocacionado. Por este motivo \u00e9 que Ele tem dado \u00e0 igreja, homens capacitados com Dons especiais para fortalecer e adestrar homens e mulheres para a obra do minist\u00e9rio.\r\n\r\nDentre estes, est\u00e1 o Mestre a quem Deus tem levantado para instruir e habilitar o corpo de Cristo para se tornar o maior ex\u00e9rcito, jamais visto neste mundo. (Sl 68.11) O Senhor deu a palavra; grande era o ex\u00e9rcito dos que anunciavam as boas-novas.\r\n\r\nAs armas da nossa mil\u00edcia n\u00e3o s\u00e3o carnais, n\u00e3o s\u00e3o fuzis e metralhadoras, utiliza-se pura e simplesmente a Espada do Esp\u00edrito, que \u00e9 a Palavra de Deus (Ef 6.17). A ordem \u00e9: Prega a palavra a tempo e fora de tempo (2Tm 4.2)! Engajado neste projeto est\u00e1 o IBICAMP \u2013 Instituto B\u00edblico de Campinas \u2013, que h\u00e1 mais de trinta anos vem cumprindo a sua miss\u00e3o de preparar obreiros para o minist\u00e9rio. Centenas que passaram pelo IBICAMP desde 1984, hoje, s\u00e3o ministros bem-sucedidos, pastores, evangelistas, escritores e mission\u00e1rios em plena atividade.\r\n\r\nPais que passaram pelo Instituto, hoje enviam seus filhos para se prepararem. Lideran\u00e7as da Igreja em Campinas, que t\u00eam confiado na seriedade do trabalho que est\u00e1 sendo realizado, apoiam e enviam seus membros para se prepararem para a vida ministerial.\r\n\r\nCom um corpo docente altamente qualificado, o IBICAMP se coloca \u00e0 disposi\u00e7\u00e3o do Povo de Deus. N\u00e3o fique de fora! Deus conta com voc\u00ea!\r\n\r\n&nbsp;\r\n\r\nPr. Jorge Valle\t\t\t\t\t\t<\/div>\n\t\t\t\t<\/div>\n\t\t\t\t\t<\/div>\n\t\t<\/div>\n\t\t\t\t\t<\/div>\n\t\t<\/section>\n\t\t\t\t<\/div>\n\t\t","protected":false},"excerpt":{"rendered":"<p>N\u00e3o h\u00e1 nada que se compare \u00e0 Igreja edificada por Nosso Senhor Jesus Cristo, cujas portas do inferno n\u00e3o prevalecer\u00e3o contra ela (Mt 16). Uma das maiores pot\u00eancias criada por Deus, atrav\u00e9s da qual, Ele age neste mundo. Formada por pessoas fr\u00e1geis como eu e voc\u00ea, mas impulsionada pelo Esp\u00edrito Santo de Deus, ela se [&hellip;]<\/p>\n","protected":false},"author":1,"featured_media":0,"parent":0,"menu_order":0,"comment_status":"closed","ping_status":"closed","template":"","meta":{"footnotes":""},"_links":{"self":[{"href":"https:\/\/ibicamp.com\/index.php?rest_route=\/wp\/v2\/pages\/420"}],"collection":[{"href":"https:\/\/ibicamp.com\/index.php?rest_route=\/wp\/v2\/pages"}],"about":[{"href":"https:\/\/ibicamp.com\/index.php?rest_route=\/wp\/v2\/types\/page"}],"author":[{"embeddable":true,"href":"https:\/\/ibicamp.com\/index.php?rest_route=\/wp\/v2\/users\/1"}],"replies":[{"embeddable":true,"href":"https:\/\/ibicamp.com\/index.php?rest_route=%2Fwp%2Fv2%2Fcomments&post=420"}],"version-history":[{"count":19,"href":"https:\/\/ibicamp.com\/index.php?rest_route=\/wp\/v2\/pages\/420\/revisions"}],"predecessor-version":[{"id":6627,"href":"https:\/\/ibicamp.com\/index.php?rest_route=\/wp\/v2\/pages\/420\/revisions\/6627"}],"wp:attachment":[{"href":"https:\/\/ibicamp.com\/index.php?rest_route=%2Fwp%2Fv2%2Fmedia&parent=420"}],"curies":[{"name":"wp","href":"https:\/\/api.w.org\/{rel}","templated":true}]}}