{"id":441,"date":"2016-06-08T00:51:46","date_gmt":"2016-06-08T00:51:46","guid":{"rendered":"http:\/\/ibicamp.com\/?page_id=441"},"modified":"2024-04-03T00:01:24","modified_gmt":"2024-04-03T03:01:24","slug":"nucleo","status":"publish","type":"page","link":"https:\/\/ibicamp.com\/?page_id=441","title":{"rendered":"N\u00facleo"},"content":{"rendered":"<div id=\"pl-441\" class=\"panel-layout\">\n<div id=\"pg-441-0\" class=\"panel-grid panel-no-style\" data-style=\"{&quot;background_display&quot;:&quot;tile&quot;,&quot;full_height&quot;:&quot;&quot;}\">\n<div id=\"pgc-441-0-0\" class=\"panel-grid-cell\" data-weight=\"1\">\n<div id=\"panel-441-0-0-0\" class=\"so-panel widget_sow-image panel-first-child\" data-index=\"0\" data-style=\"{&quot;background_display&quot;:&quot;tile&quot;}\"><strong style=\"font-size: revert; color: initial;\">CURSO M\u00c9DIO EM TEOLOGIA\u201332 MAT\u00c9RIAS<\/strong><\/div>\n<div id=\"panel-441-0-0-1\" class=\"so-panel widget_sow-editor panel-last-child\" data-index=\"1\" data-style=\"{&quot;background_display&quot;:&quot;tile&quot;}\">\n<div class=\"so-widget-sow-editor so-widget-sow-editor-base\">\n<div class=\"siteorigin-widget-tinymce textwidget\">\n<p>ORIENTA\u00c7\u00d5ES SOBRE POLO<\/p>\n<p>O <strong>IBICAMP<\/strong>, Instituto B\u00edblico de Campinas, tem a finalidade de estimular o aperfei\u00e7oamento da educa\u00e7\u00e3o teol\u00f3gica, tendo em vista a excel\u00eancia acad\u00eamica, espiritual e ministerial.<\/p>\n<p>Nossa responsabilidade \u00e9 investir no conhecimento correto das Escrituras Sagradas e em todas as \u00e1reas que convergem na Palavra de Deus, a fim de preparar o aluno desenvolvendo-o espiritual, mental e emocionalmente para as exig\u00eancias do minist\u00e9rio, levando-o \u00e0 pr\u00e1tica de miss\u00f5es e evangeliza\u00e7\u00e3o a n\u00edvel local e mundial.<\/p>\n<p>A import\u00e2ncia de se ter um N\u00facleo do <strong>IBICAMP<\/strong> em sua Igreja \u00e9 poder estar engajado no projeto que Deus preparou, de formar obreiros, homens e mulheres, capacitados a exercerem um Minist\u00e9rio para Sua obra aqui na Terra. A facilidade de hor\u00e1rio estipulado pela Igreja ajuda muito os alunos, pois n\u00e3o t\u00eam a preocupa\u00e7\u00e3o de se deslocarem para lugar distante. Ter um N\u00facleo \u00e9 facilitar para o membro o direito ao aculturamento teol\u00f3gico promovendo o conhecimento e a prepara\u00e7\u00e3o a todos os vocacionados por Deus, para o engrandecimento do Seu Reino.<\/p>\n<p>Para que o N\u00facleo seja instalado \u00e9 imprescind\u00edvel a aprova\u00e7\u00e3o do Pastor respons\u00e1vel pela Igreja, enviando uma carta ao <strong>IBICAMP<\/strong> e a forma\u00e7\u00e3o de uma diretoria local.<\/p>\n<p>Cabe aos componentes da Diretoria realizar suas fun\u00e7\u00f5es adequadamente, para que haja o cumprimento do objetivo do N\u00facleo, que \u00e9 facilitar aos alunos o curso, edificando suas vidas para servir a Deus no minist\u00e9rio. Para tanto, os m\u00f3dulos ser\u00e3o adquiridos na quantidade de alunos matriculados no N\u00facleo. O pedido dos m\u00f3dulos deve ser feito com antecipa\u00e7\u00e3o de 4 a 5 dias, tempo suficiente para prepara\u00e7\u00e3o do TVA (Testes de Avalia\u00e7\u00e3o) da mat\u00e9ria a ser estudada.<\/p>\n<p>No ato da matr\u00edcula, os alunos dever\u00e3o entregar ao N\u00facleo a c\u00f3pia dos documentos: RG, CPF, Comprovante de Endere\u00e7o, Comprovante de Escolaridade, 2 (duas) fotos 3&#215;4 e preencher a Ficha de Cadastro para obten\u00e7\u00e3o do Registro Acad\u00eamico (RA), junto \u00e0 Secretaria do Instituto.<\/p>\n<p>A c\u00f3pia da documenta\u00e7\u00e3o dos componentes da diretoria (RG, CPF, Comprovante de Endere\u00e7o, Comprovante de Escolaridade) e 2 (duas) fotos 3&#215;4 ficar\u00e3o arquivados, na ficha espec\u00edfica somente para a diretoria. Havendo altera\u00e7\u00e3o de um componente, o <strong>IBICAMP<\/strong> dever\u00e1 ser comunicado e o novo componente dever\u00e1 trazer a c\u00f3pia dos documentos para o arquivo de registros.<\/p>\n<p><strong>INSTALA\u00c7\u00c3O DO POLO <\/strong><\/p>\n<p>\u00c9 necess\u00e1rio nomear uma Diretoria composta com os seguintes integrantes:<\/p>\n<ul>\n<li>Diretor: Respons\u00e1vel direto pelo N\u00facleo.<\/li>\n<li>Secret\u00e1rio: Respons\u00e1vel pelas matr\u00edculas dos alunos e controle das provas e formul\u00e1rios a serem enviados ao <strong>IBICAMP<\/strong> (Ficha de matr\u00edcula, Documenta\u00e7\u00e3o dos alunos e M\u00e9dia dos alunos).<\/li>\n<li>Tesoureiro: Respons\u00e1vel pelas finan\u00e7as e aquisi\u00e7\u00e3o do material did\u00e1tico do curso.<\/li>\n<li>Monitor: Respons\u00e1vel por conduzir as aulas nos encontros semanais.<\/li>\n<\/ul>\n<p><strong>LOCAL DO CURSO<\/strong><\/p>\n<ul>\n<li>Sala adequada \u00e0s aulas.<\/li>\n<li>Dia e hor\u00e1rio fixos para o encontro semanal.<\/li>\n<li>Dura\u00e7\u00e3o de 3 (tr\u00eas) horas semanais.<\/li>\n<\/ul>\n<p><strong>ALUNO<\/strong><\/p>\n<ul>\n<li>Preencher por completo a ficha de matr\u00edcula.<\/li>\n<li>Entregar as c\u00f3pias dos documentos pessoais: RG, CPF, Comprovante de Endere\u00e7o, Comprovante de Escolaridade e 2 (duas) fotos 3&#215;4.<\/li>\n<li>Deve separar 1 (uma) hora di\u00e1ria para estudos e trabalhos extraclasse, contando como carga hor\u00e1ria.<\/li>\n<li>Comparecer ao encontro semanal com suas tarefas realizadas.<\/li>\n<li>Efetuar o pagamento do m\u00f3dulo a ser estudado.<\/li>\n<\/ul>\n<p><strong>CURSO M\u00c9DIO<\/strong><\/p>\n<ul>\n<li>N\u00e3o h\u00e1 taxa de matr\u00edcula.<\/li>\n<li>Composto por 32 m\u00f3dulos (Livro + Caderno de atividades).<\/li>\n<li>Cada m\u00f3dulo cont\u00e9m 10 li\u00e7\u00f5es.<\/li>\n<li>Duas li\u00e7\u00f5es estudadas por encontro semanal.<\/li>\n<\/ul>\n<p><strong>CERTIFICA\u00c7\u00d5ES <\/strong><\/p>\n<p>Ao final do Curso, o <strong>IBICAMP<\/strong> expedir\u00e1:<\/p>\n<ul>\n<li>Hist\u00f3rico Escolar.<\/li>\n<li>Diploma do Curso M\u00e9dio em Teologia.<\/li>\n<li>Formatura (opcional) em Culto de A\u00e7\u00e3o de Gra\u00e7a.<\/li>\n<\/ul>\n<p><strong>VALORES (2024)<\/strong><\/p>\n<ul>\n<li>Valor de R$ 60,00 (sessenta reais) por m\u00f3dulo + despesa dos correios.<\/li>\n<li>N\u00facleo com mais de 100 (cem) alunos, o valor \u00e9 de R$ 55,00 (cinquenta e cinco reais) por m\u00f3dulo + despesa dos correios.<\/li>\n<li>N\u00facleos com mais de 100(cem) alunos ter\u00e1 capa personalizada.<\/li>\n<li>O material pode ser retirado no IBICAMP \u2013 Av. Dr. Campos Sales, 378 \u2013 Centro, Campinas (SP), sem despesa dos correios; ou dep\u00f3sito: Banco 237, Ag 046, C\/c 471578-0, Instituto B\u00edblico de Campinas; ou atrav\u00e9s do PIX &#8211;\u00a0 CNPJ 52.349.529.0001-19.<\/li>\n<\/ul>\n<p style=\"text-align: center;\"><strong>SOLICITA\u00c7\u00c3O DO POLO DO IBICAMP<\/strong><\/p>\n<p>Ao Diretor do Instituto B\u00edblico de Campinas<\/p>\n<p>Tendo ci\u00eancia de que a Igreja ser\u00e1 edificada com conhecimentos teol\u00f3gicos baseados na Palavra de Deus, solicitamos a Instala\u00e7\u00e3o do Polo do <strong>IBICAMP<\/strong>, proporcionando-nos o Curso M\u00e9dio em Teologia que satisfar\u00e1 a nossa expectativa no Minist\u00e9rio, tendo homens e mulheres, preparados e capacitados para as exig\u00eancias vivenciadas em prol de uma jornada de semeadura do Evangelho do Nosso Senhor Jesus Cristo, para a colheita da grande seara do Reino de Deus.<\/p>\n<\/div>\n<\/div>\n<\/div>\n<\/div>\n<\/div>\n<\/div>\n","protected":false},"excerpt":{"rendered":"<p>CURSO M\u00c9DIO EM TEOLOGIA\u201332 MAT\u00c9RIAS ORIENTA\u00c7\u00d5ES SOBRE POLO O IBICAMP, Instituto B\u00edblico de Campinas, tem a finalidade de estimular o aperfei\u00e7oamento da educa\u00e7\u00e3o teol\u00f3gica, tendo em vista a excel\u00eancia acad\u00eamica, espiritual e ministerial. Nossa responsabilidade \u00e9 investir no conhecimento correto das Escrituras Sagradas e em todas as \u00e1reas que convergem na Palavra de Deus, a [&hellip;]<\/p>\n","protected":false},"author":1,"featured_media":0,"parent":0,"menu_order":0,"comment_status":"closed","ping_status":"closed","template":"","meta":{"footnotes":""},"_links":{"self":[{"href":"https:\/\/ibicamp.com\/index.php?rest_route=\/wp\/v2\/pages\/441"}],"collection":[{"href":"https:\/\/ibicamp.com\/index.php?rest_route=\/wp\/v2\/pages"}],"about":[{"href":"https:\/\/ibicamp.com\/index.php?rest_route=\/wp\/v2\/types\/page"}],"author":[{"embeddable":true,"href":"https:\/\/ibicamp.com\/index.php?rest_route=\/wp\/v2\/users\/1"}],"replies":[{"embeddable":true,"href":"https:\/\/ibicamp.com\/index.php?rest_route=%2Fwp%2Fv2%2Fcomments&post=441"}],"version-history":[{"count":13,"href":"https:\/\/ibicamp.com\/index.php?rest_route=\/wp\/v2\/pages\/441\/revisions"}],"predecessor-version":[{"id":6740,"href":"https:\/\/ibicamp.com\/index.php?rest_route=\/wp\/v2\/pages\/441\/revisions\/6740"}],"wp:attachment":[{"href":"https:\/\/ibicamp.com\/index.php?rest_route=%2Fwp%2Fv2%2Fmedia&parent=441"}],"curies":[{"name":"wp","href":"https:\/\/api.w.org\/{rel}","templated":true}]}}