{"id":637,"date":"2016-06-27T18:10:34","date_gmt":"2016-06-27T18:10:34","guid":{"rendered":"http:\/\/ibicamp.com\/?page_id=637"},"modified":"2018-07-25T20:04:25","modified_gmt":"2018-07-25T20:04:25","slug":"solicitacao-de-nucleo-ibicamp","status":"publish","type":"page","link":"https:\/\/ibicamp.com\/?page_id=637","title":{"rendered":"Solicita\u00e7\u00e3o de n\u00facleo &#8211; IBICAMP"},"content":{"rendered":"<p style=\"text-align: center;\"><strong>SOLICITA\u00c7\u00c3O DO N\u00daCLEO DO IBICAMP<\/strong><\/p>\n<p>Ao Diretor do Instituto B\u00edblico de Campinas<\/p>\n<p>Tendo ci\u00eancia de que a Igreja ser\u00e1 edificada com conhecimentos teol\u00f3gicos baseados na Palavra de Deus, solicitamos a Instala\u00e7\u00e3o do N\u00facleo do <strong>IBICAMP<\/strong>, proporcionando-nos o Curso M\u00e9dio em Teologia que satisfar\u00e1 a nossa expectativa no Minist\u00e9rio, tendo homens e mulheres, preparados e capacitados para as exig\u00eancias vivenciadas em prol de uma jornada de semeadura do Evangelho do Nosso Senhor Jesus Cristo, para a colheita da grande seara do Reino de Deus.<\/p>\n<form action=\"\/wp-admin\/admin-ajax.php?_panelsnonce=1074389154#wpcf7-f502-o1\" method=\"post\" class=\"wpcf7-form\" novalidate=\"novalidate\">\n<input name=\"_wpcf7\" value=\"502\" type=\"hidden\"><br \/>\n<input name=\"_wpcf7_version\" value=\"4.4.2\" type=\"hidden\"><br \/>\n<input name=\"_wpcf7_locale\" value=\"pt_PT\" type=\"hidden\"><br \/>\n<input name=\"_wpcf7_unit_tag\" value=\"wpcf7-f502-o1\" type=\"hidden\"><br \/>\n<input name=\"_wpnonce\" value=\"69dcf4b014\" type=\"hidden\"><\/p>\n<h3>DADOS DA IGREJA<\/h3>\n<p><label>Nome da igreja <span class=\"obirgatorio\">*<\/span><br \/>\n<span class=\"wpcf7-form-control-wrap text-489\"><input name=\"text-489\" value=\"\" size=\"40\" class=\"wpcf7-form-control wpcf7-text wpcf7-validates-as-required formulario\" aria-required=\"true\" aria-invalid=\"false\" placeholder=\"Digite o nome da igreja\" type=\"text\"><\/span><\/label><\/p>\n<p><label>Endere\u00e7o <span class=\"obirgatorio\">*<\/span><br \/>\n<span class=\"wpcf7-form-control-wrap text-500\"><input name=\"text-500\" value=\"\" size=\"40\" class=\"wpcf7-form-control wpcf7-text wpcf7-validates-as-required formulario\" aria-required=\"true\" aria-invalid=\"false\" placeholder=\"Endere\u00e7o\" type=\"text\"><\/span><\/label><\/p>\n<p><label>N\u00famero <span class=\"obirgatorio\">*<\/span><br \/>\n<span class=\"wpcf7-form-control-wrap text-501\"><input name=\"text-501\" value=\"\" size=\"40\" class=\"wpcf7-form-control wpcf7-text wpcf7-validates-as-required formularionumero\" aria-required=\"true\" aria-invalid=\"false\" placeholder=\"N\u00b0\" type=\"text\"><\/span><\/label><\/p>\n<p><label>Bairro <span class=\"obirgatorio\">*<\/span><br \/>\n<span class=\"wpcf7-form-control-wrap text-502\"><input name=\"text-502\" value=\"\" size=\"40\" class=\"wpcf7-form-control wpcf7-text wpcf7-validates-as-required formulario\" aria-required=\"true\" aria-invalid=\"false\" placeholder=\"Bairro\" type=\"text\"><\/span><\/label><\/p>\n<p><label>Cidade <span class=\"obirgatorio\">*<\/span><br \/>\n<span class=\"wpcf7-form-control-wrap text-503\"><input name=\"text-503\" value=\"\" size=\"40\" class=\"wpcf7-form-control wpcf7-text wpcf7-validates-as-required formulario\" aria-required=\"true\" aria-invalid=\"false\" placeholder=\"Cidade\" type=\"text\"><\/span><\/label><\/p>\n<p><label>Estado <span class=\"obirgatorio\">*<\/span><br \/>\n<span class=\"wpcf7-form-control-wrap text-505\"><input name=\"text-505\" value=\"\" size=\"40\" class=\"wpcf7-form-control wpcf7-text wpcf7-validates-as-required formulario\" aria-required=\"true\" aria-invalid=\"false\" placeholder=\"Estado\" type=\"text\"><\/span><\/label><\/p>\n<p><label>Cep <span class=\"obirgatorio\">*<\/span><br \/>\n<span class=\"wpcf7-form-control-wrap text-506\"><input name=\"text-506\" value=\"\" size=\"40\" class=\"wpcf7-form-control wpcf7-text wpcf7-validates-as-required formulario\" aria-required=\"true\" aria-invalid=\"false\" placeholder=\"Cep\" type=\"text\"><\/span><\/label><\/p>\n<h3>DADOS DO(A) PASTOR(A)<\/h3>\n<p><label>Nome do(a) pastor(a) <span class=\"obirgatorio\">*<\/span><br \/>\n<span class=\"wpcf7-form-control-wrap text-990\"><input name=\"text-990\" value=\"\" size=\"40\" class=\"wpcf7-form-control wpcf7-text wpcf7-validates-as-required formulario\" aria-required=\"true\" aria-invalid=\"false\" placeholder=\"Digite o nome do(a) pastor(a)\" type=\"text\"><\/span><\/label><\/p>\n<p><label>CPF do(a) pastor(a) <span class=\"obirgatorio\">*<\/span><br \/>\n<span class=\"wpcf7-form-control-wrap number-257\"><input name=\"number-257\" value=\"\" class=\"wpcf7-form-control wpcf7-number wpcf7-validates-as-required wpcf7-validates-as-number\" aria-required=\"true\" aria-invalid=\"false\" placeholder=\"Digite o CPF do(a) pastor(a)\" type=\"number\"><\/span><\/label><\/p>\n<p><label>RG do(a) pastor(a) <span class=\"obirgatorio\">*<\/span><br \/>\n<span class=\"wpcf7-form-control-wrap number-258\"><input name=\"number-258\" value=\"\" class=\"wpcf7-form-control wpcf7-number wpcf7-validates-as-required wpcf7-validates-as-number\" aria-required=\"true\" aria-invalid=\"false\" placeholder=\"Digite o RG do(a) pastor(a)\" type=\"number\"><\/span><\/label><\/p>\n<p><label> E-mail <span class=\"obirgatorio\">*<\/span><br \/>\n<span class=\"wpcf7-form-control-wrap email-462\"><input name=\"email-462\" value=\"\" size=\"40\" class=\"wpcf7-form-control wpcf7-text wpcf7-email wpcf7-validates-as-required wpcf7-validates-as-email\" aria-required=\"true\" aria-invalid=\"false\" placeholder=\"Digite um e-mail para contato\" type=\"email\"><\/span><\/label><\/p>\n<p><label> Telefone <span class=\"obirgatorio\">*<\/span><br \/>\n<span class=\"wpcf7-form-control-wrap tel-559\"><input name=\"tel-559\" value=\"\" size=\"40\" class=\"wpcf7-form-control wpcf7-text wpcf7-tel wpcf7-validates-as-required wpcf7-validates-as-tel\" aria-required=\"true\" aria-invalid=\"false\" placeholder=\"Digite um telefone para contato\" type=\"tel\"><\/span><\/label><\/p>\n<p>\n<\/p>\n<h3>DIRETORIA DO N\u00daCLEO<\/h3>\n<p><label>Nome do(a) Coordenador(a) <span class=\"obirgatorio\">*<\/span><br \/>\n<span class=\"wpcf7-form-control-wrap text-991\"><input name=\"text-991\" value=\"\" size=\"40\" class=\"wpcf7-form-control wpcf7-text wpcf7-validates-as-required formulario\" aria-required=\"true\" aria-invalid=\"false\" placeholder=\"Digite o nome do(a) Coordenador(a)\" type=\"text\"><\/span><\/label><\/p>\n<p><label> E-mail do(a) Coordenador(a) <span class=\"obirgatorio\">*<\/span><br \/>\n<span class=\"wpcf7-form-control-wrap email-463\"><input name=\"email-463\" value=\"\" size=\"40\" class=\"wpcf7-form-control wpcf7-text wpcf7-email wpcf7-validates-as-required wpcf7-validates-as-email\" aria-required=\"true\" aria-invalid=\"false\" placeholder=\"Digite um e-mail para Coordenador(a)\" type=\"email\"><\/span><\/label><\/p>\n<p><label> Telefone do(a) Coordenador(a) <span class=\"obirgatorio\">*<\/span><br \/>\n<span class=\"wpcf7-form-control-wrap tel-560\"><input name=\"tel-560\" value=\"\" size=\"40\" class=\"wpcf7-form-control wpcf7-text wpcf7-tel wpcf7-validates-as-required wpcf7-validates-as-tel\" aria-required=\"true\" aria-invalid=\"false\" placeholder=\"Digite um telefone para Coordenador(a)\" type=\"tel\"><\/span><\/label><\/p>\n<p><label>Nome do(a) Secret\u00e1rio(a)\/Tesoureiro(a) <span class=\"obirgatorio\">*<\/span><br \/>\n<span class=\"wpcf7-form-control-wrap text-992\"><input name=\"text-992\" value=\"\" size=\"40\" class=\"wpcf7-form-control wpcf7-text wpcf7-validates-as-required formulario\" aria-required=\"true\" aria-invalid=\"false\" placeholder=\"Digite o nome do(a) Secret\u00e1rio(a)\/Tesoureiro(a)\" type=\"text\"><\/span><\/label><\/p>\n<p><label> E-mail do(a) Secret\u00e1rio(a)\/Tesoureiro(a) <span class=\"obirgatorio\">*<\/span><br \/>\n<span class=\"wpcf7-form-control-wrap email-464\"><input name=\"email-464\" value=\"\" size=\"40\" class=\"wpcf7-form-control wpcf7-text wpcf7-email wpcf7-validates-as-required wpcf7-validates-as-email\" aria-required=\"true\" aria-invalid=\"false\" placeholder=\"Digite um e-mail para Secret\u00e1rio(a)\/Tesoureiro(a)\" type=\"email\"><\/span><\/label><\/p>\n<p><label> Telefone do(a) Secret\u00e1rio(a)\/Tesoureiro(a) <span class=\"obirgatorio\">*<\/span><br \/>\n<span class=\"wpcf7-form-control-wrap tel-561\"><input name=\"tel-561\" value=\"\" size=\"40\" class=\"wpcf7-form-control wpcf7-text wpcf7-tel wpcf7-validates-as-required wpcf7-validates-as-tel\" aria-required=\"true\" aria-invalid=\"false\" placeholder=\"Digite um telefone para Secret\u00e1rio(a)\/Tesoureiro(a)\" type=\"tel\"><\/span><\/label><\/p>\n<p><label>Nome do(a) Monitor(a) <span class=\"obirgatorio\">*<\/span><br \/>\n<span class=\"wpcf7-form-control-wrap text-993\"><input name=\"text-993\" value=\"\" size=\"40\" class=\"wpcf7-form-control wpcf7-text wpcf7-validates-as-required formulario\" aria-required=\"true\" aria-invalid=\"false\" placeholder=\"Digite o nome do(a) Monitor(a)\" type=\"text\"><\/span><\/label><\/p>\n<p><label> E-mail do(a) Monitor(a) <span class=\"obirgatorio\">*<\/span><br \/>\n<span class=\"wpcf7-form-control-wrap email-465\"><input name=\"email-465\" value=\"\" size=\"40\" class=\"wpcf7-form-control wpcf7-text wpcf7-email wpcf7-validates-as-required wpcf7-validates-as-email\" aria-required=\"true\" aria-invalid=\"false\" placeholder=\"Digite um e-mail para Monitor(a)\" type=\"email\"><\/span><\/label><\/p>\n<p><label> Telefone do(a) Monitor(a) <span class=\"obirgatorio\">*<\/span><br \/>\n<span class=\"wpcf7-form-control-wrap tel-562\"><input name=\"tel-562\" value=\"\" size=\"40\" class=\"wpcf7-form-control wpcf7-text wpcf7-tel wpcf7-validates-as-required wpcf7-validates-as-tel\" aria-required=\"true\" aria-invalid=\"false\" placeholder=\"Digite um telefone para Monitor(a)\" type=\"tel\"><\/span><\/label><\/p>\n<p>\n<\/p>\n<h3>INFORMA\u00c7\u00d5ES ADICIONAIS<\/h3>\n<p><label> Mensagem <span class=\"obirgatorio\">*<\/span><br \/>\n<span class=\"wpcf7-form-control-wrap textarea-618\"><textarea name=\"textarea-618\" cols=\"40\" rows=\"10\" class=\"wpcf7-form-control wpcf7-textarea wpcf7-validates-as-required\" aria-required=\"true\" aria-invalid=\"false\" placeholder=\"Digite sua mensagem\"><\/textarea><\/span><\/label><\/p>\n<p><input value=\"Enviar\" class=\"wpcf7-form-control wpcf7-submit\" type=\"submit\">\n<\/p>\n<\/form>\n<p>&nbsp;<\/p>\n<p style=\"text-align: center;\">Se preferir imprima o formul\u00e1rio e envie por correio.<\/p>\n<p style=\"text-align: center;\"><a href=\"http:\/\/ibicamp.com\/wp-content\/uploads\/2016\/06\/001-SOLICITACAO-DO-NUCLEO-DO-IBICAMP.doc\">BAIXE AQUI O FORMUL\u00c1RIO DE SOLICITACAO DO NUCLEO DO IBICAMP<\/a><\/p>\n","protected":false},"excerpt":{"rendered":"<p>SOLICITA\u00c7\u00c3O DO N\u00daCLEO DO IBICAMP Ao Diretor do Instituto B\u00edblico de Campinas Tendo ci\u00eancia de que a Igreja ser\u00e1 edificada com conhecimentos teol\u00f3gicos baseados na Palavra de Deus, solicitamos a Instala\u00e7\u00e3o do N\u00facleo do IBICAMP, proporcionando-nos o Curso M\u00e9dio em Teologia que satisfar\u00e1 a nossa expectativa no Minist\u00e9rio, tendo homens e mulheres, preparados e capacitados [&hellip;]<\/p>\n","protected":false},"author":1,"featured_media":0,"parent":0,"menu_order":0,"comment_status":"closed","ping_status":"closed","template":"","meta":{"footnotes":""},"_links":{"self":[{"href":"https:\/\/ibicamp.com\/index.php?rest_route=\/wp\/v2\/pages\/637"}],"collection":[{"href":"https:\/\/ibicamp.com\/index.php?rest_route=\/wp\/v2\/pages"}],"about":[{"href":"https:\/\/ibicamp.com\/index.php?rest_route=\/wp\/v2\/types\/page"}],"author":[{"embeddable":true,"href":"https:\/\/ibicamp.com\/index.php?rest_route=\/wp\/v2\/users\/1"}],"replies":[{"embeddable":true,"href":"https:\/\/ibicamp.com\/index.php?rest_route=%2Fwp%2Fv2%2Fcomments&post=637"}],"version-history":[{"count":5,"href":"https:\/\/ibicamp.com\/index.php?rest_route=\/wp\/v2\/pages\/637\/revisions"}],"predecessor-version":[{"id":6739,"href":"https:\/\/ibicamp.com\/index.php?rest_route=\/wp\/v2\/pages\/637\/revisions\/6739"}],"wp:attachment":[{"href":"https:\/\/ibicamp.com\/index.php?rest_route=%2Fwp%2Fv2%2Fmedia&parent=637"}],"curies":[{"name":"wp","href":"https:\/\/api.w.org\/{rel}","templated":true}]}}