{"id":6424,"date":"2024-01-20T11:10:29","date_gmt":"2024-01-20T14:10:29","guid":{"rendered":"https:\/\/ibicamp.com\/?page_id=6424"},"modified":"2024-01-20T11:10:30","modified_gmt":"2024-01-20T14:10:30","slug":"politica-de-privacidade-2","status":"publish","type":"page","link":"https:\/\/ibicamp.com\/?page_id=6424","title":{"rendered":"Pol\u00edtica de privacidade"},"content":{"rendered":"<h2 class=\"wp-block-heading\">Quem somos<\/h2><p>O Ibicamp \u00e9 uma Institui\u00e7\u00e3o Teol\u00f3gica, na categoria Curso Livre, que se preocupa na forma\u00e7\u00e3o de Obreiros para o Minist\u00e9rio Pastoral e promove o crescimento espiritual do corpo de Cristo.<\/p><p>A educa\u00e7\u00e3o abrange os processos formativos que se desenvolvem na vida familiar, na conviv\u00eancia humana, no trabalho, nas institui\u00e7\u00f5es de ensino e pesquisa, nos movimentos sociais e organiza\u00e7\u00f5es da sociedade civil e nas manifesta\u00e7\u00f5es culturais.<\/p><p>A Lei 9394\/96 da legisla\u00e7\u00e3o brasileira disciplina a educa\u00e7\u00e3o escolar, que se desenvolve, predominantemente, por meio do ensino, em institui\u00e7\u00f5es pr\u00f3prias, sabendo que a educa\u00e7\u00e3o escolar dever\u00e1 vincular-se ao mundo do trabalho e \u00e0 pr\u00e1tica social.<\/p><p>A categoria Curso Livre, regulamentada pela legisla\u00e7\u00e3o brasileira, atende ao p\u00fablico a partir do n\u00edvel fundamental, com o objetivo de oferecer profissionaliza\u00e7\u00e3o r\u00e1pida para diversas \u00e1reas de atua\u00e7\u00e3o no mercado de trabalho (inform\u00e1tica, atendimento, secretariado, \u00e1reas do Direito, da Medicina, da Psicologia, etc). J\u00e1 os Cursos Livres de P\u00f3s Gradua\u00e7\u00e3o (Mestrado, Doutorado, P\u00f3s-Doutorado) n\u00e3o s\u00e3o com a finalidade profissionalizante, mas apenas para conhecimento.<\/p><p>E, tamb\u00e9m, conforme entendimento do STF (RTJ 89.367), semin\u00e1rios ou escolas religiosas podem emitir certificados de teologia em n\u00edvel bacharel, gradua\u00e7\u00e3o ou superior para os seus alunos, conforme Parecer CES 241\/99; CES aprovado em 15\/03\/99. Em termos da autonomia acad\u00eamica que a constitui\u00e7\u00e3o assegura, n\u00e3o pode o Estado impedir ou cercear a cria\u00e7\u00e3o destes cursos. Por outro lado, devemos reconhecer que, em n\u00e3o se tratando de uma profiss\u00e3o regulamentada n\u00e3o h\u00e1, de fato, nenhuma necessidade de estabelecer diretrizes curriculares que uniformizem o ensino desta \u00e1rea de conhecimento. Pode o Estado portanto, evitando a regulamenta\u00e7\u00e3o do conte\u00fado do ensino, respeitar plenamente os princ\u00edpios da liberdade religiosa e da separa\u00e7\u00e3o entre Igreja e Estado, permitindo a diversidade de orienta\u00e7\u00f5es. (Parecer CNE\/CES 241\/99).<\/p><p>Desse modo, ficaria assegurado que aspectos gerais da legisla\u00e7\u00e3o do ensino superior que permeiam todos os cursos de gradua\u00e7\u00e3o fossem contemplados na organiza\u00e7\u00e3o dos Cursos Superiores de Teologia, sem distin\u00e7\u00e3o de denomina\u00e7\u00e3o religiosa. De outra parte, em nome da liberdade e pluralidade de religi\u00f5es, tais diretrizes poderiam possibilitar a introdu\u00e7\u00e3o de aspectos espec\u00edficos da \u00e1rea de Teologia, a crit\u00e9rio de cada Institui\u00e7\u00e3o.<\/p><p>Para efeito da integraliza\u00e7\u00e3o dos cr\u00e9ditos para a conclus\u00e3o do curso superior de Teologia nos cursos de Teologia devidamente reconhecidos pelo MEC o portador de certificado oriundo dos cursos livres de Teologia, egressos de Semin\u00e1rios Maiores, Faculdades Teol\u00f3gicas ou Institui\u00e7\u00f5es cong\u00eaneres dever\u00e3o cursar, no m\u00ednimo, 20% (vinte por cento) da carga hor\u00e1ria exigida para a obten\u00e7\u00e3o do diploma de Curso Superior de Teologia, bacharelado. (Parecer CNE\/CES 63\/2004).<\/p><p>A partir da jurisprud\u00eancia firmada no tratamento desses cursos, podem ser estabelecidas algumas regras para que os estudos realizados em cursos livres de Teologia fossem aproveitados em Cursos Superiores de Teologia:<\/p><p>a) comprova\u00e7\u00e3o do certificado do ensino m\u00e9dio ou equivalente;<\/p><p>b) ingresso no curso atrav\u00e9s do processo seletivo do curso de Teologia ou da Institui\u00e7\u00e3o como um todo;<\/p><p>c) que esses cursos tivessem a dura\u00e7\u00e3o de, pelo menos, 1.600 horas;<\/p><p>d) que os interessados comprovassem a conclus\u00e3o dos cursos;<\/p><p>e) apresenta\u00e7\u00e3o do conte\u00fado program\u00e1tico das disciplinas em que pretendem o aproveitamento.<\/p><blockquote class=\"wp-block-quote is-layout-flow wp-block-quote-is-layout-flow\"><p>Vide tamb\u00e9m legisla\u00e7\u00e3o pertinente a Cursos de Bacharel em Teologia Conforme consulta realizada a Central de Atendimento do Minist\u00e9rio da Educa\u00e7\u00e3o Protocolo n\u00ba1627155 em 10 de maio de 2010.<\/p>\n\n<p>Sobre o curso de teologia, o interessado deve consultar a seguinte legisla\u00e7\u00e3o: Parecer CNE\/CES N\u00ba 241\/1999 Parecer CNE\/CES N\u00ba 63\/2004 Parecer CNE\/CES N\u00ba 287\/2004 Parecer CNE\/CES N\u00ba 429\/2005 Parecer CNE\/CES N\u00ba 29\/2006 Parecer CNE\/CES N\u00ba 118\/2009.<\/p><\/blockquote><h2 class=\"wp-block-heading\">Coment\u00e1rios<\/h2><p>Se voc\u00ea envia coment\u00e1rios no site, coletamos os dados mostrados no formul\u00e1rio de coment\u00e1rios, al\u00e9m do endere\u00e7o de IP e de dados do navegador do visitante, para auxiliar na detec\u00e7\u00e3o de spam.<\/p><p>Uma sequ\u00eancia anonimizada de caracteres criada a partir do seu e-mail (tamb\u00e9m chamada de hash) poder\u00e1 ser enviada para o Gravatar para verificar se voc\u00ea usa o servi\u00e7o. A pol\u00edtica de privacidade do Gravatar est\u00e1 dispon\u00edvel aqui: https:\/\/automattic.com\/privacy\/. Depois da aprova\u00e7\u00e3o do seu coment\u00e1rio, a foto do seu perfil fica vis\u00edvel publicamente junto de seu coment\u00e1rio.<\/p><h2 class=\"wp-block-heading\">M\u00eddia<\/h2><p>Se voc\u00ea envia imagens para o site, evite enviar as que contenham dados de localiza\u00e7\u00e3o incorporados (EXIF GPS). Visitantes podem baixar estas imagens do site e extrair delas seus dados de localiza\u00e7\u00e3o.<\/p><h2 class=\"wp-block-heading\">Cookies<\/h2><p>Ao deixar um coment\u00e1rio no site, voc\u00ea poder\u00e1 optar por salvar seu nome, e-mail e site nos cookies. Isso visa seu conforto, assim voc\u00ea n\u00e3o precisar\u00e1 preencher seus  dados novamente quando fizer outro coment\u00e1rio. Estes cookies duram um ano.<\/p><p>Se voc\u00ea tem uma conta e acessa este site, um cookie tempor\u00e1rio ser\u00e1 criado para determinar se seu navegador aceita cookies. Ele n\u00e3o cont\u00e9m nenhum dado pessoal e ser\u00e1 descartado quando voc\u00ea fechar seu navegador.<\/p><p>Quando voc\u00ea acessa sua conta no site, tamb\u00e9m criamos v\u00e1rios cookies para salvar os dados da sua conta e suas escolhas de exibi\u00e7\u00e3o de tela. Cookies de login s\u00e3o mantidos por dois dias e cookies de op\u00e7\u00f5es de tela por um ano. Se voc\u00ea selecionar &#8220;Lembrar-me&#8221;, seu acesso ser\u00e1 mantido por duas semanas. Se voc\u00ea se desconectar da sua conta, os cookies de login ser\u00e3o removidos.<\/p><p>Se voc\u00ea editar ou publicar um artigo, um cookie adicional ser\u00e1 salvo no seu navegador. Este cookie n\u00e3o inclui nenhum dado pessoal e simplesmente indica o ID do post referente ao artigo que voc\u00ea acabou de editar. Ele expira depois de 1 dia.<\/p><h2 class=\"wp-block-heading\">M\u00eddia incorporada de outros sites<\/h2><p>Artigos neste site podem incluir conte\u00fado incorporado como, por exemplo, v\u00eddeos, imagens, artigos, etc. Conte\u00fados incorporados de outros sites se comportam exatamente da mesma forma como se o visitante estivesse visitando o outro site.<\/p><p>Estes sites podem coletar dados sobre voc\u00ea, usar cookies, incorporar rastreamento adicional de terceiros e monitorar sua intera\u00e7\u00e3o com este conte\u00fado incorporado, incluindo sua intera\u00e7\u00e3o com o conte\u00fado incorporado se voc\u00ea tem uma conta e est\u00e1 conectado com o site.<\/p><h2 class=\"wp-block-heading\">Com quem compartilhamos seus dados<\/h2><p>Se voc\u00ea solicitar uma redefini\u00e7\u00e3o de senha, seu endere\u00e7o de IP ser\u00e1 inclu\u00eddo no e-mail de redefini\u00e7\u00e3o de senha.<\/p><h2 class=\"wp-block-heading\">Por quanto tempo mantemos os seus dados<\/h2><p>Se voc\u00ea deixar um coment\u00e1rio, o coment\u00e1rio e os seus metadados s\u00e3o conservados indefinidamente. Fazemos isso para que seja poss\u00edvel reconhecer e aprovar automaticamente qualquer coment\u00e1rio posterior ao inv\u00e9s de ret\u00ea-lo para modera\u00e7\u00e3o.<\/p><p>Para usu\u00e1rios que se registram no nosso site (se houver), tamb\u00e9m guardamos as informa\u00e7\u00f5es pessoais que fornecem no seu perfil de usu\u00e1rio. Todos os usu\u00e1rios podem ver, editar ou excluir suas informa\u00e7\u00f5es pessoais a qualquer momento (s\u00f3 n\u00e3o \u00e9 poss\u00edvel alterar o seu username). Os administradores de sites tamb\u00e9m podem ver e editar estas informa\u00e7\u00f5es.<\/p><h2 class=\"wp-block-heading\">Quais os seus direitos sobre seus dados<\/h2><p>Se voc\u00ea tiver uma conta neste site ou se tiver deixado coment\u00e1rios, pode solicitar um arquivo exportado dos dados pessoais que mantemos sobre voc\u00ea, inclusive quaisquer dados que nos tenha fornecido. Tamb\u00e9m pode solicitar que removamos qualquer dado pessoal que mantemos sobre voc\u00ea. Isto n\u00e3o inclui nenhum dado que somos obrigados a manter para prop\u00f3sitos administrativos, legais ou de seguran\u00e7a.<\/p><h2 class=\"wp-block-heading\">Para onde seus dados s\u00e3o enviados<\/h2><p>Coment\u00e1rios de visitantes podem ser marcados por um servi\u00e7o autom\u00e1tico de detec\u00e7\u00e3o de spam.<\/p>","protected":false},"excerpt":{"rendered":"<p>Quem somos O Ibicamp \u00e9 uma Institui\u00e7\u00e3o Teol\u00f3gica, na categoria Curso Livre, que se preocupa na forma\u00e7\u00e3o de Obreiros para o Minist\u00e9rio Pastoral e promove o crescimento espiritual do corpo de Cristo. A educa\u00e7\u00e3o abrange os processos formativos que se desenvolvem na vida familiar, na conviv\u00eancia humana, no trabalho, nas institui\u00e7\u00f5es de ensino e pesquisa, [&hellip;]<\/p>\n","protected":false},"author":26,"featured_media":0,"parent":0,"menu_order":0,"comment_status":"closed","ping_status":"closed","template":"","meta":{"footnotes":""},"_links":{"self":[{"href":"https:\/\/ibicamp.com\/index.php?rest_route=\/wp\/v2\/pages\/6424"}],"collection":[{"href":"https:\/\/ibicamp.com\/index.php?rest_route=\/wp\/v2\/pages"}],"about":[{"href":"https:\/\/ibicamp.com\/index.php?rest_route=\/wp\/v2\/types\/page"}],"author":[{"embeddable":true,"href":"https:\/\/ibicamp.com\/index.php?rest_route=\/wp\/v2\/users\/26"}],"replies":[{"embeddable":true,"href":"https:\/\/ibicamp.com\/index.php?rest_route=%2Fwp%2Fv2%2Fcomments&post=6424"}],"version-history":[{"count":1,"href":"https:\/\/ibicamp.com\/index.php?rest_route=\/wp\/v2\/pages\/6424\/revisions"}],"predecessor-version":[{"id":6425,"href":"https:\/\/ibicamp.com\/index.php?rest_route=\/wp\/v2\/pages\/6424\/revisions\/6425"}],"wp:attachment":[{"href":"https:\/\/ibicamp.com\/index.php?rest_route=%2Fwp%2Fv2%2Fmedia&parent=6424"}],"curies":[{"name":"wp","href":"https:\/\/api.w.org\/{rel}","templated":true}]}}