{"id":6538,"date":"2024-01-21T00:03:08","date_gmt":"2024-01-21T03:03:08","guid":{"rendered":"https:\/\/ibicamp.com\/?page_id=6538"},"modified":"2024-01-21T00:03:09","modified_gmt":"2024-01-21T03:03:09","slug":"ficha-de-matricula","status":"publish","type":"page","link":"https:\/\/ibicamp.com\/?page_id=6538","title":{"rendered":"Ficha de Matr\u00edcula"},"content":{"rendered":"<style id=\"wpforms-css-vars-root\">\n\t\t\t\t:root {\n\t\t\t\t\t--wpforms-field-border-radius: 3px;\n--wpforms-field-border-style: solid;\n--wpforms-field-border-size: 1px;\n--wpforms-field-background-color: #ffffff;\n--wpforms-field-border-color: rgba( 0, 0, 0, 0.25 );\n--wpforms-field-border-color-spare: rgba( 0, 0, 0, 0.25 );\n--wpforms-field-text-color: rgba( 0, 0, 0, 0.7 );\n--wpforms-field-menu-color: #ffffff;\n--wpforms-label-color: rgba( 0, 0, 0, 0.85 );\n--wpforms-label-sublabel-color: rgba( 0, 0, 0, 0.55 );\n--wpforms-label-error-color: #d63637;\n--wpforms-button-border-radius: 3px;\n--wpforms-button-border-style: none;\n--wpforms-button-border-size: 1px;\n--wpforms-button-background-color: #066aab;\n--wpforms-button-border-color: #066aab;\n--wpforms-button-text-color: #ffffff;\n--wpforms-page-break-color: #066aab;\n--wpforms-background-image: none;\n--wpforms-background-position: center center;\n--wpforms-background-repeat: no-repeat;\n--wpforms-background-size: cover;\n--wpforms-background-width: 100px;\n--wpforms-background-height: 100px;\n--wpforms-background-color: rgba( 0, 0, 0, 0 );\n--wpforms-background-url: none;\n--wpforms-container-padding: 0px;\n--wpforms-container-border-style: none;\n--wpforms-container-border-width: 1px;\n--wpforms-container-border-color: #000000;\n--wpforms-container-border-radius: 3px;\n--wpforms-field-size-input-height: 43px;\n--wpforms-field-size-input-spacing: 15px;\n--wpforms-field-size-font-size: 16px;\n--wpforms-field-size-line-height: 19px;\n--wpforms-field-size-padding-h: 14px;\n--wpforms-field-size-checkbox-size: 16px;\n--wpforms-field-size-sublabel-spacing: 5px;\n--wpforms-field-size-icon-size: 1;\n--wpforms-label-size-font-size: 16px;\n--wpforms-label-size-line-height: 19px;\n--wpforms-label-size-sublabel-font-size: 14px;\n--wpforms-label-size-sublabel-line-height: 17px;\n--wpforms-button-size-font-size: 17px;\n--wpforms-button-size-height: 41px;\n--wpforms-button-size-padding-h: 15px;\n--wpforms-button-size-margin-top: 10px;\n--wpforms-container-shadow-size-box-shadow: none;\n\n\t\t\t\t}\n\t\t\t<\/style><div class=\"wpforms-container wpforms-block wpforms-block-3f9a3bf5-65af-49a7-bbf1-0313a9aa05cc wpforms-render-modern\" id=\"wpforms-6491\"><form id=\"wpforms-form-6491\" class=\"wpforms-validate wpforms-form wpforms-ajax-form\" data-formid=\"6491\" method=\"post\" enctype=\"multipart\/form-data\" action=\"\/index.php?rest_route=%2Fwp%2Fv2%2Fpages%2F6538\" data-token=\"e65c4a7e0424057ae91e699471ae989e\" data-token-time=\"1776181785\"><noscript class=\"wpforms-error-noscript\">Ative o JavaScript no seu navegador para preencher este formul\u00e1rio.<\/noscript><div class=\"wpforms-hidden\" id=\"wpforms-error-noscript\">Ative o JavaScript no seu navegador para preencher este formul\u00e1rio.<\/div><div class=\"wpforms-field-container\"><div id=\"wpforms-6491-field_3-container\" class=\"wpforms-field wpforms-field-select wpforms-field-select-style-classic\" data-field-id=\"3\"><label class=\"wpforms-field-label\" for=\"wpforms-6491-field_3\">Escolha seu curso <span class=\"wpforms-required-label\" aria-hidden=\"true\">*<\/span><\/label><select id=\"wpforms-6491-field_3\" class=\"wpforms-field-large wpforms-field-required\" name=\"wpforms[fields][3]\" required=\"required\"><option value=\"\" class=\"placeholder\" disabled  selected='selected'>Escolha seu curso<\/option><option value=\"CURSO DE CAPELANIA\" >CURSO DE CAPELANIA<\/option><option value=\"CURSO DE CAPACITA\u00c7\u00c3O MINISTERIAL\" >CURSO DE CAPACITA\u00c7\u00c3O MINISTERIAL<\/option><option value=\"CURSO DE PREGADORES\" >CURSO DE PREGADORES<\/option><option value=\"CURSO M\u00c9DIO EM TEOLOGIA (PRESENCIAL)\" >CURSO M\u00c9DIO EM TEOLOGIA (PRESENCIAL)<\/option><option value=\"CURSO M\u00c9DIO EM TEOLOGIA (EAD)\" >CURSO M\u00c9DIO EM TEOLOGIA (EAD)<\/option><option value=\"CURSO M\u00c9DIO EM TEOLOGIA (CORREIOS)\" >CURSO M\u00c9DIO EM TEOLOGIA (CORREIOS)<\/option><option value=\"CURSO AVAN\u00c7ADO EM TEOLOGIA (BACHAREL)\" >CURSO AVAN\u00c7ADO EM TEOLOGIA (BACHAREL)<\/option><option value=\"CURSO CI\u00caNCIA DA RELIGI\u00c3O\" >CURSO CI\u00caNCIA DA RELIGI\u00c3O<\/option><\/select><\/div><div id=\"wpforms-6491-field_0-container\" class=\"wpforms-field wpforms-field-name\" data-field-id=\"0\"><label class=\"wpforms-field-label\" for=\"wpforms-6491-field_0\">Nome Completo <span class=\"wpforms-required-label\" aria-hidden=\"true\">*<\/span><\/label><input type=\"text\" id=\"wpforms-6491-field_0\" class=\"wpforms-field-large wpforms-field-required\" name=\"wpforms[fields][0]\" aria-errormessage=\"wpforms-6491-field_0-error\" required><\/div><div id=\"wpforms-6491-field_35-container\" class=\"wpforms-field wpforms-field-radio wpforms-list-inline\" data-field-id=\"35\"><fieldset><legend class=\"wpforms-field-label\">Sexo <span class=\"wpforms-required-label\" aria-hidden=\"true\">*<\/span><\/legend><ul id=\"wpforms-6491-field_35\" class=\"wpforms-field-required\"><li class=\"choice-1 depth-1\"><input type=\"radio\" id=\"wpforms-6491-field_35_1\" name=\"wpforms[fields][35]\" value=\"Masculino\" aria-errormessage=\"wpforms-6491-field_35_1-error\" required ><label class=\"wpforms-field-label-inline\" for=\"wpforms-6491-field_35_1\">Masculino<\/label><\/li><li class=\"choice-2 depth-1\"><input type=\"radio\" id=\"wpforms-6491-field_35_2\" name=\"wpforms[fields][35]\" value=\"Feminino\" aria-errormessage=\"wpforms-6491-field_35_2-error\" required ><label class=\"wpforms-field-label-inline\" for=\"wpforms-6491-field_35_2\">Feminino<\/label><\/li><\/ul><\/fieldset><\/div><div id=\"wpforms-6491-field_40-container\" class=\"wpforms-field wpforms-field-text wpforms-two-thirds wpforms-first\" data-field-id=\"40\"><label class=\"wpforms-field-label\" for=\"wpforms-6491-field_40\">Endere\u00e7o <span class=\"wpforms-required-label\" aria-hidden=\"true\">*<\/span><\/label><input type=\"text\" id=\"wpforms-6491-field_40\" class=\"wpforms-field-large wpforms-field-required\" name=\"wpforms[fields][40]\" aria-errormessage=\"wpforms-6491-field_40-error\" required><\/div><div id=\"wpforms-6491-field_41-container\" class=\"wpforms-field wpforms-field-text wpforms-one-third\" data-field-id=\"41\"><label class=\"wpforms-field-label\" for=\"wpforms-6491-field_41\">N\u00famero <span class=\"wpforms-required-label\" aria-hidden=\"true\">*<\/span><\/label><input type=\"text\" id=\"wpforms-6491-field_41\" class=\"wpforms-field-large wpforms-field-required\" name=\"wpforms[fields][41]\" aria-errormessage=\"wpforms-6491-field_41-error\" required><\/div><div id=\"wpforms-6491-field_42-container\" class=\"wpforms-field wpforms-field-text wpforms-one-third wpforms-first\" data-field-id=\"42\"><label class=\"wpforms-field-label\" for=\"wpforms-6491-field_42\">Complemento<\/label><input type=\"text\" id=\"wpforms-6491-field_42\" class=\"wpforms-field-large\" name=\"wpforms[fields][42]\" aria-errormessage=\"wpforms-6491-field_42-error\" ><\/div><div id=\"wpforms-6491-field_43-container\" class=\"wpforms-field wpforms-field-text wpforms-two-thirds\" data-field-id=\"43\"><label class=\"wpforms-field-label\" for=\"wpforms-6491-field_43\">Bairro <span class=\"wpforms-required-label\" aria-hidden=\"true\">*<\/span><\/label><input type=\"text\" id=\"wpforms-6491-field_43\" class=\"wpforms-field-large wpforms-field-required\" name=\"wpforms[fields][43]\" aria-errormessage=\"wpforms-6491-field_43-error\" required><\/div><div id=\"wpforms-6491-field_44-container\" class=\"wpforms-field wpforms-field-text wpforms-two-fourths wpforms-first\" data-field-id=\"44\"><label class=\"wpforms-field-label\" for=\"wpforms-6491-field_44\">Cidade <span class=\"wpforms-required-label\" aria-hidden=\"true\">*<\/span><\/label><input type=\"text\" id=\"wpforms-6491-field_44\" class=\"wpforms-field-large wpforms-field-required\" name=\"wpforms[fields][44]\" aria-errormessage=\"wpforms-6491-field_44-error\" required><\/div><div id=\"wpforms-6491-field_45-container\" class=\"wpforms-field wpforms-field-text wpforms-one-fourth\" data-field-id=\"45\"><label class=\"wpforms-field-label\" for=\"wpforms-6491-field_45\">Estado <span class=\"wpforms-required-label\" aria-hidden=\"true\">*<\/span><\/label><input type=\"text\" id=\"wpforms-6491-field_45\" class=\"wpforms-field-large wpforms-field-required\" name=\"wpforms[fields][45]\" aria-errormessage=\"wpforms-6491-field_45-error\" required><\/div><div id=\"wpforms-6491-field_46-container\" class=\"wpforms-field wpforms-field-text wpforms-one-fourth\" data-field-id=\"46\"><label class=\"wpforms-field-label\" for=\"wpforms-6491-field_46\">CEP <span class=\"wpforms-required-label\" aria-hidden=\"true\">*<\/span><\/label><input type=\"text\" id=\"wpforms-6491-field_46\" class=\"wpforms-field-large wpforms-field-required\" name=\"wpforms[fields][46]\" aria-errormessage=\"wpforms-6491-field_46-error\" required><\/div><div id=\"wpforms-6491-field_47-container\" class=\"wpforms-field wpforms-field-text wpforms-one-half wpforms-first\" data-field-id=\"47\"><label class=\"wpforms-field-label\" for=\"wpforms-6491-field_47\">Telefone <span class=\"wpforms-required-label\" aria-hidden=\"true\">*<\/span><\/label><input type=\"text\" id=\"wpforms-6491-field_47\" class=\"wpforms-field-large wpforms-field-required\" name=\"wpforms[fields][47]\" placeholder=\"DDD + N\u00famero\" aria-errormessage=\"wpforms-6491-field_47-error\" required><\/div><div id=\"wpforms-6491-field_48-container\" class=\"wpforms-field wpforms-field-text wpforms-one-half\" data-field-id=\"48\"><label class=\"wpforms-field-label\" for=\"wpforms-6491-field_48\">Data de Nascimento <span class=\"wpforms-required-label\" aria-hidden=\"true\">*<\/span><\/label><input type=\"text\" id=\"wpforms-6491-field_48\" class=\"wpforms-field-large wpforms-field-required\" name=\"wpforms[fields][48]\" placeholder=\"DD\/MM\/AAAA\" aria-errormessage=\"wpforms-6491-field_48-error\" required><\/div><div id=\"wpforms-6491-field_1-container\" class=\"wpforms-field wpforms-field-email\" data-field-id=\"1\"><fieldset><legend class=\"wpforms-field-label\">E-mail <span class=\"wpforms-required-label\" aria-hidden=\"true\">*<\/span><\/legend><div class=\"wpforms-field-row wpforms-field-large\"><div class=\"wpforms-field-row-block wpforms-one-half wpforms-first\"><input type=\"email\" id=\"wpforms-6491-field_1\" class=\"wpforms-field-required wpforms-field-email-primary\" name=\"wpforms[fields][1][primary]\" spellcheck=\"false\" aria-errormessage=\"wpforms-6491-field_1-error\" required><label for=\"wpforms-6491-field_1\" class=\"wpforms-field-sublabel after\">E-mail<\/label><\/div><div class=\"wpforms-field-row-block wpforms-one-half\"><input type=\"email\" id=\"wpforms-6491-field_1-secondary\" class=\"wpforms-field-email-secondary wpforms-field-required\" data-rule-confirm=\"#wpforms-6491-field_1\" name=\"wpforms[fields][1][secondary]\" spellcheck=\"false\" aria-errormessage=\"wpforms-6491-field_1-secondary-error\" required><label for=\"wpforms-6491-field_1-secondary\" class=\"wpforms-field-sublabel after\">Confirmar e-mail<\/label><\/div><\/div><\/fieldset><\/div><div id=\"wpforms-6491-field_49-container\" class=\"wpforms-field wpforms-field-text wpforms-two-thirds wpforms-first\" data-field-id=\"49\"><label class=\"wpforms-field-label\" for=\"wpforms-6491-field_49\">Cidade Natural <span class=\"wpforms-required-label\" aria-hidden=\"true\">*<\/span><\/label><input type=\"text\" id=\"wpforms-6491-field_49\" class=\"wpforms-field-large wpforms-field-required\" name=\"wpforms[fields][49]\" aria-errormessage=\"wpforms-6491-field_49-error\" required><\/div><div id=\"wpforms-6491-field_50-container\" class=\"wpforms-field wpforms-field-text wpforms-one-third\" data-field-id=\"50\"><label class=\"wpforms-field-label\" for=\"wpforms-6491-field_50\">Estado Natural <span class=\"wpforms-required-label\" aria-hidden=\"true\">*<\/span><\/label><input type=\"text\" id=\"wpforms-6491-field_50\" class=\"wpforms-field-large wpforms-field-required\" name=\"wpforms[fields][50]\" aria-errormessage=\"wpforms-6491-field_50-error\" required><\/div><div id=\"wpforms-6491-field_51-container\" class=\"wpforms-field wpforms-field-text wpforms-one-half wpforms-first\" data-field-id=\"51\"><label class=\"wpforms-field-label\" for=\"wpforms-6491-field_51\">Nome do Pai<\/label><input type=\"text\" id=\"wpforms-6491-field_51\" class=\"wpforms-field-large\" name=\"wpforms[fields][51]\" aria-errormessage=\"wpforms-6491-field_51-error\" ><\/div><div id=\"wpforms-6491-field_52-container\" class=\"wpforms-field wpforms-field-text wpforms-one-half\" data-field-id=\"52\"><label class=\"wpforms-field-label\" for=\"wpforms-6491-field_52\">Nome da M\u00e3e <span class=\"wpforms-required-label\" aria-hidden=\"true\">*<\/span><\/label><input type=\"text\" id=\"wpforms-6491-field_52\" class=\"wpforms-field-large wpforms-field-required\" name=\"wpforms[fields][52]\" aria-errormessage=\"wpforms-6491-field_52-error\" required><\/div><div id=\"wpforms-6491-field_53-container\" class=\"wpforms-field wpforms-field-text wpforms-one-half wpforms-first\" data-field-id=\"53\"><label class=\"wpforms-field-label\" for=\"wpforms-6491-field_53\">CPF <span class=\"wpforms-required-label\" aria-hidden=\"true\">*<\/span><\/label><input type=\"text\" id=\"wpforms-6491-field_53\" class=\"wpforms-field-large wpforms-field-required\" name=\"wpforms[fields][53]\" aria-errormessage=\"wpforms-6491-field_53-error\" required><\/div><div id=\"wpforms-6491-field_54-container\" class=\"wpforms-field wpforms-field-text wpforms-one-half\" data-field-id=\"54\"><label class=\"wpforms-field-label\" for=\"wpforms-6491-field_54\">RG <span class=\"wpforms-required-label\" aria-hidden=\"true\">*<\/span><\/label><input type=\"text\" id=\"wpforms-6491-field_54\" class=\"wpforms-field-large wpforms-field-required\" name=\"wpforms[fields][54]\" aria-errormessage=\"wpforms-6491-field_54-error\" required><\/div><div id=\"wpforms-6491-field_34-container\" class=\"wpforms-field wpforms-field-select wpforms-one-half wpforms-first wpforms-field-select-style-classic\" data-field-id=\"34\"><label class=\"wpforms-field-label\" for=\"wpforms-6491-field_34\">Escolaridade <span class=\"wpforms-required-label\" aria-hidden=\"true\">*<\/span><\/label><select id=\"wpforms-6491-field_34\" class=\"wpforms-field-large wpforms-field-required\" name=\"wpforms[fields][34]\" required=\"required\"><option value=\"\" class=\"placeholder\" disabled  selected='selected'>Sua Escolaridade<\/option><option value=\"Sem escolaridade\" >Sem escolaridade<\/option><option value=\"Ensino Fundamental\" >Ensino Fundamental<\/option><option value=\"Ensino M\u00e9dio\" >Ensino M\u00e9dio<\/option><option value=\"Ensino Superior (completo)\" >Ensino Superior (completo)<\/option><option value=\"Ensino Superior (incompleto)\" >Ensino Superior (incompleto)<\/option><option value=\"Especializa\u00e7\u00e3o\" >Especializa\u00e7\u00e3o<\/option><option value=\"Bacharelado\" >Bacharelado<\/option><option value=\"Doutorado\" >Doutorado<\/option><option value=\"Mestrado\" >Mestrado<\/option><\/select><\/div><div id=\"wpforms-6491-field_55-container\" class=\"wpforms-field wpforms-field-text wpforms-one-half\" data-field-id=\"55\"><label class=\"wpforms-field-label\" for=\"wpforms-6491-field_55\">Profiss\u00e3o <span class=\"wpforms-required-label\" aria-hidden=\"true\">*<\/span><\/label><input type=\"text\" id=\"wpforms-6491-field_55\" class=\"wpforms-field-large wpforms-field-required\" name=\"wpforms[fields][55]\" aria-errormessage=\"wpforms-6491-field_55-error\" required><\/div><div id=\"wpforms-6491-field_26-container\" class=\"wpforms-field wpforms-field-radio wpforms-one-third wpforms-first wpforms-list-inline\" data-field-id=\"26\"><fieldset><legend class=\"wpforms-field-label\">Estado Civil <span class=\"wpforms-required-label\" aria-hidden=\"true\">*<\/span><\/legend><ul id=\"wpforms-6491-field_26\" class=\"wpforms-field-required\"><li class=\"choice-1 depth-1\"><input type=\"radio\" id=\"wpforms-6491-field_26_1\" name=\"wpforms[fields][26]\" value=\"Solteiro\" aria-errormessage=\"wpforms-6491-field_26_1-error\" required ><label class=\"wpforms-field-label-inline\" for=\"wpforms-6491-field_26_1\">Solteiro<\/label><\/li><li class=\"choice-2 depth-1\"><input type=\"radio\" id=\"wpforms-6491-field_26_2\" name=\"wpforms[fields][26]\" value=\"Casado\" aria-errormessage=\"wpforms-6491-field_26_2-error\" required ><label class=\"wpforms-field-label-inline\" for=\"wpforms-6491-field_26_2\">Casado<\/label><\/li><li class=\"choice-3 depth-1\"><input type=\"radio\" id=\"wpforms-6491-field_26_3\" name=\"wpforms[fields][26]\" value=\"Divorciado\" aria-errormessage=\"wpforms-6491-field_26_3-error\" required ><label class=\"wpforms-field-label-inline\" for=\"wpforms-6491-field_26_3\">Divorciado<\/label><\/li><li class=\"choice-4 depth-1\"><input type=\"radio\" id=\"wpforms-6491-field_26_4\" name=\"wpforms[fields][26]\" value=\"Outros\" aria-errormessage=\"wpforms-6491-field_26_4-error\" required ><label class=\"wpforms-field-label-inline\" for=\"wpforms-6491-field_26_4\">Outros<\/label><\/li><\/ul><\/fieldset><\/div><div id=\"wpforms-6491-field_56-container\" class=\"wpforms-field wpforms-field-text wpforms-two-thirds\" data-field-id=\"56\"><label class=\"wpforms-field-label\" for=\"wpforms-6491-field_56\">Nome do C\u00f4njuge<\/label><input type=\"text\" id=\"wpforms-6491-field_56\" class=\"wpforms-field-large\" name=\"wpforms[fields][56]\" aria-errormessage=\"wpforms-6491-field_56-error\" ><\/div><div id=\"wpforms-6491-field_57-container\" class=\"wpforms-field wpforms-field-text wpforms-one-half wpforms-first\" data-field-id=\"57\"><label class=\"wpforms-field-label\" for=\"wpforms-6491-field_57\">Data da Convers\u00e3o <span class=\"wpforms-required-label\" aria-hidden=\"true\">*<\/span><\/label><input type=\"text\" id=\"wpforms-6491-field_57\" class=\"wpforms-field-large wpforms-field-required\" name=\"wpforms[fields][57]\" placeholder=\"DD\/MM\/AAAA\" aria-errormessage=\"wpforms-6491-field_57-error\" required><\/div><div id=\"wpforms-6491-field_58-container\" class=\"wpforms-field wpforms-field-text wpforms-one-half\" data-field-id=\"58\"><label class=\"wpforms-field-label\" for=\"wpforms-6491-field_58\">Data de Batismo <span class=\"wpforms-required-label\" aria-hidden=\"true\">*<\/span><\/label><input type=\"text\" id=\"wpforms-6491-field_58\" class=\"wpforms-field-large wpforms-field-required\" name=\"wpforms[fields][58]\" placeholder=\"DD\/MM\/AAAA\" aria-errormessage=\"wpforms-6491-field_58-error\" required><\/div><div id=\"wpforms-6491-field_59-container\" class=\"wpforms-field wpforms-field-text\" data-field-id=\"59\"><label class=\"wpforms-field-label\" for=\"wpforms-6491-field_59\">Denomina\u00e7\u00e3o <span class=\"wpforms-required-label\" aria-hidden=\"true\">*<\/span><\/label><input type=\"text\" id=\"wpforms-6491-field_59\" class=\"wpforms-field-large wpforms-field-required\" name=\"wpforms[fields][59]\" aria-errormessage=\"wpforms-6491-field_59-error\" required><\/div><div id=\"wpforms-6491-field_60-container\" class=\"wpforms-field wpforms-field-text\" data-field-id=\"60\"><label class=\"wpforms-field-label\" for=\"wpforms-6491-field_60\">Endere\u00e7o da Igreja <span class=\"wpforms-required-label\" aria-hidden=\"true\">*<\/span><\/label><input type=\"text\" id=\"wpforms-6491-field_60\" class=\"wpforms-field-large wpforms-field-required\" name=\"wpforms[fields][60]\" aria-errormessage=\"wpforms-6491-field_60-error\" required><\/div><div id=\"wpforms-6491-field_61-container\" class=\"wpforms-field wpforms-field-text wpforms-one-half wpforms-first\" data-field-id=\"61\"><label class=\"wpforms-field-label\" for=\"wpforms-6491-field_61\">Sua Fun\u00e7\u00e3o na Igreja <span class=\"wpforms-required-label\" aria-hidden=\"true\">*<\/span><\/label><input type=\"text\" id=\"wpforms-6491-field_61\" class=\"wpforms-field-large wpforms-field-required\" name=\"wpforms[fields][61]\" aria-errormessage=\"wpforms-6491-field_61-error\" required><\/div><div id=\"wpforms-6491-field_62-container\" class=\"wpforms-field wpforms-field-text wpforms-one-half\" data-field-id=\"62\"><label class=\"wpforms-field-label\" for=\"wpforms-6491-field_62\">Telefone da Igreja <span class=\"wpforms-required-label\" aria-hidden=\"true\">*<\/span><\/label><input type=\"text\" id=\"wpforms-6491-field_62\" class=\"wpforms-field-large wpforms-field-required\" name=\"wpforms[fields][62]\" placeholder=\"DDD + N\u00famero\" aria-errormessage=\"wpforms-6491-field_62-error\" required><\/div><div id=\"wpforms-6491-field_63-container\" class=\"wpforms-field wpforms-field-text\" data-field-id=\"63\"><label class=\"wpforms-field-label\" for=\"wpforms-6491-field_63\">Nome do(a) seu(sua) Pastor(a) <span class=\"wpforms-required-label\" aria-hidden=\"true\">*<\/span><\/label><input type=\"text\" id=\"wpforms-6491-field_63\" class=\"wpforms-field-large wpforms-field-required\" name=\"wpforms[fields][63]\" aria-errormessage=\"wpforms-6491-field_63-error\" required><\/div><div id=\"wpforms-6491-field_2-container\" class=\"wpforms-field wpforms-field-textarea\" data-field-id=\"2\"><label class=\"wpforms-field-label\" for=\"wpforms-6491-field_2\">Informa\u00e7\u00f5es adicionais<\/label><textarea id=\"wpforms-6491-field_2\" class=\"wpforms-field-large\" name=\"wpforms[fields][2]\" aria-errormessage=\"wpforms-6491-field_2-error\" ><\/textarea><\/div><div id=\"wpforms-6491-field_15-container\" class=\"wpforms-field wpforms-field-gdpr-checkbox\" data-field-id=\"15\"><label class=\"wpforms-field-label\">Contrato GDPR <span class=\"wpforms-required-label\" aria-hidden=\"true\">*<\/span><\/label><ul id=\"wpforms-6491-field_15\" class=\"wpforms-field-required\"><li class=\"choice-1\"><input type=\"checkbox\" id=\"wpforms-6491-field_15_1\" name=\"wpforms[fields][15][]\" value=\"Eu concordo que este site armazene minhas informa\u00e7\u00f5es enviadas, \u00fanica e exclusivamente para fins acad\u00eamicos, por tempo indeterminado.\" aria-errormessage=\"wpforms-6491-field_15_1-error\" required ><label class=\"wpforms-field-label-inline\" for=\"wpforms-6491-field_15_1\">Eu concordo que este site armazene minhas informa\u00e7\u00f5es enviadas, \u00fanica e exclusivamente para fins acad\u00eamicos, por tempo indeterminado.<\/label><\/li><\/ul><\/div><\/div><!-- .wpforms-field-container --><div class=\"wpforms-submit-container\" ><input type=\"hidden\" name=\"wpforms[id]\" value=\"6491\"><input type=\"hidden\" name=\"page_title\" value=\"\"><input type=\"hidden\" name=\"page_url\" value=\"https:\/\/ibicamp.com\/index.php?rest_route=%2Fwp%2Fv2%2Fpages%2F6538\"><button type=\"submit\" name=\"wpforms[submit]\" id=\"wpforms-submit-6491\" class=\"wpforms-submit\" data-alt-text=\"Enviando\u2026\" data-submit-text=\"Enviar\" aria-live=\"assertive\" value=\"wpforms-submit\">Enviar<\/button><img decoding=\"async\" src=\"https:\/\/ibicamp.com\/wp-content\/plugins\/wpforms-lite\/assets\/images\/submit-spin.svg\" class=\"wpforms-submit-spinner\" style=\"display: none;\" width=\"26\" height=\"26\" alt=\"Carregando\"><\/div><\/form><\/div>  <!-- .wpforms-container -->","protected":false},"excerpt":{"rendered":"","protected":false},"author":26,"featured_media":0,"parent":0,"menu_order":0,"comment_status":"closed","ping_status":"closed","template":"","meta":{"footnotes":""},"_links":{"self":[{"href":"https:\/\/ibicamp.com\/index.php?rest_route=\/wp\/v2\/pages\/6538"}],"collection":[{"href":"https:\/\/ibicamp.com\/index.php?rest_route=\/wp\/v2\/pages"}],"about":[{"href":"https:\/\/ibicamp.com\/index.php?rest_route=\/wp\/v2\/types\/page"}],"author":[{"embeddable":true,"href":"https:\/\/ibicamp.com\/index.php?rest_route=\/wp\/v2\/users\/26"}],"replies":[{"embeddable":true,"href":"https:\/\/ibicamp.com\/index.php?rest_route=%2Fwp%2Fv2%2Fcomments&post=6538"}],"version-history":[{"count":3,"href":"https:\/\/ibicamp.com\/index.php?rest_route=\/wp\/v2\/pages\/6538\/revisions"}],"predecessor-version":[{"id":6781,"href":"https:\/\/ibicamp.com\/index.php?rest_route=\/wp\/v2\/pages\/6538\/revisions\/6781"}],"wp:attachment":[{"href":"https:\/\/ibicamp.com\/index.php?rest_route=%2Fwp%2Fv2%2Fmedia&parent=6538"}],"curies":[{"name":"wp","href":"https:\/\/api.w.org\/{rel}","templated":true}]}}