{"id":8,"date":"2016-05-24T14:30:55","date_gmt":"2016-05-24T14:30:55","guid":{"rendered":"http:\/\/ibicamp.com\/?page_id=8"},"modified":"2024-03-21T21:47:29","modified_gmt":"2024-03-22T00:47:29","slug":"diretoria","status":"publish","type":"page","link":"https:\/\/ibicamp.com\/?page_id=8","title":{"rendered":"DIRETORIA ESTATUT\u00c1RIA"},"content":{"rendered":"<p>Entendendo a urg\u00eancia do momento e o iminente retorno de Cristo, a nova Diretoria do IBICAMP, eleita no dia 26 de mar\u00e7o de 2012, surge com uma nova proposta de trabalho para Campinas e Regi\u00e3o com possibilidades de estender as atividades do IBICAMP, a todo o territ\u00f3rio nacional, a fim de acelerar o preparo de obreiros na presente d\u00e9cada.<\/p>\n<p>Novos Cursos em hor\u00e1rios distintos ser\u00e3o implantados com a finalidade de colocar os Cursos do IBICAMP ao alcance do aluno.<\/p>\n<p><strong>Presidente: Pr. Jorge Oliveira do Valle<\/strong><br \/>\n1\u00ba Vice-Presidente: Raquel Cardoso do Valle<br \/>\n2\u00ba Vice-Presidente: Pr. Paulo Freire Costa<br \/>\n1\u00ba Secret\u00e1rio: Jonas de Andrade Lenso<br \/>\n2\u00ba Secret\u00e1rio: Marcelo Cardos do Valle<br \/>\n1\u00ba Tesoureiro: Marcio Matta da Silva<br \/>\n2\u00ba Tesoureiro: Mario Demonti Filh<\/p>\n<p><strong>Conselho Fiscal<\/strong><br \/>\nPr. Rui Basso<br \/>\nPr. Derci Gon\u00e7alves de Souza<br \/>\nPr. La\u00e9rcio Ferreira da Silva<br \/>\nVogal:<br \/>\nPr.\u00a0 Marcio Matta da Silva.<\/p>\n<p><strong>DIRETORIA<\/strong><br \/>\nPr. Jorge Valle-Diretor Executivo<br \/>\nProf.Reinaldo Pinheiro &#8211; Dir. Pedag\u00f3gico<br \/>\nRaquel Valle &#8211; Secret\u00e1ria<\/p>\n<p><img fetchpriority=\"high\" decoding=\"async\" class=\"alignnone size-medium wp-image-2493\" src=\"http:\/\/ibicamp.com\/wp-content\/uploads\/2016\/05\/diretoria_big-1-300x233.jpg\" alt=\"diretoria_big\" width=\"300\" height=\"233\" srcset=\"https:\/\/ibicamp.com\/wp-content\/uploads\/2016\/05\/diretoria_big-1-300x233.jpg 300w, https:\/\/ibicamp.com\/wp-content\/uploads\/2016\/05\/diretoria_big-1-200x155.jpg 200w, https:\/\/ibicamp.com\/wp-content\/uploads\/2016\/05\/diretoria_big-1-170x132.jpg 170w, https:\/\/ibicamp.com\/wp-content\/uploads\/2016\/05\/diretoria_big-1.jpg 430w\" sizes=\"(max-width: 300px) 100vw, 300px\" \/><\/p>\n","protected":false},"excerpt":{"rendered":"<p>Entendendo a urg\u00eancia do momento e o iminente retorno de Cristo, a nova Diretoria do IBICAMP, eleita no dia 26 de mar\u00e7o de 2012, surge com uma nova proposta de trabalho para Campinas e Regi\u00e3o com possibilidades de estender as atividades do IBICAMP, a todo o territ\u00f3rio nacional, a fim de acelerar o preparo de [&hellip;]<\/p>\n","protected":false},"author":1,"featured_media":0,"parent":0,"menu_order":0,"comment_status":"closed","ping_status":"closed","template":"","meta":{"footnotes":""},"_links":{"self":[{"href":"https:\/\/ibicamp.com\/index.php?rest_route=\/wp\/v2\/pages\/8"}],"collection":[{"href":"https:\/\/ibicamp.com\/index.php?rest_route=\/wp\/v2\/pages"}],"about":[{"href":"https:\/\/ibicamp.com\/index.php?rest_route=\/wp\/v2\/types\/page"}],"author":[{"embeddable":true,"href":"https:\/\/ibicamp.com\/index.php?rest_route=\/wp\/v2\/users\/1"}],"replies":[{"embeddable":true,"href":"https:\/\/ibicamp.com\/index.php?rest_route=%2Fwp%2Fv2%2Fcomments&post=8"}],"version-history":[{"count":6,"href":"https:\/\/ibicamp.com\/index.php?rest_route=\/wp\/v2\/pages\/8\/revisions"}],"predecessor-version":[{"id":6685,"href":"https:\/\/ibicamp.com\/index.php?rest_route=\/wp\/v2\/pages\/8\/revisions\/6685"}],"wp:attachment":[{"href":"https:\/\/ibicamp.com\/index.php?rest_route=%2Fwp%2Fv2%2Fmedia&parent=8"}],"curies":[{"name":"wp","href":"https:\/\/api.w.org\/{rel}","templated":true}]}}