{"id":880,"date":"2016-07-26T13:49:34","date_gmt":"2016-07-26T13:49:34","guid":{"rendered":"http:\/\/ibicamp.com\/?page_id=880"},"modified":"2016-10-30T00:04:12","modified_gmt":"2016-10-30T00:04:12","slug":"mapa-do-site","status":"publish","type":"page","link":"https:\/\/ibicamp.com\/?page_id=880","title":{"rendered":"Mapa do site"},"content":{"rendered":"<p>IBICAMP &#8211; INSTITUTO B\u00cdBLICO DE CAMPINAS<\/p>\n<p>AVENIDA DR. CAMPOS SALLES, N\u00ba 378, CENTRO CAMPINAS, SP<\/p>\n<p>19 3234 9317 \u00a0| \u00a0ibcamp@ibcamp.com.br<\/p>\n<p>&nbsp;<\/p>\n<ul>\n<li><span style=\"color: #000080;\"><a style=\"color: #000080;\" href=\"http:\/\/ibicamp.com\/\">HOME<\/a><\/span><\/li>\n<li><span style=\"color: #000080;\"><a style=\"color: #000080;\" href=\"http:\/\/ibicamp.com\/?page_id=2\">QUEM SOMOS<\/a><\/span>\n<ul>\n<li><a style=\"color: #000080;\" href=\"http:\/\/ibicamp.com\/?page_id=2\">HIST\u00d3RICO<\/a><\/li>\n<li><span style=\"color: #000080;\"><a style=\"color: #000080;\" href=\"http:\/\/ibicamp.com\/?page_id=475\">AMPARO LEGAL<\/a><\/span><\/li>\n<li><span style=\"color: #000080;\"><a style=\"color: #000080;\" href=\"http:\/\/ibicamp.com\/?page_id=8\">DIRETORIA<\/a><\/span><\/li>\n<li><span style=\"color: #000080;\"><a style=\"color: #000080;\" href=\"http:\/\/ibicamp.com\/?page_id=420\">PRESID\u00caNCIA<\/a><\/span><\/li>\n<li><span style=\"color: #000080;\"><a style=\"color: #000080;\" href=\"http:\/\/ibicamp.com\/?page_id=11\">PROFESSORES<\/a><\/span><\/li>\n<\/ul>\n<\/li>\n<li><span style=\"color: #000080;\"><a style=\"color: #000080;\" href=\"http:\/\/ibicamp.com\/?page_id=8\">DIRETORIA<\/a><\/span><\/li>\n<li><a href=\"http:\/\/ibicamp.com\/?page_id=441\">N\u00daCLEO IBICAMP<\/a>\n<ul>\n<li><span style=\"color: #000080;\"><a style=\"color: #000080;\" href=\"http:\/\/ibicamp.com\/?page_id=637\">SOLICITAR N\u00daCLEO<\/a><\/span><\/li>\n<\/ul>\n<\/li>\n<li><span style=\"color: #000080;\"><a style=\"color: #000080;\" href=\"http:\/\/ibicamp.com\/?page_id=11\">PROFESSORES<\/a><\/span><\/li>\n<li><span style=\"color: #000080;\"><a style=\"color: #000080;\" href=\"http:\/\/ibicamp.com\/?cat=1\">NOT\u00cdCIAS<\/a><\/span><\/li>\n<li><span style=\"color: #000080;\"><a style=\"color: #000080;\" href=\"http:\/\/ibicamp.com\/?cat=10\">ARTIGOS<\/a><\/span><\/li>\n<li><span style=\"color: #000080;\"><a style=\"color: #000080;\" href=\"http:\/\/ibicamp.com\/?page_id=15\">CONTATO<\/a><\/span><\/li>\n<li><span style=\"color: #000080;\"><a style=\"color: #000080;\" href=\"http:\/\/ibicamp.com\/?page_id=882\">POL\u00cdTICA DE PRIVACIDADE<\/a><\/span><\/li>\n<li><span style=\"color: #000080;\"><a style=\"color: #000080;\" href=\"http:\/\/ibicamp.com\/wp-admin\">PAINEL ADMINISTRATIVO<\/a><\/span><\/li>\n<\/ul>\n","protected":false},"excerpt":{"rendered":"<p>IBICAMP &#8211; INSTITUTO B\u00cdBLICO DE CAMPINAS AVENIDA DR. CAMPOS SALLES, N\u00ba 378, CENTRO CAMPINAS, SP 19 3234 9317 \u00a0| \u00a0ibcamp@ibcamp.com.br &nbsp; HOME QUEM SOMOS HIST\u00d3RICO AMPARO LEGAL DIRETORIA PRESID\u00caNCIA PROFESSORES DIRETORIA N\u00daCLEO IBICAMP SOLICITAR N\u00daCLEO PROFESSORES NOT\u00cdCIAS ARTIGOS CONTATO POL\u00cdTICA DE PRIVACIDADE PAINEL ADMINISTRATIVO<\/p>\n","protected":false},"author":1,"featured_media":0,"parent":0,"menu_order":0,"comment_status":"closed","ping_status":"closed","template":"","meta":{"footnotes":""},"_links":{"self":[{"href":"https:\/\/ibicamp.com\/index.php?rest_route=\/wp\/v2\/pages\/880"}],"collection":[{"href":"https:\/\/ibicamp.com\/index.php?rest_route=\/wp\/v2\/pages"}],"about":[{"href":"https:\/\/ibicamp.com\/index.php?rest_route=\/wp\/v2\/types\/page"}],"author":[{"embeddable":true,"href":"https:\/\/ibicamp.com\/index.php?rest_route=\/wp\/v2\/users\/1"}],"replies":[{"embeddable":true,"href":"https:\/\/ibicamp.com\/index.php?rest_route=%2Fwp%2Fv2%2Fcomments&post=880"}],"version-history":[{"count":5,"href":"https:\/\/ibicamp.com\/index.php?rest_route=\/wp\/v2\/pages\/880\/revisions"}],"predecessor-version":[{"id":1171,"href":"https:\/\/ibicamp.com\/index.php?rest_route=\/wp\/v2\/pages\/880\/revisions\/1171"}],"wp:attachment":[{"href":"https:\/\/ibicamp.com\/index.php?rest_route=%2Fwp%2Fv2%2Fmedia&parent=880"}],"curies":[{"name":"wp","href":"https:\/\/api.w.org\/{rel}","templated":true}]}}