{"id":882,"date":"2016-07-26T13:50:43","date_gmt":"2016-07-26T13:50:43","guid":{"rendered":"http:\/\/ibicamp.com\/?page_id=882"},"modified":"2016-07-26T13:55:39","modified_gmt":"2016-07-26T13:55:39","slug":"politica-de-privacidade","status":"publish","type":"page","link":"https:\/\/ibicamp.com\/?page_id=882","title":{"rendered":"Pol\u00edtica de privacidade"},"content":{"rendered":"<p>A presente Pol\u00edtica de Privacidade do portal www.ibicamp.com contem todas as informa\u00e7\u00f5es e diretrizes de como a institui\u00e7\u00e3o IBICAMP\u00a0protege suas informa\u00e7\u00f5es no ambiente da web.<\/p>\n<p>As informa\u00e7\u00f5es contidas neste portal s\u00e3o de uso exclusivo do Ibicamp para fins educativos ou de divulga\u00e7\u00e3o dos servi\u00e7os prestados pela institui\u00e7\u00e3o. Todo o conte\u00fado do site, como, imagens, fotos, logo, Artigos e textos, s\u00e3o de autoria e propriedade exclusiva do Ibicamp, sendo a esta reservada todos os direitos sobre os mesmos.<\/p>\n<p>A reprodu\u00e7\u00e3o ou a altera\u00e7\u00e3o parcial ou total do conte\u00fado contido no site \u00e9 expressamente proibida. O Ibicamp se compromete a n\u00e3o fornecer informa\u00e7\u00f5es de usu\u00e1rios coletadas no web site para terceiros, sem seu pr\u00e9vio consentimento, exceto nos casos em que: Haja determina\u00e7\u00e3o judicial ou exista a necessidade de identificar ou revelar dados do usu\u00e1rio que esteja utilizando o web site com prop\u00f3sitos il\u00edcitos.<\/p>\n<p>Cabe ao usu\u00e1rio fornecer informa\u00e7\u00f5es ver\u00eddicas, e zelar pelos seus dados ao acessar a Internet. A qualquer momento o Ibicamp poder\u00e1 alterar esta pol\u00edtica de privacidade, todas estas altera\u00e7\u00f5es ser\u00e3o atualizadas neste p\u00e1gina.<\/p>\n<p><em>Ibicamp.<\/em><\/p>\n","protected":false},"excerpt":{"rendered":"<p>A presente Pol\u00edtica de Privacidade do portal www.ibicamp.com contem todas as informa\u00e7\u00f5es e diretrizes de como a institui\u00e7\u00e3o IBICAMP\u00a0protege suas informa\u00e7\u00f5es no ambiente da web. As informa\u00e7\u00f5es contidas neste portal s\u00e3o de uso exclusivo do Ibicamp para fins educativos ou de divulga\u00e7\u00e3o dos servi\u00e7os prestados pela institui\u00e7\u00e3o. Todo o conte\u00fado do site, como, imagens, fotos, [&hellip;]<\/p>\n","protected":false},"author":1,"featured_media":0,"parent":0,"menu_order":0,"comment_status":"closed","ping_status":"closed","template":"","meta":{"footnotes":""},"_links":{"self":[{"href":"https:\/\/ibicamp.com\/index.php?rest_route=\/wp\/v2\/pages\/882"}],"collection":[{"href":"https:\/\/ibicamp.com\/index.php?rest_route=\/wp\/v2\/pages"}],"about":[{"href":"https:\/\/ibicamp.com\/index.php?rest_route=\/wp\/v2\/types\/page"}],"author":[{"embeddable":true,"href":"https:\/\/ibicamp.com\/index.php?rest_route=\/wp\/v2\/users\/1"}],"replies":[{"embeddable":true,"href":"https:\/\/ibicamp.com\/index.php?rest_route=%2Fwp%2Fv2%2Fcomments&post=882"}],"version-history":[{"count":3,"href":"https:\/\/ibicamp.com\/index.php?rest_route=\/wp\/v2\/pages\/882\/revisions"}],"predecessor-version":[{"id":885,"href":"https:\/\/ibicamp.com\/index.php?rest_route=\/wp\/v2\/pages\/882\/revisions\/885"}],"wp:attachment":[{"href":"https:\/\/ibicamp.com\/index.php?rest_route=%2Fwp%2Fv2%2Fmedia&parent=882"}],"curies":[{"name":"wp","href":"https:\/\/api.w.org\/{rel}","templated":true}]}}