{"id":923,"date":"2016-08-12T02:44:13","date_gmt":"2016-08-12T02:44:13","guid":{"rendered":"http:\/\/ibicamp.com\/?page_id=923"},"modified":"2016-08-12T02:44:13","modified_gmt":"2016-08-12T02:44:13","slug":"carrinho","status":"publish","type":"page","link":"https:\/\/ibicamp.com\/?page_id=923","title":{"rendered":"Carrinho"},"content":{"rendered":"<div class=\"woocommerce\"><div class=\"woocommerce-notices-wrapper\"><\/div>\n<form action=\"https:\/\/ibicamp.com\/index.php?rest_route=%2Fwp%2Fv2%2Fpages%2F923\" method=\"post\">\n\n\n<table class=\"shop_table cart\" cellspacing=\"0\">\n\t<thead>\n\t\t<tr>\n\t\t\t<th class=\"product-remove\">&nbsp;<\/th>\n\t\t\t<th class=\"product-thumbnail\">&nbsp;<\/th>\n\t\t\t<th class=\"product-name\">Produto<\/th>\n\t\t\t<th class=\"product-price\">Pre\u00e7o<\/th>\n\t\t\t<th class=\"product-quantity\">Quantidade<\/th>\n\t\t\t<th class=\"product-subtotal\">Total<\/th>\n\t\t<\/tr>\n\t<\/thead>\n\t<tbody>\n\t\t\n\t\t\t\t\t\t<tr class=\"cart_item\">\n\n\t\t\t\t\t<td class=\"product-remove\">\n\t\t\t\t\t\t<a href=\"https:\/\/ibicamp.com\/index.php?rest_route=%2Fwp%2Fv2%2Fpages%2F923&#038;remove_item=e11943a6031a0e6114ae69c257617980&#038;_wpnonce=5fd029956c\" class=\"remove\" title=\"Remove este item\" data-product_id=\"1431\" data-product_sku=\"\">&times;<\/a>\t\t\t\t\t<\/td>\n\n\t\t\t\t\t<td class=\"product-thumbnail\">\n\t\t\t\t\t\t<a href=\"https:\/\/ibicamp.com\/?product=10-teologia-sistematica-ii\"><img decoding=\"async\" width=\"200\" height=\"200\" src=\"https:\/\/ibicamp.com\/wp-content\/uploads\/2016\/12\/4.1-Teologia-Sistematica-II-200x200.jpg\" class=\"attachment-woocommerce_thumbnail size-woocommerce_thumbnail\" alt=\"\" srcset=\"https:\/\/ibicamp.com\/wp-content\/uploads\/2016\/12\/4.1-Teologia-Sistematica-II-200x200.jpg 200w, https:\/\/ibicamp.com\/wp-content\/uploads\/2016\/12\/4.1-Teologia-Sistematica-II-100x100.jpg 100w, https:\/\/ibicamp.com\/wp-content\/uploads\/2016\/12\/4.1-Teologia-Sistematica-II-150x150.jpg 150w, https:\/\/ibicamp.com\/wp-content\/uploads\/2016\/12\/4.1-Teologia-Sistematica-II-83x83.jpg 83w, https:\/\/ibicamp.com\/wp-content\/uploads\/2016\/12\/4.1-Teologia-Sistematica-II-170x171.jpg 170w\" sizes=\"(max-width: 200px) 100vw, 200px\" \/><\/a>\t\t\t\t\t<\/td>\n\n\t\t\t\t\t<td class=\"product-name\">\n\t\t\t\t\t\t<a href=\"https:\/\/ibicamp.com\/?product=10-teologia-sistematica-ii\">10- TEOLOGIA SISTEM\u00c1TICA II <\/a>\t\t\t\t\t<\/td>\n\n\t\t\t\t\t<td class=\"product-price\">\n\t\t\t\t\t\t<span class=\"woocommerce-Price-amount amount\"><bdi><span class=\"woocommerce-Price-currencySymbol\">&#82;&#36;<\/span>40,00<\/bdi><\/span>\t\t\t\t\t<\/td>\n\n\t\t\t\t\t<td class=\"product-quantity\">\n\t\t\t\t\t\t<div class=\"quantity\"><input type=\"number\" step=\"1\" min=\"0\"  name=\"cart[e11943a6031a0e6114ae69c257617980][qty]\" value=\"1\" title=\"Qtd\" class=\"input-text qty text\" size=\"4\" \/><\/div>\n\t\t\t\t\t<\/td>\n\n\t\t\t\t\t<td class=\"product-subtotal\">\n\t\t\t\t\t\t<span class=\"woocommerce-Price-amount amount\"><bdi><span class=\"woocommerce-Price-currencySymbol\">&#82;&#36;<\/span>40,00<\/bdi><\/span>\t\t\t\t\t<\/td>\n\t\t\t\t<\/tr>\n\t\t\t\t\t\t<tr>\n\t\t\t<td colspan=\"6\" class=\"actions\">\n\n\t\t\t\t\n\t\t\t\t<input type=\"submit\" class=\"button\" name=\"update_cart\" value=\"Atualiza Carrinho\" \/>\n\n\t\t\t\t\n\t\t\t\t<input type=\"hidden\" id=\"_wpnonce\" name=\"_wpnonce\" value=\"5fd029956c\" \/><input type=\"hidden\" name=\"_wp_http_referer\" value=\"\/index.php?rest_route=%2Fwp%2Fv2%2Fpages%2F923\" \/>\t\t\t<\/td>\n\t\t<\/tr>\n\n\t\t\t<\/tbody>\n<\/table>\n\n\n<\/form>\n\n<div class=\"cart-collaterals\">\n\n\t<div class=\"cart_totals \">\n\n\t\n\t<h2>Total do Carrinho<\/h2>\n\n\t<table cellspacing=\"0\">\n\n\t\t<tr class=\"cart-subtotal\">\n\t\t\t<th>Subtotal <\/th>\n\t\t\t<td><span class=\"woocommerce-Price-amount amount\"><bdi><span class=\"woocommerce-Price-currencySymbol\">&#82;&#36;<\/span>40,00<\/bdi><\/span><\/td>\n\t\t<\/tr>\n\n\t\t\n\t\t\n\t\t\t\n\t\t\t<tr class=\"shipping\">\n\t<th>Entrega<\/th>\n\t<td>\n\t\t\n\t\t\t\n\t\t\t\t<p>Por favor, utilize a calculadora de frete para ver as op\u00e7\u00f5es dispon\u00edveis de envio.<\/p>\n\n\t\t\t\n\t\t\n\t\t\n\t\t\t\t\t\n\n<form class=\"woocommerce-shipping-calculator\" action=\"https:\/\/ibicamp.com\/index.php?rest_route=%2Fwp%2Fv2%2Fpages%2F923\" method=\"post\">\n\n\t<p><a href=\"#\" class=\"shipping-calculator-button\">Calculo do Envio<\/a><\/p>\n\n\t<section class=\"shipping-calculator-form\" style=\"display:none;\">\n\n\t\t<p class=\"form-row form-row-wide\" id=\"calc_shipping_country_field\">\n\t\t\t<select name=\"calc_shipping_country\" id=\"calc_shipping_country\" class=\"country_to_state\" rel=\"calc_shipping_state\">\n\t\t\t\t<option value=\"\">Selecione um country&hellip;<\/option>\n\t\t\t\t<option value=\"BR\">Brasil<\/option>\t\t\t<\/select>\n\t\t<\/p>\n\n\t\t<p class=\"form-row form-row-wide\" id=\"calc_shipping_state_field\">\n\t\t\t<input type=\"text\" class=\"input-text\" value=\"\" placeholder=\"Estado \/ Cidade\" name=\"calc_shipping_state\" id=\"calc_shipping_state\" \/>\t\t<\/p>\n\n\t\t\n\t\t\n\t\t\t<p class=\"form-row form-row-wide\" id=\"calc_shipping_postcode_field\">\n\t\t\t\t<input type=\"text\" class=\"input-text\" value=\"\" placeholder=\"CEP C\u00f3digo Postal\" name=\"calc_shipping_postcode\" id=\"calc_shipping_postcode\" \/>\n\t\t\t<\/p>\n\n\t\t\n\t\t<p><button type=\"submit\" name=\"calc_shipping\" value=\"1\" class=\"button\">Atualiza Totais<\/button><\/p>\n\n\t\t<input type=\"hidden\" id=\"_wpnonce\" name=\"_wpnonce\" value=\"5fd029956c\" \/><input type=\"hidden\" name=\"_wp_http_referer\" value=\"\/index.php?rest_route=%2Fwp%2Fv2%2Fpages%2F923\" \/>\t<\/section>\n<\/form>\n\n\t\t\t<\/td>\n<\/tr>\n\n\t\t\t\n\t\t\n\t\t\n\t\t\n\t\t\n\t\t<tr class=\"order-total\">\n\t\t\t<th>Total <\/th>\n\t\t\t<td><strong><span class=\"woocommerce-Price-amount amount\"><bdi><span class=\"woocommerce-Price-currencySymbol\">&#82;&#36;<\/span>40,00<\/bdi><\/span><\/strong> <\/td>\n\t\t<\/tr>\n\n\t\t\n\t<\/table>\n\n\t\n\t<div class=\"wc-proceed-to-checkout\">\n\n\t\t<a href=\"https:\/\/ibicamp.com\/?page_id=924\" class=\"checkout-button button alt wc-forward\">Fazer o Checkout<\/a>\n\t<\/div>\n\n\t\n<\/div>\n\n<\/div>\n\n<\/div>\n","protected":false},"excerpt":{"rendered":"","protected":false},"author":1,"featured_media":0,"parent":0,"menu_order":0,"comment_status":"closed","ping_status":"closed","template":"","meta":{"footnotes":""},"_links":{"self":[{"href":"https:\/\/ibicamp.com\/index.php?rest_route=\/wp\/v2\/pages\/923"}],"collection":[{"href":"https:\/\/ibicamp.com\/index.php?rest_route=\/wp\/v2\/pages"}],"about":[{"href":"https:\/\/ibicamp.com\/index.php?rest_route=\/wp\/v2\/types\/page"}],"author":[{"embeddable":true,"href":"https:\/\/ibicamp.com\/index.php?rest_route=\/wp\/v2\/users\/1"}],"replies":[{"embeddable":true,"href":"https:\/\/ibicamp.com\/index.php?rest_route=%2Fwp%2Fv2%2Fcomments&post=923"}],"version-history":[{"count":0,"href":"https:\/\/ibicamp.com\/index.php?rest_route=\/wp\/v2\/pages\/923\/revisions"}],"wp:attachment":[{"href":"https:\/\/ibicamp.com\/index.php?rest_route=%2Fwp%2Fv2%2Fmedia&parent=923"}],"curies":[{"name":"wp","href":"https:\/\/api.w.org\/{rel}","templated":true}]}}