{"id":1000,"date":"2016-09-02T20:27:08","date_gmt":"2016-09-02T20:27:08","guid":{"rendered":"http:\/\/ibicamp.com\/?post_type=product&#038;p=1000"},"modified":"2016-11-25T11:54:03","modified_gmt":"2016-11-25T11:54:03","slug":"03-pentateuco","status":"publish","type":"product","link":"https:\/\/ibicamp.com\/?product=03-pentateuco","title":{"rendered":"01- Pentateuco"},"content":{"rendered":"<p style=\"text-align: justify;\">Pentateuco \u00e9 um termo composto de Penta \u201cCinco\u201d e Te\u00fachos \u201cLivro, rol\u201d. Os judeus chamam este grupo de livros de Torah. Pentateuco \u00e9 uma classifica\u00e7\u00e3o teol\u00f3gica para o grupo dos cinco primeiros livros do Antigo Testamento: G\u00eanesis, \u00caxodo, Lev\u00edtico, N\u00fameros e Deuteron\u00f4mio.<br \/>\nEssa mat\u00e9ria ir\u00e1 abordar desde a narrativa sobre a origem do universo e a cria\u00e7\u00e3o de todas as coisas, a queda e a promessa de reden\u00e7\u00e3o, a liberta\u00e7\u00e3o do Egito e a peregrina\u00e7\u00e3o, e adora\u00e7\u00e3o pelo deserto culminando com o retrospecto da lei no livro de Deuteron\u00f4mio.<\/p>\n<p style=\"text-align: justify;\">O estudante ter\u00e1 condi\u00e7\u00f5es de conhecer a hist\u00f3ria da na\u00e7\u00e3o judaica, sua organiza\u00e7\u00e3o social, pol\u00edtica e religiosa. Essa mat\u00e9ria narra a trajet\u00f3ria de um povo e sua f\u00e9, al\u00e9m de proporcionar ao estudante um melhor conhecimento sobre a nascente da f\u00e9 crist\u00e3.<\/p>\n","protected":false},"excerpt":{"rendered":"<p style=\"text-align: justify;\">Pentateuco \u00e9 um termo composto de Penta \u201cCinco\u201d e Te\u00fachos \u201cLivro, rol\u201d. Os judeus chamam este grupo de livros de Torah. Pentateuco \u00e9 uma classifica\u00e7\u00e3o teol\u00f3gica para o grupo dos cinco primeiros livros do Antigo Testamento: G\u00eanesis, \u00caxodo, Lev\u00edtico, N\u00fameros e Deuteron\u00f4mio.<\/p>\n","protected":false},"featured_media":994,"comment_status":"closed","ping_status":"closed","template":"","meta":[],"product_cat":[63],"product_tag":[],"_links":{"self":[{"href":"https:\/\/ibicamp.com\/index.php?rest_route=\/wp\/v2\/product\/1000"}],"collection":[{"href":"https:\/\/ibicamp.com\/index.php?rest_route=\/wp\/v2\/product"}],"about":[{"href":"https:\/\/ibicamp.com\/index.php?rest_route=\/wp\/v2\/types\/product"}],"replies":[{"embeddable":true,"href":"https:\/\/ibicamp.com\/index.php?rest_route=%2Fwp%2Fv2%2Fcomments&post=1000"}],"version-history":[{"count":0,"href":"https:\/\/ibicamp.com\/index.php?rest_route=\/wp\/v2\/product\/1000\/revisions"}],"wp:featuredmedia":[{"embeddable":true,"href":"https:\/\/ibicamp.com\/index.php?rest_route=\/wp\/v2\/media\/994"}],"wp:attachment":[{"href":"https:\/\/ibicamp.com\/index.php?rest_route=%2Fwp%2Fv2%2Fmedia&parent=1000"}],"wp:term":[{"taxonomy":"product_cat","embeddable":true,"href":"https:\/\/ibicamp.com\/index.php?rest_route=%2Fwp%2Fv2%2Fproduct_cat&post=1000"},{"taxonomy":"product_tag","embeddable":true,"href":"https:\/\/ibicamp.com\/index.php?rest_route=%2Fwp%2Fv2%2Fproduct_tag&post=1000"}],"curies":[{"name":"wp","href":"https:\/\/api.w.org\/{rel}","templated":true}]}}