{"id":1001,"date":"2016-09-02T20:30:04","date_gmt":"2016-09-02T20:30:04","guid":{"rendered":"http:\/\/ibicamp.com\/?post_type=product&#038;p=1001"},"modified":"2016-11-24T17:48:30","modified_gmt":"2016-11-24T17:48:30","slug":"04-geografia-biblica","status":"publish","type":"product","link":"https:\/\/ibicamp.com\/?product=04-geografia-biblica","title":{"rendered":"09- Geografia B\u00edblica"},"content":{"rendered":"<p style=\"text-align: justify;\">A Geografia \u00e9 um termo que vem do do grego \u201cgeo= terra\u201d e grafia \u201cdescri\u00e7\u00e3o, tratado, estudo\u201d. \u00c9 a Ci\u00eancia que estuda a Terra na sua forma, acidentes f\u00edsicos, clima, popula\u00e7\u00f5es e as divis\u00f5es pol\u00edticas.<br \/>\nEssa mat\u00e9ria tem por objetivo auxiliar o estudante a conhecer melhor os textos b\u00edblicos, atrav\u00e9s de esclarecimentos quanto aos grupos humanos e suas caracter\u00edsticas: f\u00edsicas, recursos econ\u00f4micos e as transforma\u00e7\u00f5es pol\u00edticas das diversas regi\u00f5es mencionadas na B\u00edblia.<\/p>\n<p style=\"text-align: justify;\">O estudante ter\u00e1 possibilidade de localizar e situar os relatos b\u00edblicos que ocorreram, auxiliando-o na reconstru\u00e7\u00e3o dos eventos.<br \/>\nEssa mat\u00e9ria tem por objetivo fornecer ao aluno um melhor conhecimento do mundo b\u00edblico geogr\u00e1fico.<\/p>\n","protected":false},"excerpt":{"rendered":"<p style=\"text-align: justify;\">A Geografia \u00e9 um termo que vem do do grego \u201cgeo= terra\u201d e grafia \u201cdescri\u00e7\u00e3o, tratado, estudo\u201d. \u00c9 a Ci\u00eancia que estuda a Terra na sua forma, acidentes f\u00edsicos, clima, popula\u00e7\u00f5es e as divis\u00f5es pol\u00edticas.<\/p>\n","protected":false},"featured_media":991,"comment_status":"closed","ping_status":"closed","template":"","meta":[],"product_cat":[63],"product_tag":[],"_links":{"self":[{"href":"https:\/\/ibicamp.com\/index.php?rest_route=\/wp\/v2\/product\/1001"}],"collection":[{"href":"https:\/\/ibicamp.com\/index.php?rest_route=\/wp\/v2\/product"}],"about":[{"href":"https:\/\/ibicamp.com\/index.php?rest_route=\/wp\/v2\/types\/product"}],"replies":[{"embeddable":true,"href":"https:\/\/ibicamp.com\/index.php?rest_route=%2Fwp%2Fv2%2Fcomments&post=1001"}],"version-history":[{"count":0,"href":"https:\/\/ibicamp.com\/index.php?rest_route=\/wp\/v2\/product\/1001\/revisions"}],"wp:featuredmedia":[{"embeddable":true,"href":"https:\/\/ibicamp.com\/index.php?rest_route=\/wp\/v2\/media\/991"}],"wp:attachment":[{"href":"https:\/\/ibicamp.com\/index.php?rest_route=%2Fwp%2Fv2%2Fmedia&parent=1001"}],"wp:term":[{"taxonomy":"product_cat","embeddable":true,"href":"https:\/\/ibicamp.com\/index.php?rest_route=%2Fwp%2Fv2%2Fproduct_cat&post=1001"},{"taxonomy":"product_tag","embeddable":true,"href":"https:\/\/ibicamp.com\/index.php?rest_route=%2Fwp%2Fv2%2Fproduct_tag&post=1001"}],"curies":[{"name":"wp","href":"https:\/\/api.w.org\/{rel}","templated":true}]}}