{"id":1231,"date":"2016-11-14T16:36:54","date_gmt":"2016-11-14T16:36:54","guid":{"rendered":"http:\/\/ibicamp.com\/?post_type=product&#038;p=1231"},"modified":"2022-10-26T18:10:34","modified_gmt":"2022-10-26T18:10:34","slug":"03-etica-crista","status":"publish","type":"product","link":"https:\/\/ibicamp.com\/?product=03-etica-crista","title":{"rendered":"03- \u00c9tica Crist\u00e3"},"content":{"rendered":"<p style=\"text-align: justify;\" align=\"justify\">O livro de \u00c9tica trata dos princ\u00edpios crist\u00e3os em rela\u00e7\u00e3o a igreja e a sociedade. Essa mat\u00e9ria abordar\u00e1: A \u00e9tica no Antigo testamento e no Novo Testamento, as\u00a0 Filosofias que se op\u00f5e\u00a0 a \u00e9tica crist\u00e3.<br \/>\nSer\u00e3o abordados os princ\u00edpios que regem a \u00e9tica crist\u00e3 diante de temas como o\u00a0 aborto, Eutan\u00e1sia, suic\u00eddio, pena de morte, pol\u00edtica, planejamento familiar, al\u00e9m das rela\u00e7\u00f5es do crist\u00e3o com os irm\u00e3os de f\u00e9 e a lideran\u00e7a.<br \/>\nEssa\u00a0 mat\u00e9ria tem por objetivo levar o aluno \u00e0 reflex\u00e3o sobre os princ\u00edpios da \u00e9tica crist\u00e3 e sua relev\u00e2ncia como agente transformador da sociedade.\u00a0 O aluno ter\u00e1 subs\u00eddios b\u00edblico-teol\u00f3gico para\u00a0 dialogar e mostrar as bases das suas convic\u00e7\u00f5es pautadas no Evangelho de Cristo.<\/p>\n","protected":false},"excerpt":{"rendered":"<p style=\"text-align: justify;\">O livro de \u00c9tica trata dos princ\u00edpios crist\u00e3os em rela\u00e7\u00e3o a igreja e a sociedade. Essa mat\u00e9ria abordar\u00e1: A \u00e9tica no Antigo testamento e no Novo Testamento, as\u00a0 Filosofias que se op\u00f5e\u00a0 a \u00e9tica crist\u00e3.<\/p>\n","protected":false},"featured_media":1361,"comment_status":"closed","ping_status":"closed","template":"","meta":[],"product_cat":[78],"product_tag":[],"_links":{"self":[{"href":"https:\/\/ibicamp.com\/index.php?rest_route=\/wp\/v2\/product\/1231"}],"collection":[{"href":"https:\/\/ibicamp.com\/index.php?rest_route=\/wp\/v2\/product"}],"about":[{"href":"https:\/\/ibicamp.com\/index.php?rest_route=\/wp\/v2\/types\/product"}],"replies":[{"embeddable":true,"href":"https:\/\/ibicamp.com\/index.php?rest_route=%2Fwp%2Fv2%2Fcomments&post=1231"}],"version-history":[{"count":1,"href":"https:\/\/ibicamp.com\/index.php?rest_route=\/wp\/v2\/product\/1231\/revisions"}],"predecessor-version":[{"id":5394,"href":"https:\/\/ibicamp.com\/index.php?rest_route=\/wp\/v2\/product\/1231\/revisions\/5394"}],"wp:featuredmedia":[{"embeddable":true,"href":"https:\/\/ibicamp.com\/index.php?rest_route=\/wp\/v2\/media\/1361"}],"wp:attachment":[{"href":"https:\/\/ibicamp.com\/index.php?rest_route=%2Fwp%2Fv2%2Fmedia&parent=1231"}],"wp:term":[{"taxonomy":"product_cat","embeddable":true,"href":"https:\/\/ibicamp.com\/index.php?rest_route=%2Fwp%2Fv2%2Fproduct_cat&post=1231"},{"taxonomy":"product_tag","embeddable":true,"href":"https:\/\/ibicamp.com\/index.php?rest_route=%2Fwp%2Fv2%2Fproduct_tag&post=1231"}],"curies":[{"name":"wp","href":"https:\/\/api.w.org\/{rel}","templated":true}]}}