{"id":1240,"date":"2016-11-21T15:57:40","date_gmt":"2016-11-21T15:57:40","guid":{"rendered":"http:\/\/ibicamp.com\/?post_type=product&#038;p=1240"},"modified":"2022-10-26T18:10:34","modified_gmt":"2022-10-26T18:10:34","slug":"04-os-evangelhos","status":"publish","type":"product","link":"https:\/\/ibicamp.com\/?product=04-os-evangelhos","title":{"rendered":"04- Os Evangelhos"},"content":{"rendered":"<p style=\"text-align: justify;\">O termo \u201cEvangelhos\u201d se refere aos quatro escritores, no entanto, todos eles falam do \u201cEvangelho\u201d que s\u00e3o as \u201cboas novas\u201d ou \u201cboas not\u00edcias\u201d de Deus para o homem, na pessoa do seu filho Jesus.<br \/>\nO objetivo dessa mat\u00e9ria \u00e9 dar ao estudante condi\u00e7\u00f5es de ler os escritos, conhecendo a cultura da \u00e9poca em que Jesus viveu: sistema pol\u00edtico, l\u00ednguas, cren\u00e7as, institui\u00e7\u00f5es e as fac\u00e7\u00f5es existentes no contexto em que foi escrito.<br \/>\nEssa mat\u00e9ria dar\u00e1 ao estudante condi\u00e7\u00f5es de entender as diferen\u00e7as existentes nos Evangelhos chamados de sin\u00f3pticos e o Evangelho escrito por Jo\u00e3o. O estudante ter\u00e1 uma vis\u00e3o panor\u00e2mica da vida e obra de Jesus: nascimento, vida, morte e ressurrei\u00e7\u00e3o. Biografia narrada por aqueles que deixaram registrado o maior e mais conhecido acontecimento em que a hist\u00f3ria pode contemplar: Jesus.<\/p>\n","protected":false},"excerpt":{"rendered":"<p style=\"text-align: justify;\">O termo \u201cEvangelhos\u201d se refere aos quatro escritores, no entanto, todos eles falam do \u201cEvangelho\u201d que s\u00e3o as \u201cboas novas\u201d ou \u201cboas not\u00edcias\u201d de Deus para o homem, na pessoa do seu filho Jesus.<\/p>\n","protected":false},"featured_media":993,"comment_status":"closed","ping_status":"closed","template":"","meta":[],"product_cat":[78],"product_tag":[],"_links":{"self":[{"href":"https:\/\/ibicamp.com\/index.php?rest_route=\/wp\/v2\/product\/1240"}],"collection":[{"href":"https:\/\/ibicamp.com\/index.php?rest_route=\/wp\/v2\/product"}],"about":[{"href":"https:\/\/ibicamp.com\/index.php?rest_route=\/wp\/v2\/types\/product"}],"replies":[{"embeddable":true,"href":"https:\/\/ibicamp.com\/index.php?rest_route=%2Fwp%2Fv2%2Fcomments&post=1240"}],"version-history":[{"count":2,"href":"https:\/\/ibicamp.com\/index.php?rest_route=\/wp\/v2\/product\/1240\/revisions"}],"predecessor-version":[{"id":5395,"href":"https:\/\/ibicamp.com\/index.php?rest_route=\/wp\/v2\/product\/1240\/revisions\/5395"}],"wp:featuredmedia":[{"embeddable":true,"href":"https:\/\/ibicamp.com\/index.php?rest_route=\/wp\/v2\/media\/993"}],"wp:attachment":[{"href":"https:\/\/ibicamp.com\/index.php?rest_route=%2Fwp%2Fv2%2Fmedia&parent=1240"}],"wp:term":[{"taxonomy":"product_cat","embeddable":true,"href":"https:\/\/ibicamp.com\/index.php?rest_route=%2Fwp%2Fv2%2Fproduct_cat&post=1240"},{"taxonomy":"product_tag","embeddable":true,"href":"https:\/\/ibicamp.com\/index.php?rest_route=%2Fwp%2Fv2%2Fproduct_tag&post=1240"}],"curies":[{"name":"wp","href":"https:\/\/api.w.org\/{rel}","templated":true}]}}