{"id":1248,"date":"2016-11-22T19:16:35","date_gmt":"2016-11-22T19:16:35","guid":{"rendered":"http:\/\/ibicamp.com\/?post_type=product&#038;p=1248"},"modified":"2022-10-26T18:10:36","modified_gmt":"2022-10-26T18:10:36","slug":"07-historia-de-israel","status":"publish","type":"product","link":"https:\/\/ibicamp.com\/?product=07-historia-de-israel","title":{"rendered":"07- Hist\u00f3ria de Israel"},"content":{"rendered":"<p style=\"text-align: justify;\">Essa mat\u00e9ria estuda a origem de uma na\u00e7\u00e3o e a trajet\u00f3ria de um povo chamado para viver na dimens\u00e3o da f\u00e9. Desde a chamada de Abra\u00e3o, a peregrina\u00e7\u00e3o dos seus descendentes at\u00e9 a estada no Egito e o \u00eaxodo em dire\u00e7\u00e3o \u00e0 terra prometida.<br \/>\nO aluno ir\u00e1 estudar a trajet\u00f3ria do povo no deserto, a conquista da terra e as crises vividas no per\u00edodo dos ju\u00edzes.<br \/>\nHist\u00f3ria de Israel tem por objetivo mostrar as mudan\u00e7as ocorridas ap\u00f3s a transi\u00e7\u00e3o do regime teocr\u00e1tico para o mon\u00e1rquico, a divis\u00e3o do reino e suas consequ\u00eancias, o per\u00edodo da dinastia de Davi, Salom\u00e3o, a divis\u00e3o e queda do reino, os cativeiros e o retorno para a constru\u00e7\u00e3o do templo. Hist\u00f3ria de Israel \u00e9 indispens\u00e1vel para todo crist\u00e3o entender a nascente da f\u00e9 crist\u00e3.<\/p>\n","protected":false},"excerpt":{"rendered":"<p style=\"text-align: justify;\">Essa mat\u00e9ria estuda a origem de uma na\u00e7\u00e3o e a trajet\u00f3ria de um povo chamado para viver na dimens\u00e3o da f\u00e9. Desde a chamada de Abra\u00e3o, a peregrina\u00e7\u00e3o dos seus descendentes at\u00e9 a estada no Egito e o \u00eaxodo em dire\u00e7\u00e3o \u00e0 terra prometida.<\/p>\n","protected":false},"featured_media":1391,"comment_status":"closed","ping_status":"closed","template":"","meta":[],"product_cat":[78],"product_tag":[],"_links":{"self":[{"href":"https:\/\/ibicamp.com\/index.php?rest_route=\/wp\/v2\/product\/1248"}],"collection":[{"href":"https:\/\/ibicamp.com\/index.php?rest_route=\/wp\/v2\/product"}],"about":[{"href":"https:\/\/ibicamp.com\/index.php?rest_route=\/wp\/v2\/types\/product"}],"replies":[{"embeddable":true,"href":"https:\/\/ibicamp.com\/index.php?rest_route=%2Fwp%2Fv2%2Fcomments&post=1248"}],"version-history":[{"count":2,"href":"https:\/\/ibicamp.com\/index.php?rest_route=\/wp\/v2\/product\/1248\/revisions"}],"predecessor-version":[{"id":5398,"href":"https:\/\/ibicamp.com\/index.php?rest_route=\/wp\/v2\/product\/1248\/revisions\/5398"}],"wp:featuredmedia":[{"embeddable":true,"href":"https:\/\/ibicamp.com\/index.php?rest_route=\/wp\/v2\/media\/1391"}],"wp:attachment":[{"href":"https:\/\/ibicamp.com\/index.php?rest_route=%2Fwp%2Fv2%2Fmedia&parent=1248"}],"wp:term":[{"taxonomy":"product_cat","embeddable":true,"href":"https:\/\/ibicamp.com\/index.php?rest_route=%2Fwp%2Fv2%2Fproduct_cat&post=1248"},{"taxonomy":"product_tag","embeddable":true,"href":"https:\/\/ibicamp.com\/index.php?rest_route=%2Fwp%2Fv2%2Fproduct_tag&post=1248"}],"curies":[{"name":"wp","href":"https:\/\/api.w.org\/{rel}","templated":true}]}}