{"id":1270,"date":"2016-11-23T19:49:30","date_gmt":"2016-11-23T19:49:30","guid":{"rendered":"http:\/\/ibicamp.com\/?post_type=product&#038;p=1270"},"modified":"2022-10-26T18:12:00","modified_gmt":"2022-10-26T18:12:00","slug":"13-livros-poeticos","status":"publish","type":"product","link":"https:\/\/ibicamp.com\/?product=13-livros-poeticos","title":{"rendered":"13- Livros Po\u00e9ticos"},"content":{"rendered":"<p style=\"text-align: justify;\">Essa mat\u00e9ria abrange os cinco livros do Antigo Testamento conhecidos como Po\u00e9ticos: J\u00f3, Salmos, Prov\u00e9rbios, Cantares e Eclesiastes. S\u00e3o tamb\u00e9m chamados de Livros Sapienciais por revelarem sabedoria escrita na forma liter\u00e1ria hebraica.<br \/>\nNo livro de J\u00f3 o aluno \u00e9 levado a refletir sobre os dilemas da vida; Salmos mostra as crises exist\u00eancias enfrentadas atrav\u00e9s da f\u00e9; Prov\u00e9rbios apresenta princ\u00edpios para se viver uma vida equilibrada; Eclesiastes mostra o vazio da vida do homem sem Deus e Cantares mostra uma teologia da sexualidade, dentro dos par\u00e2metros de Deus para o homem e a mulher.<\/p>\n","protected":false},"excerpt":{"rendered":"<p style=\"text-align: justify;\">Essa mat\u00e9ria abrange os cinco livros do Antigo Testamento conhecidos como Po\u00e9ticos: J\u00f3, Salmos, Prov\u00e9rbios, Cantares e Eclesiastes. S\u00e3o tamb\u00e9m chamados de Livros Sapienciais por revelarem sabedoria escrita na forma liter\u00e1ria hebraica.<\/p>\n","protected":false},"featured_media":1404,"comment_status":"closed","ping_status":"closed","template":"","meta":[],"product_cat":[78],"product_tag":[],"_links":{"self":[{"href":"https:\/\/ibicamp.com\/index.php?rest_route=\/wp\/v2\/product\/1270"}],"collection":[{"href":"https:\/\/ibicamp.com\/index.php?rest_route=\/wp\/v2\/product"}],"about":[{"href":"https:\/\/ibicamp.com\/index.php?rest_route=\/wp\/v2\/types\/product"}],"replies":[{"embeddable":true,"href":"https:\/\/ibicamp.com\/index.php?rest_route=%2Fwp%2Fv2%2Fcomments&post=1270"}],"version-history":[{"count":1,"href":"https:\/\/ibicamp.com\/index.php?rest_route=\/wp\/v2\/product\/1270\/revisions"}],"predecessor-version":[{"id":5404,"href":"https:\/\/ibicamp.com\/index.php?rest_route=\/wp\/v2\/product\/1270\/revisions\/5404"}],"wp:featuredmedia":[{"embeddable":true,"href":"https:\/\/ibicamp.com\/index.php?rest_route=\/wp\/v2\/media\/1404"}],"wp:attachment":[{"href":"https:\/\/ibicamp.com\/index.php?rest_route=%2Fwp%2Fv2%2Fmedia&parent=1270"}],"wp:term":[{"taxonomy":"product_cat","embeddable":true,"href":"https:\/\/ibicamp.com\/index.php?rest_route=%2Fwp%2Fv2%2Fproduct_cat&post=1270"},{"taxonomy":"product_tag","embeddable":true,"href":"https:\/\/ibicamp.com\/index.php?rest_route=%2Fwp%2Fv2%2Fproduct_tag&post=1270"}],"curies":[{"name":"wp","href":"https:\/\/api.w.org\/{rel}","templated":true}]}}