{"id":1272,"date":"2016-11-23T19:52:49","date_gmt":"2016-11-23T19:52:49","guid":{"rendered":"http:\/\/ibicamp.com\/?post_type=product&#038;p=1272"},"modified":"2022-10-26T18:12:00","modified_gmt":"2022-10-26T18:12:00","slug":"14-anjos-homem-e-pecado","status":"publish","type":"product","link":"https:\/\/ibicamp.com\/?product=14-anjos-homem-e-pecado","title":{"rendered":"14- Doutrina dos Anjos, Homens e Pecado"},"content":{"rendered":"<p style=\"text-align: justify;\">A presente mat\u00e9ria aborda tr\u00eas \u00e1reas da teologia sistem\u00e1tica: a Angelologia, que estuda a doutrina dos anjos; a Antropologia, que estuda a doutrina do homem e a Hamartiologia, a doutrina do pecado. O objetivo desta mat\u00e9ria \u00e9 abordar essas tr\u00eas disciplinas fundamentais \u00e0 teologia crist\u00e3. Na Angelologia, s\u00e3o tratados assuntos sobre a origem dos anjos, sua natureza e atividades como agentes que atuam na esfera espiritual a servi\u00e7o de Deus ou do maligno. Na Antropologia, abordamos a doutrina do criacionismo, a natureza humana, sua constitui\u00e7\u00e3o, a imagem e a semelhan\u00e7a com Deus, al\u00e9m de outras teorias antropol\u00f3gicas. Na Hamartiologia, tomamos conhecimento de como o pecado foi introduzido no mundo, a queda do homem e suas consequ\u00eancias, bem como o plano divino da reden\u00e7\u00e3o e algumas interpreta\u00e7\u00f5es sobre o efeito da queda no livre arb\u00edtrio humano.<\/p>\n","protected":false},"excerpt":{"rendered":"<p style=\"text-align: justify;\">A presente mat\u00e9ria aborda tr\u00eas \u00e1reas da teologia sistem\u00e1tica: a Angelologia, que estuda a doutrina dos anjos; a Antropologia, que estuda a doutrina do homem e a Hamartiologia, a doutrina do pecado.<\/p>\n","protected":false},"featured_media":1354,"comment_status":"closed","ping_status":"closed","template":"","meta":[],"product_cat":[78],"product_tag":[],"_links":{"self":[{"href":"https:\/\/ibicamp.com\/index.php?rest_route=\/wp\/v2\/product\/1272"}],"collection":[{"href":"https:\/\/ibicamp.com\/index.php?rest_route=\/wp\/v2\/product"}],"about":[{"href":"https:\/\/ibicamp.com\/index.php?rest_route=\/wp\/v2\/types\/product"}],"replies":[{"embeddable":true,"href":"https:\/\/ibicamp.com\/index.php?rest_route=%2Fwp%2Fv2%2Fcomments&post=1272"}],"version-history":[{"count":1,"href":"https:\/\/ibicamp.com\/index.php?rest_route=\/wp\/v2\/product\/1272\/revisions"}],"predecessor-version":[{"id":5405,"href":"https:\/\/ibicamp.com\/index.php?rest_route=\/wp\/v2\/product\/1272\/revisions\/5405"}],"wp:featuredmedia":[{"embeddable":true,"href":"https:\/\/ibicamp.com\/index.php?rest_route=\/wp\/v2\/media\/1354"}],"wp:attachment":[{"href":"https:\/\/ibicamp.com\/index.php?rest_route=%2Fwp%2Fv2%2Fmedia&parent=1272"}],"wp:term":[{"taxonomy":"product_cat","embeddable":true,"href":"https:\/\/ibicamp.com\/index.php?rest_route=%2Fwp%2Fv2%2Fproduct_cat&post=1272"},{"taxonomy":"product_tag","embeddable":true,"href":"https:\/\/ibicamp.com\/index.php?rest_route=%2Fwp%2Fv2%2Fproduct_tag&post=1272"}],"curies":[{"name":"wp","href":"https:\/\/api.w.org\/{rel}","templated":true}]}}