{"id":1274,"date":"2016-11-23T19:56:10","date_gmt":"2016-11-23T19:56:10","guid":{"rendered":"http:\/\/ibicamp.com\/?post_type=product&#038;p=1274"},"modified":"2022-10-26T18:12:02","modified_gmt":"2022-10-26T18:12:02","slug":"15-historia-da-igreja","status":"publish","type":"product","link":"https:\/\/ibicamp.com\/?product=15-historia-da-igreja","title":{"rendered":"15- Hist\u00f3ria da Igreja"},"content":{"rendered":"<p style=\"text-align: justify;\">A Hist\u00f3ria da igreja, durante estes mais de dois mil anos desde a sua funda\u00e7\u00e3o, deve nos servir de exemplo e ensino de como fazer e como n\u00e3o fazer. As b\u00ean\u00e7\u00e3os de Deus, ou Seus ju\u00edzos, sobre uma determinada institui\u00e7\u00e3o podem nos servir de alerta para que n\u00e3o soframos as mesmas consequ\u00eancias. Neste nosso estudo, iremos perceber que, muitas vezes, crist\u00e3os at\u00e9 bem intencionados tomaram atitudes antib\u00edblicas, agindo com impiedade, cometendo atrocidades em nome de Cristo. Certo escritor foi muito feliz ao definir desta forma a Hist\u00f3ria da igreja: \u201cA Hist\u00f3ria da Igreja de Deus tem sido sempre, desde a era apost\u00f3lica at\u00e9 o presente, a hist\u00f3ria da gra\u00e7a divina no meio dos erros humanos.\u201d<\/p>\n","protected":false},"excerpt":{"rendered":"<p style=\"text-align: justify;\">A Hist\u00f3ria da igreja, durante estes mais de dois mil anos desde a sua funda\u00e7\u00e3o, deve nos servir de exemplo e ensino de como fazer e como n\u00e3o fazer.<\/p>\n","protected":false},"featured_media":1367,"comment_status":"closed","ping_status":"closed","template":"","meta":[],"product_cat":[78],"product_tag":[],"_links":{"self":[{"href":"https:\/\/ibicamp.com\/index.php?rest_route=\/wp\/v2\/product\/1274"}],"collection":[{"href":"https:\/\/ibicamp.com\/index.php?rest_route=\/wp\/v2\/product"}],"about":[{"href":"https:\/\/ibicamp.com\/index.php?rest_route=\/wp\/v2\/types\/product"}],"replies":[{"embeddable":true,"href":"https:\/\/ibicamp.com\/index.php?rest_route=%2Fwp%2Fv2%2Fcomments&post=1274"}],"version-history":[{"count":1,"href":"https:\/\/ibicamp.com\/index.php?rest_route=\/wp\/v2\/product\/1274\/revisions"}],"predecessor-version":[{"id":5406,"href":"https:\/\/ibicamp.com\/index.php?rest_route=\/wp\/v2\/product\/1274\/revisions\/5406"}],"wp:featuredmedia":[{"embeddable":true,"href":"https:\/\/ibicamp.com\/index.php?rest_route=\/wp\/v2\/media\/1367"}],"wp:attachment":[{"href":"https:\/\/ibicamp.com\/index.php?rest_route=%2Fwp%2Fv2%2Fmedia&parent=1274"}],"wp:term":[{"taxonomy":"product_cat","embeddable":true,"href":"https:\/\/ibicamp.com\/index.php?rest_route=%2Fwp%2Fv2%2Fproduct_cat&post=1274"},{"taxonomy":"product_tag","embeddable":true,"href":"https:\/\/ibicamp.com\/index.php?rest_route=%2Fwp%2Fv2%2Fproduct_tag&post=1274"}],"curies":[{"name":"wp","href":"https:\/\/api.w.org\/{rel}","templated":true}]}}