{"id":1281,"date":"2016-11-24T12:48:25","date_gmt":"2016-11-24T12:48:25","guid":{"rendered":"http:\/\/ibicamp.com\/?post_type=product&#038;p=1281"},"modified":"2022-10-26T18:12:03","modified_gmt":"2022-10-26T18:12:03","slug":"18-familia-crista","status":"publish","type":"product","link":"https:\/\/ibicamp.com\/?product=18-familia-crista","title":{"rendered":"18- Fam\u00edlia Crist\u00e3"},"content":{"rendered":"<p style=\"text-align: justify;\">A fam\u00edlia \u00e9 definida como a c\u00e9lula mater da sociedade. Base para todo o desenvolvimento da humanidade. Essa mat\u00e9ria trata de quest\u00f5es \u00e9ticas no tocante ao relacionamento familiar, tendo como primazia princ\u00edpios expressos na Palavra de Deus. Apresenta os padr\u00f5es de \u00e9tica nos relacionamentos: do marido em rela\u00e7\u00e3o a esposa, e da esposa para com o marido; os pais e a maneira de se relacionar com os filhos, e os filhos com os pais; os jovens e os princ\u00edpios b\u00edblicos em rela\u00e7\u00e3o aos sentimentos. Al\u00e9m da \u00e9tica crist\u00e3 para os jovens antes, durante e ap\u00f3s o casamento.<\/p>\n","protected":false},"excerpt":{"rendered":"<p style=\"text-align: justify;\">A fam\u00edlia \u00e9 definida como a c\u00e9lula mater da sociedade. Base para todo o desenvolvimento da humanidade. Essa mat\u00e9ria trata de quest\u00f5es \u00e9ticas no tocante ao relacionamento familiar, tendo como primazia princ\u00edpios expressos na Palavra de Deus.<\/p>\n","protected":false},"featured_media":1364,"comment_status":"closed","ping_status":"closed","template":"","meta":[],"product_cat":[78],"product_tag":[],"_links":{"self":[{"href":"https:\/\/ibicamp.com\/index.php?rest_route=\/wp\/v2\/product\/1281"}],"collection":[{"href":"https:\/\/ibicamp.com\/index.php?rest_route=\/wp\/v2\/product"}],"about":[{"href":"https:\/\/ibicamp.com\/index.php?rest_route=\/wp\/v2\/types\/product"}],"replies":[{"embeddable":true,"href":"https:\/\/ibicamp.com\/index.php?rest_route=%2Fwp%2Fv2%2Fcomments&post=1281"}],"version-history":[{"count":1,"href":"https:\/\/ibicamp.com\/index.php?rest_route=\/wp\/v2\/product\/1281\/revisions"}],"predecessor-version":[{"id":5409,"href":"https:\/\/ibicamp.com\/index.php?rest_route=\/wp\/v2\/product\/1281\/revisions\/5409"}],"wp:featuredmedia":[{"embeddable":true,"href":"https:\/\/ibicamp.com\/index.php?rest_route=\/wp\/v2\/media\/1364"}],"wp:attachment":[{"href":"https:\/\/ibicamp.com\/index.php?rest_route=%2Fwp%2Fv2%2Fmedia&parent=1281"}],"wp:term":[{"taxonomy":"product_cat","embeddable":true,"href":"https:\/\/ibicamp.com\/index.php?rest_route=%2Fwp%2Fv2%2Fproduct_cat&post=1281"},{"taxonomy":"product_tag","embeddable":true,"href":"https:\/\/ibicamp.com\/index.php?rest_route=%2Fwp%2Fv2%2Fproduct_tag&post=1281"}],"curies":[{"name":"wp","href":"https:\/\/api.w.org\/{rel}","templated":true}]}}