{"id":1308,"date":"2016-11-24T16:38:48","date_gmt":"2016-11-24T16:38:48","guid":{"rendered":"http:\/\/ibicamp.com\/?post_type=product&#038;p=1308"},"modified":"2022-10-26T18:13:13","modified_gmt":"2022-10-26T18:13:13","slug":"30-educacao-crista","status":"publish","type":"product","link":"https:\/\/ibicamp.com\/?product=30-educacao-crista","title":{"rendered":"30- Educa\u00e7\u00e3o Crist\u00e3"},"content":{"rendered":"<p style=\"text-align: justify;\">Mat\u00e9ria que centraliza seus ensinos na f\u00e9 crist\u00e3, tendo como protagonista principal Cristo, Sua hist\u00f3ria e pedagogia. Esta mat\u00e9ria aborda a educa\u00e7\u00e3o desde a hist\u00f3ria antiga e medieval, passando pela educa\u00e7\u00e3o romana, pela Reforma Protestante at\u00e9 a atualidade. Aborda a educa\u00e7\u00e3o moderna e a contempor\u00e2nea. O leitor obt\u00e9m um panorama geral da educa\u00e7\u00e3o, uma reflex\u00e3o te\u00f3rica com amplas refer\u00eancias bibliogr\u00e1ficas. \u00c9 analisado o ensino religioso nas escolas p\u00fablicas e os m\u00e9todos pedag\u00f3gicos com os conceitos te\u00f3ricos e pr\u00e1ticos de avalia\u00e7\u00e3o, tendo em vista uma reflex\u00e3o sobre sua finalidade dentro do contexto educacional.<\/p>\n","protected":false},"excerpt":{"rendered":"<p style=\"text-align: justify;\">Mat\u00e9ria que centraliza seus ensinos na f\u00e9 crist\u00e3, tendo como protagonista principal Cristo, Sua hist\u00f3ria e pedagogia. Esta mat\u00e9ria aborda a educa\u00e7\u00e3o desde a hist\u00f3ria antiga e medieval, passando pela educa\u00e7\u00e3o romana, pela Reforma Protestante at\u00e9 a atualidade.<\/p>\n","protected":false},"featured_media":1355,"comment_status":"closed","ping_status":"closed","template":"","meta":[],"product_cat":[78],"product_tag":[],"_links":{"self":[{"href":"https:\/\/ibicamp.com\/index.php?rest_route=\/wp\/v2\/product\/1308"}],"collection":[{"href":"https:\/\/ibicamp.com\/index.php?rest_route=\/wp\/v2\/product"}],"about":[{"href":"https:\/\/ibicamp.com\/index.php?rest_route=\/wp\/v2\/types\/product"}],"replies":[{"embeddable":true,"href":"https:\/\/ibicamp.com\/index.php?rest_route=%2Fwp%2Fv2%2Fcomments&post=1308"}],"version-history":[{"count":2,"href":"https:\/\/ibicamp.com\/index.php?rest_route=\/wp\/v2\/product\/1308\/revisions"}],"predecessor-version":[{"id":5421,"href":"https:\/\/ibicamp.com\/index.php?rest_route=\/wp\/v2\/product\/1308\/revisions\/5421"}],"wp:featuredmedia":[{"embeddable":true,"href":"https:\/\/ibicamp.com\/index.php?rest_route=\/wp\/v2\/media\/1355"}],"wp:attachment":[{"href":"https:\/\/ibicamp.com\/index.php?rest_route=%2Fwp%2Fv2%2Fmedia&parent=1308"}],"wp:term":[{"taxonomy":"product_cat","embeddable":true,"href":"https:\/\/ibicamp.com\/index.php?rest_route=%2Fwp%2Fv2%2Fproduct_cat&post=1308"},{"taxonomy":"product_tag","embeddable":true,"href":"https:\/\/ibicamp.com\/index.php?rest_route=%2Fwp%2Fv2%2Fproduct_tag&post=1308"}],"curies":[{"name":"wp","href":"https:\/\/api.w.org\/{rel}","templated":true}]}}