{"id":1313,"date":"2016-11-24T16:46:22","date_gmt":"2016-11-24T16:46:22","guid":{"rendered":"http:\/\/ibicamp.com\/?post_type=product&#038;p=1313"},"modified":"2022-10-26T18:13:13","modified_gmt":"2022-10-26T18:13:13","slug":"32-daniel-e-apocalipse","status":"publish","type":"product","link":"https:\/\/ibicamp.com\/?product=32-daniel-e-apocalipse","title":{"rendered":"32- Daniel e Apocalipse"},"content":{"rendered":"<p style=\"text-align: justify;\">Nesta mat\u00e9ria estaremos estudando dois livros que fazem parte da Teologia B\u00edblica, com \u00eanfase na escatologia. Daniel e Apocalipse s\u00e3o livros singulares devido ao seu teor altamente prof\u00e9tico. Muitos se perguntam: Por que estudar Daniel juntamente com Apocalipse? Esse fato se d\u00e1 devido aos dois escritores se complementarem. Enquanto DANIEL fala das Setenta Semanas, APOCALIPSE, em sua grande maioria, mostra como ser\u00e1 o ambiente, a situa\u00e7\u00e3o da humanidade e os fatos que se dar\u00e3o na septuag\u00e9sima semana descrita por DANIEL. Essa mat\u00e9ria prop\u00f5e ao aluno uma oportunidade de estudar com maior profundidade o plano de Deus, atrav\u00e9s da hist\u00f3ria de uma forma compacta, mostrando a atua\u00e7\u00e3o de Israel e da igreja no cen\u00e1rio mundial nos tempos do fim.<\/p>\n","protected":false},"excerpt":{"rendered":"<p style=\"text-align: justify;\">Nesta mat\u00e9ria estaremos estudando dois livros que fazem parte da Teologia B\u00edblica, com \u00eanfase na escatologia. Daniel e Apocalipse s\u00e3o livros singulares devido ao seu teor altamente prof\u00e9tico. Muitos se perguntam: Por que estudar Daniel juntamente com Apocalipse? Esse fato se d\u00e1 devido aos dois escritores se complementarem.<\/p>\n","protected":false},"featured_media":1382,"comment_status":"closed","ping_status":"closed","template":"","meta":[],"product_cat":[78],"product_tag":[],"_links":{"self":[{"href":"https:\/\/ibicamp.com\/index.php?rest_route=\/wp\/v2\/product\/1313"}],"collection":[{"href":"https:\/\/ibicamp.com\/index.php?rest_route=\/wp\/v2\/product"}],"about":[{"href":"https:\/\/ibicamp.com\/index.php?rest_route=\/wp\/v2\/types\/product"}],"replies":[{"embeddable":true,"href":"https:\/\/ibicamp.com\/index.php?rest_route=%2Fwp%2Fv2%2Fcomments&post=1313"}],"version-history":[{"count":1,"href":"https:\/\/ibicamp.com\/index.php?rest_route=\/wp\/v2\/product\/1313\/revisions"}],"predecessor-version":[{"id":5423,"href":"https:\/\/ibicamp.com\/index.php?rest_route=\/wp\/v2\/product\/1313\/revisions\/5423"}],"wp:featuredmedia":[{"embeddable":true,"href":"https:\/\/ibicamp.com\/index.php?rest_route=\/wp\/v2\/media\/1382"}],"wp:attachment":[{"href":"https:\/\/ibicamp.com\/index.php?rest_route=%2Fwp%2Fv2%2Fmedia&parent=1313"}],"wp:term":[{"taxonomy":"product_cat","embeddable":true,"href":"https:\/\/ibicamp.com\/index.php?rest_route=%2Fwp%2Fv2%2Fproduct_cat&post=1313"},{"taxonomy":"product_tag","embeddable":true,"href":"https:\/\/ibicamp.com\/index.php?rest_route=%2Fwp%2Fv2%2Fproduct_tag&post=1313"}],"curies":[{"name":"wp","href":"https:\/\/api.w.org\/{rel}","templated":true}]}}