{"id":1321,"date":"2016-11-24T17:47:21","date_gmt":"2016-11-24T17:47:21","guid":{"rendered":"http:\/\/ibicamp.com\/?post_type=product&#038;p=1321"},"modified":"2016-12-21T19:56:46","modified_gmt":"2016-12-21T19:56:46","slug":"08-escatologia-biblica-2","status":"publish","type":"product","link":"https:\/\/ibicamp.com\/?product=08-escatologia-biblica-2","title":{"rendered":"08- Escatologia B\u00edblica"},"content":{"rendered":"<p style=\"text-align: justify;\">Escatologia, cujo \u00e9timo: \u201cEscatos = fim+ logos = estudo\u201d, \u00e9 o estudo do fim, nos \u00faltimos acontecimentos. Essa mat\u00e9ria tanto estuda os acontecimentos do passado como analisa o presente, tendo em perspectiva o desfecho da hist\u00f3ria, de acordo com as profecias b\u00edblicas desde o Arrebatamento da Igreja, as consequ\u00eancias da Grande Tribula\u00e7\u00e3o, o Mil\u00eanio, at\u00e9 a batalha final do Armagedon. Esta mat\u00e9ria visa a analisar as principais interpreta\u00e7\u00f5es das teorias escatol\u00f3gicas, a abordar a fun\u00e7\u00e3o da Igreja, bem como a mostrar o drama vivido pela humanidade no final dos tempos.<\/p>\n","protected":false},"excerpt":{"rendered":"<p style=\"text-align: justify;\">Escatologia, cujo \u00e9timo: \u201cEscatos = fim+ logos = estudo\u201d, \u00e9 o estudo do fim, nos \u00faltimos acontecimentos.<\/p>\n","protected":false},"featured_media":1360,"comment_status":"closed","ping_status":"closed","template":"","meta":[],"product_cat":[63],"product_tag":[],"_links":{"self":[{"href":"https:\/\/ibicamp.com\/index.php?rest_route=\/wp\/v2\/product\/1321"}],"collection":[{"href":"https:\/\/ibicamp.com\/index.php?rest_route=\/wp\/v2\/product"}],"about":[{"href":"https:\/\/ibicamp.com\/index.php?rest_route=\/wp\/v2\/types\/product"}],"replies":[{"embeddable":true,"href":"https:\/\/ibicamp.com\/index.php?rest_route=%2Fwp%2Fv2%2Fcomments&post=1321"}],"version-history":[{"count":0,"href":"https:\/\/ibicamp.com\/index.php?rest_route=\/wp\/v2\/product\/1321\/revisions"}],"wp:featuredmedia":[{"embeddable":true,"href":"https:\/\/ibicamp.com\/index.php?rest_route=\/wp\/v2\/media\/1360"}],"wp:attachment":[{"href":"https:\/\/ibicamp.com\/index.php?rest_route=%2Fwp%2Fv2%2Fmedia&parent=1321"}],"wp:term":[{"taxonomy":"product_cat","embeddable":true,"href":"https:\/\/ibicamp.com\/index.php?rest_route=%2Fwp%2Fv2%2Fproduct_cat&post=1321"},{"taxonomy":"product_tag","embeddable":true,"href":"https:\/\/ibicamp.com\/index.php?rest_route=%2Fwp%2Fv2%2Fproduct_tag&post=1321"}],"curies":[{"name":"wp","href":"https:\/\/api.w.org\/{rel}","templated":true}]}}