{"id":1323,"date":"2016-11-24T19:33:41","date_gmt":"2016-11-24T19:33:41","guid":{"rendered":"http:\/\/ibicamp.com\/?post_type=product&#038;p=1323"},"modified":"2016-12-21T19:11:29","modified_gmt":"2016-12-21T19:11:29","slug":"11-doutrina-de-deus","status":"publish","type":"product","link":"https:\/\/ibicamp.com\/?product=11-doutrina-de-deus","title":{"rendered":"11- Doutrina de Deus"},"content":{"rendered":"<p style=\"text-align: justify;\">Essa mat\u00e9ria tamb\u00e9m pode ser denominada de Theontologia. \u00c9 a \u00e1rea da teologia sistem\u00e1tica que trata do estudo de Deus e, especificamente, de Deus-Pai. Suas \u00e1reas cl\u00e1ssicas de investiga\u00e7\u00e3o s\u00e3o a quest\u00e3o da exist\u00eancia de Deus. Ser\u00e3o abordados os atributos divinos, a Sant\u00edssima Trindade, a doutrina do decreto divino, a cria\u00e7\u00e3o, a provid\u00eancia e as obras de Deus, bem como a Sua revela\u00e7\u00e3o ao longo da hist\u00f3ria da humanidade. O leitor ter\u00e1 subs\u00eddios teol\u00f3gicos, hist\u00f3ricos, insigths filos\u00f3ficos com uma antropologia s\u00f3lida, tendo por base, Deus como o criador e sustentador do homem criado \u00e0 sua imagem e semelhan\u00e7a.<\/p>\n","protected":false},"excerpt":{"rendered":"<p style=\"text-align: left;\">Essa mat\u00e9ria tamb\u00e9m pode ser denominada de Theontologia. \u00c9 a \u00e1rea da teologia sistem\u00e1tica que trata do estudo de Deus e, especificamente, de Deus-Pai.<\/p>\n","protected":false},"featured_media":1390,"comment_status":"closed","ping_status":"closed","template":"","meta":[],"product_cat":[63],"product_tag":[],"_links":{"self":[{"href":"https:\/\/ibicamp.com\/index.php?rest_route=\/wp\/v2\/product\/1323"}],"collection":[{"href":"https:\/\/ibicamp.com\/index.php?rest_route=\/wp\/v2\/product"}],"about":[{"href":"https:\/\/ibicamp.com\/index.php?rest_route=\/wp\/v2\/types\/product"}],"replies":[{"embeddable":true,"href":"https:\/\/ibicamp.com\/index.php?rest_route=%2Fwp%2Fv2%2Fcomments&post=1323"}],"version-history":[{"count":0,"href":"https:\/\/ibicamp.com\/index.php?rest_route=\/wp\/v2\/product\/1323\/revisions"}],"wp:featuredmedia":[{"embeddable":true,"href":"https:\/\/ibicamp.com\/index.php?rest_route=\/wp\/v2\/media\/1390"}],"wp:attachment":[{"href":"https:\/\/ibicamp.com\/index.php?rest_route=%2Fwp%2Fv2%2Fmedia&parent=1323"}],"wp:term":[{"taxonomy":"product_cat","embeddable":true,"href":"https:\/\/ibicamp.com\/index.php?rest_route=%2Fwp%2Fv2%2Fproduct_cat&post=1323"},{"taxonomy":"product_tag","embeddable":true,"href":"https:\/\/ibicamp.com\/index.php?rest_route=%2Fwp%2Fv2%2Fproduct_tag&post=1323"}],"curies":[{"name":"wp","href":"https:\/\/api.w.org\/{rel}","templated":true}]}}