{"id":1324,"date":"2016-11-24T19:46:58","date_gmt":"2016-11-24T19:46:58","guid":{"rendered":"http:\/\/ibicamp.com\/?post_type=product&#038;p=1324"},"modified":"2016-12-07T14:15:25","modified_gmt":"2016-12-07T14:15:25","slug":"12-teologia-pratica-2","status":"publish","type":"product","link":"https:\/\/ibicamp.com\/?product=12-teologia-pratica-2","title":{"rendered":"12- Teologia Pr\u00e1tica"},"content":{"rendered":"<p style=\"text-align: justify;\">Essa mat\u00e9ria busca entender, o significado da Teologia Pr\u00e1tica. Ser\u00e1 que pode haver uma separa\u00e7\u00e3o entre o conhecimento intelectual, da pr\u00e1tica da teologia? O que \u00e9 teologia para Jesus? Uma an\u00e1lise do ensino de Jesus no serm\u00e3o do monte mostra que Ele interpreta a lei, trazendo os conceitos para uma aplica\u00e7\u00e3o pr\u00e1tica no cotidiano. Essa mat\u00e9ria busca orientar sobre o perigo de uma falsa religiosidade. Mostra a dimens\u00e3o da justi\u00e7a em Cristo. Conscientizar os valores do reino e sua justi\u00e7a \u00e9 o bem maior do crist\u00e3o. Teologia pr\u00e1tica \u00e9 uma disciplina que visa entender o que Jesus ensinou: na ora\u00e7\u00e3o, relacionamento com os bens, o pr\u00f3ximo, al\u00e9m de advertir sobre o perigo dos falsos profetas que desconecta a mensagem da realidade do ouvinte, levando-os a frustra\u00e7\u00e3o no momento da adversidade. Teologia pr\u00e1tica \u00e9 levar para a vida o que Jesus viveu e ensinou.<\/p>\n","protected":false},"excerpt":{"rendered":"<p style=\"text-align: justify;\">Essa mat\u00e9ria busca entender, o significado da Teologia Pr\u00e1tica. Ser\u00e1 que pode haver uma separa\u00e7\u00e3o entre o conhecimento intelectual, da pr\u00e1tica da teologia? O que \u00e9 teologia para Jesus? Uma an\u00e1lise do ensino de Jesus no serm\u00e3o do monte mostra que Ele interpreta a lei, trazendo os conceitos para uma aplica\u00e7\u00e3o pr\u00e1tica no cotidiano.<\/p>\n","protected":false},"featured_media":1380,"comment_status":"closed","ping_status":"closed","template":"","meta":[],"product_cat":[63],"product_tag":[],"_links":{"self":[{"href":"https:\/\/ibicamp.com\/index.php?rest_route=\/wp\/v2\/product\/1324"}],"collection":[{"href":"https:\/\/ibicamp.com\/index.php?rest_route=\/wp\/v2\/product"}],"about":[{"href":"https:\/\/ibicamp.com\/index.php?rest_route=\/wp\/v2\/types\/product"}],"replies":[{"embeddable":true,"href":"https:\/\/ibicamp.com\/index.php?rest_route=%2Fwp%2Fv2%2Fcomments&post=1324"}],"version-history":[{"count":0,"href":"https:\/\/ibicamp.com\/index.php?rest_route=\/wp\/v2\/product\/1324\/revisions"}],"wp:featuredmedia":[{"embeddable":true,"href":"https:\/\/ibicamp.com\/index.php?rest_route=\/wp\/v2\/media\/1380"}],"wp:attachment":[{"href":"https:\/\/ibicamp.com\/index.php?rest_route=%2Fwp%2Fv2%2Fmedia&parent=1324"}],"wp:term":[{"taxonomy":"product_cat","embeddable":true,"href":"https:\/\/ibicamp.com\/index.php?rest_route=%2Fwp%2Fv2%2Fproduct_cat&post=1324"},{"taxonomy":"product_tag","embeddable":true,"href":"https:\/\/ibicamp.com\/index.php?rest_route=%2Fwp%2Fv2%2Fproduct_tag&post=1324"}],"curies":[{"name":"wp","href":"https:\/\/api.w.org\/{rel}","templated":true}]}}