{"id":1328,"date":"2016-11-25T11:57:10","date_gmt":"2016-11-25T11:57:10","guid":{"rendered":"http:\/\/ibicamp.com\/?post_type=product&#038;p=1328"},"modified":"2016-12-07T14:14:23","modified_gmt":"2016-12-07T14:14:23","slug":"16-epistolas-paulinas-i-2","status":"publish","type":"product","link":"https:\/\/ibicamp.com\/?product=16-epistolas-paulinas-i-2","title":{"rendered":"16-Ep\u00edstolas Paulinas I"},"content":{"rendered":"<p style=\"text-align: justify;\">As Ep\u00edstolas escritas pelo ap\u00f3stolo Paulo s\u00e3o denominadas de \u201cEp\u00edstolas Paulinas\u201d. Romanos e G\u00e1latas faz parte deste grupo de ep\u00edstolas.<br \/>\nEssas duas cartas s\u00e3o de extrema import\u00e2ncia dentro do contexto hist\u00f3rico que vivia a Igreja. As duas cartas abordam um tema em comum: \u201dA justifica\u00e7\u00e3o pela f\u00e9.\u201d<br \/>\nA f\u00e9 crist\u00e3 tem origem nos escritos do Antigo Testamento. Era necess\u00e1rio fazer uma distin\u00e7\u00e3o da interpreta\u00e7\u00e3o judaica, que tinha nas obras o meio para a justifica\u00e7\u00e3o, enquanto em Cristo tinha somente a F\u00e9.<br \/>\nEp\u00edstolas Paulinas I n\u00e3o \u00e9 somente uma carta, mas um tratado teol\u00f3gico que mostra a centralidade da f\u00e9 crist\u00e3: \u201cA justifica\u00e7\u00e3o pela f\u00e9.<\/p>\n","protected":false},"excerpt":{"rendered":"<p style=\"text-align: justify;\">As Ep\u00edstolas escritas pelo ap\u00f3stolo Paulo s\u00e3o denominadas de \u201cEp\u00edstolas Paulinas\u201d. Romanos e G\u00e1latas faz parte deste grupo de ep\u00edstolas.<br \/>\nEssas duas cartas s\u00e3o de extrema import\u00e2ncia dentro do contexto hist\u00f3rico que vivia a Igreja. As duas cartas abordam um tema em comum: \u201dA justifica\u00e7\u00e3o pela f\u00e9.\u201d<\/p>\n","protected":false},"featured_media":1357,"comment_status":"closed","ping_status":"closed","template":"","meta":[],"product_cat":[63],"product_tag":[],"_links":{"self":[{"href":"https:\/\/ibicamp.com\/index.php?rest_route=\/wp\/v2\/product\/1328"}],"collection":[{"href":"https:\/\/ibicamp.com\/index.php?rest_route=\/wp\/v2\/product"}],"about":[{"href":"https:\/\/ibicamp.com\/index.php?rest_route=\/wp\/v2\/types\/product"}],"replies":[{"embeddable":true,"href":"https:\/\/ibicamp.com\/index.php?rest_route=%2Fwp%2Fv2%2Fcomments&post=1328"}],"version-history":[{"count":0,"href":"https:\/\/ibicamp.com\/index.php?rest_route=\/wp\/v2\/product\/1328\/revisions"}],"wp:featuredmedia":[{"embeddable":true,"href":"https:\/\/ibicamp.com\/index.php?rest_route=\/wp\/v2\/media\/1357"}],"wp:attachment":[{"href":"https:\/\/ibicamp.com\/index.php?rest_route=%2Fwp%2Fv2%2Fmedia&parent=1328"}],"wp:term":[{"taxonomy":"product_cat","embeddable":true,"href":"https:\/\/ibicamp.com\/index.php?rest_route=%2Fwp%2Fv2%2Fproduct_cat&post=1328"},{"taxonomy":"product_tag","embeddable":true,"href":"https:\/\/ibicamp.com\/index.php?rest_route=%2Fwp%2Fv2%2Fproduct_tag&post=1328"}],"curies":[{"name":"wp","href":"https:\/\/api.w.org\/{rel}","templated":true}]}}