{"id":1329,"date":"2016-11-25T12:00:05","date_gmt":"2016-11-25T12:00:05","guid":{"rendered":"http:\/\/ibicamp.com\/?post_type=product&#038;p=1329"},"modified":"2016-12-22T13:37:27","modified_gmt":"2016-12-22T13:37:27","slug":"17-doutrina-da-salvacao-2","status":"publish","type":"product","link":"https:\/\/ibicamp.com\/?product=17-doutrina-da-salvacao-2","title":{"rendered":"17- Doutrina da Salva\u00e7\u00e3o"},"content":{"rendered":"<p style=\"text-align: justify;\">A salva\u00e7\u00e3o, doutrina-chave da b\u00edblia, conhecida como \u201csoteriologia\u201d, termo baseado em duas palavras gregas: \u03a3\u03bf\u03c4\u03b5\u03c1\u03b9\u03bf\u03c2 (Soterios), que significa &#8220;salva\u00e7\u00e3o&#8221; e \u03bb\u03bf\u03b3\u03bf\u03c2 (logos), que significa &#8220;palavra&#8221;, ou &#8220;princ\u00edpio&#8221;. Ou seja, significa \u201csalva\u00e7\u00e3o ou liberta\u00e7\u00e3o\u201d. Soteriologia \u00e9 o discurso ou tratado da salva\u00e7\u00e3o. Neste livro abordaremos a provis\u00e3o de Cristo para as necessidades do homem, atrav\u00e9s de sua morte na cruz e Sua ressurrei\u00e7\u00e3o. A Provid\u00eancia salvadora, e a extens\u00e3o da providencia divina. Os aspectos da provis\u00e3o de cristo como substitui\u00e7\u00e3o, ressurrei\u00e7\u00e3o, reconcilia\u00e7\u00e3o e reden\u00e7\u00e3o.<\/p>\n","protected":false},"excerpt":{"rendered":"<p style=\"text-align: justify;\">Neste livro abordaremos a provis\u00e3o de Cristo para as necessidades do homem, atrav\u00e9s de sua morte na cruz e Sua ressurrei\u00e7\u00e3o. A Provid\u00eancia salvadora, e a extens\u00e3o da providencia divina. Os aspectos da provis\u00e3o de cristo como substitui\u00e7\u00e3o, ressurrei\u00e7\u00e3o, reconcilia\u00e7\u00e3o e reden\u00e7\u00e3o.<\/p>\n","protected":false},"featured_media":1389,"comment_status":"closed","ping_status":"closed","template":"","meta":[],"product_cat":[63],"product_tag":[],"_links":{"self":[{"href":"https:\/\/ibicamp.com\/index.php?rest_route=\/wp\/v2\/product\/1329"}],"collection":[{"href":"https:\/\/ibicamp.com\/index.php?rest_route=\/wp\/v2\/product"}],"about":[{"href":"https:\/\/ibicamp.com\/index.php?rest_route=\/wp\/v2\/types\/product"}],"replies":[{"embeddable":true,"href":"https:\/\/ibicamp.com\/index.php?rest_route=%2Fwp%2Fv2%2Fcomments&post=1329"}],"version-history":[{"count":0,"href":"https:\/\/ibicamp.com\/index.php?rest_route=\/wp\/v2\/product\/1329\/revisions"}],"wp:featuredmedia":[{"embeddable":true,"href":"https:\/\/ibicamp.com\/index.php?rest_route=\/wp\/v2\/media\/1389"}],"wp:attachment":[{"href":"https:\/\/ibicamp.com\/index.php?rest_route=%2Fwp%2Fv2%2Fmedia&parent=1329"}],"wp:term":[{"taxonomy":"product_cat","embeddable":true,"href":"https:\/\/ibicamp.com\/index.php?rest_route=%2Fwp%2Fv2%2Fproduct_cat&post=1329"},{"taxonomy":"product_tag","embeddable":true,"href":"https:\/\/ibicamp.com\/index.php?rest_route=%2Fwp%2Fv2%2Fproduct_tag&post=1329"}],"curies":[{"name":"wp","href":"https:\/\/api.w.org\/{rel}","templated":true}]}}