{"id":1331,"date":"2016-11-25T12:16:48","date_gmt":"2016-11-25T12:16:48","guid":{"rendered":"http:\/\/ibicamp.com\/?post_type=product&#038;p=1331"},"modified":"2016-12-07T14:10:54","modified_gmt":"2016-12-07T14:10:54","slug":"19-profetas-maiores-2","status":"publish","type":"product","link":"https:\/\/ibicamp.com\/?product=19-profetas-maiores-2","title":{"rendered":"19- Profetas Maiores"},"content":{"rendered":"<p style=\"text-align: justify;\">Profetas Maiores s\u00e3o livros que est\u00e3o relacionados aos tr\u00eas profetas: Isa\u00edas, Jeremias e Ezequiel. Denominados \u201cProfetas Maiores\u201d, devido \u00e0 extens\u00e3o do minist\u00e9rio exercido. Isa\u00edas \u00e9 conhecido como o profeta messi\u00e2nico, pelo grande n\u00famero de refer\u00eancias que apontam para o Messias. Ezequiel chamado para ministrar entre os que foram exilados em Babil\u00f4nia. Jeremias denominado \u201cProfeta das L\u00e1grimas\u201d, viveu seu minist\u00e9rio antes do ex\u00edlio e acompanhou a invas\u00e3o e destrui\u00e7\u00e3o de Jerusal\u00e9m. Autor do livro com o t\u00edtulo \u201cLamenta\u00e7\u00f5es\u201d, onde em forma po\u00e9tica expressa a sua dor frente \u00e0 destrui\u00e7\u00e3o da sua cidade.<br \/>\nProfetas Maiores mostra todo o contexto pol\u00edtico, econ\u00f4mico, e religioso da na\u00e7\u00e3o de Israel.<\/p>\n","protected":false},"excerpt":{"rendered":"<p style=\"text-align: justify;\">Profetas Maiores s\u00e3o livros que est\u00e3o relacionados aos tr\u00eas profetas: Isa\u00edas, Jeremias e Ezequiel. Denominados \u201cProfetas Maiores\u201d, devido \u00e0 extens\u00e3o do minist\u00e9rio exercido.<\/p>\n","protected":false},"featured_media":996,"comment_status":"closed","ping_status":"closed","template":"","meta":[],"product_cat":[63],"product_tag":[],"_links":{"self":[{"href":"https:\/\/ibicamp.com\/index.php?rest_route=\/wp\/v2\/product\/1331"}],"collection":[{"href":"https:\/\/ibicamp.com\/index.php?rest_route=\/wp\/v2\/product"}],"about":[{"href":"https:\/\/ibicamp.com\/index.php?rest_route=\/wp\/v2\/types\/product"}],"replies":[{"embeddable":true,"href":"https:\/\/ibicamp.com\/index.php?rest_route=%2Fwp%2Fv2%2Fcomments&post=1331"}],"version-history":[{"count":0,"href":"https:\/\/ibicamp.com\/index.php?rest_route=\/wp\/v2\/product\/1331\/revisions"}],"wp:featuredmedia":[{"embeddable":true,"href":"https:\/\/ibicamp.com\/index.php?rest_route=\/wp\/v2\/media\/996"}],"wp:attachment":[{"href":"https:\/\/ibicamp.com\/index.php?rest_route=%2Fwp%2Fv2%2Fmedia&parent=1331"}],"wp:term":[{"taxonomy":"product_cat","embeddable":true,"href":"https:\/\/ibicamp.com\/index.php?rest_route=%2Fwp%2Fv2%2Fproduct_cat&post=1331"},{"taxonomy":"product_tag","embeddable":true,"href":"https:\/\/ibicamp.com\/index.php?rest_route=%2Fwp%2Fv2%2Fproduct_tag&post=1331"}],"curies":[{"name":"wp","href":"https:\/\/api.w.org\/{rel}","templated":true}]}}