{"id":1333,"date":"2016-11-25T12:19:28","date_gmt":"2016-11-25T12:19:28","guid":{"rendered":"http:\/\/ibicamp.com\/?post_type=product&#038;p=1333"},"modified":"2016-12-07T14:08:17","modified_gmt":"2016-12-07T14:08:17","slug":"20-homiletica-2","status":"publish","type":"product","link":"https:\/\/ibicamp.com\/?product=20-homiletica-2","title":{"rendered":"20- Homil\u00e9tica"},"content":{"rendered":"<p style=\"text-align: justify;\">Esta mat\u00e9ria visa a preparar o ministro do Evangelho a desenvolver um serm\u00e3o com efic\u00e1cia. Abordamos o relacionamento entre a \u00c9tica e a Homil\u00e9tica, mostrando alguns princ\u00edpios que precisam ser observados pelo pregador. S\u00e3o aqui apresentados os modelos de serm\u00e3o tem\u00e1tico, textual e expositivo, com suas vantagens e desvantagens. Nesta mat\u00e9ria, encontram-se, em cada cap\u00edtulo, variedades de exemplos pr\u00e1ticos, mostrando passo a passo a din\u00e2mica de se elaborar e ministrar um serm\u00e3o, desde a escolha do texto at\u00e9 a sua conclus\u00e3o. A partir deste estudo, o ministro do Evangelho encontrar\u00e1 mais facilidade para conduzir seu minist\u00e9rio de maneira eficiente.<\/p>\n","protected":false},"excerpt":{"rendered":"<p style=\"text-align: justify;\">Esta mat\u00e9ria visa a preparar o ministro do Evangelho a desenvolver um serm\u00e3o com efic\u00e1cia. Abordamos o relacionamento entre a \u00c9tica e a Homil\u00e9tica, mostrando alguns princ\u00edpios que precisam ser observados pelo pregador.<\/p>\n","protected":false},"featured_media":1388,"comment_status":"closed","ping_status":"closed","template":"","meta":[],"product_cat":[63],"product_tag":[],"_links":{"self":[{"href":"https:\/\/ibicamp.com\/index.php?rest_route=\/wp\/v2\/product\/1333"}],"collection":[{"href":"https:\/\/ibicamp.com\/index.php?rest_route=\/wp\/v2\/product"}],"about":[{"href":"https:\/\/ibicamp.com\/index.php?rest_route=\/wp\/v2\/types\/product"}],"replies":[{"embeddable":true,"href":"https:\/\/ibicamp.com\/index.php?rest_route=%2Fwp%2Fv2%2Fcomments&post=1333"}],"version-history":[{"count":0,"href":"https:\/\/ibicamp.com\/index.php?rest_route=\/wp\/v2\/product\/1333\/revisions"}],"wp:featuredmedia":[{"embeddable":true,"href":"https:\/\/ibicamp.com\/index.php?rest_route=\/wp\/v2\/media\/1388"}],"wp:attachment":[{"href":"https:\/\/ibicamp.com\/index.php?rest_route=%2Fwp%2Fv2%2Fmedia&parent=1333"}],"wp:term":[{"taxonomy":"product_cat","embeddable":true,"href":"https:\/\/ibicamp.com\/index.php?rest_route=%2Fwp%2Fv2%2Fproduct_cat&post=1333"},{"taxonomy":"product_tag","embeddable":true,"href":"https:\/\/ibicamp.com\/index.php?rest_route=%2Fwp%2Fv2%2Fproduct_tag&post=1333"}],"curies":[{"name":"wp","href":"https:\/\/api.w.org\/{rel}","templated":true}]}}