{"id":1339,"date":"2016-11-25T14:59:41","date_gmt":"2016-11-25T14:59:41","guid":{"rendered":"http:\/\/ibicamp.com\/?post_type=product&#038;p=1339"},"modified":"2016-12-07T14:03:05","modified_gmt":"2016-12-07T14:03:05","slug":"24-hermeneutica-2","status":"publish","type":"product","link":"https:\/\/ibicamp.com\/?product=24-hermeneutica-2","title":{"rendered":"24- Hermen\u00eautica"},"content":{"rendered":"<p style=\"text-align: justify;\">A palavra Hermen\u00eautica em seu significado t\u00e9cnico se define como ci\u00eancia e tamb\u00e9m arte. Ci\u00eancia por ter normas ou regras e Arte porque a comunica\u00e7\u00e3o \u00e9 flex\u00edvel, no entanto, uma aplica\u00e7\u00e3o mec\u00e2nica e r\u00edgida poder\u00e1 distorcer o verdadeiro sentido. A Hermen\u00eautica \u00e9 o importante passo que traduz o significado de um texto b\u00edblico, tanto para seus primeiros ouvintes como para os crentes em \u00e9poca e cultura diferentes. Essa mat\u00e9ria aborda os princ\u00edpios b\u00e1sicos para a interpreta\u00e7\u00e3o b\u00edblica, ajudando o estudante manejar bem a palavra da verdade e ser bem-sucedido no seu minist\u00e9rio.<\/p>\n","protected":false},"excerpt":{"rendered":"<p style=\"text-align: justify;\">A palavra Hermen\u00eautica em seu significado t\u00e9cnico se define como ci\u00eancia e tamb\u00e9m arte. Ci\u00eancia por ter normas ou regras e Arte porque a comunica\u00e7\u00e3o \u00e9 flex\u00edvel, no entanto, uma aplica\u00e7\u00e3o mec\u00e2nica e r\u00edgida poder\u00e1 distorcer o verdadeiro sentido.<\/p>\n","protected":false},"featured_media":1387,"comment_status":"closed","ping_status":"closed","template":"","meta":[],"product_cat":[63],"product_tag":[],"_links":{"self":[{"href":"https:\/\/ibicamp.com\/index.php?rest_route=\/wp\/v2\/product\/1339"}],"collection":[{"href":"https:\/\/ibicamp.com\/index.php?rest_route=\/wp\/v2\/product"}],"about":[{"href":"https:\/\/ibicamp.com\/index.php?rest_route=\/wp\/v2\/types\/product"}],"replies":[{"embeddable":true,"href":"https:\/\/ibicamp.com\/index.php?rest_route=%2Fwp%2Fv2%2Fcomments&post=1339"}],"version-history":[{"count":0,"href":"https:\/\/ibicamp.com\/index.php?rest_route=\/wp\/v2\/product\/1339\/revisions"}],"wp:featuredmedia":[{"embeddable":true,"href":"https:\/\/ibicamp.com\/index.php?rest_route=\/wp\/v2\/media\/1387"}],"wp:attachment":[{"href":"https:\/\/ibicamp.com\/index.php?rest_route=%2Fwp%2Fv2%2Fmedia&parent=1339"}],"wp:term":[{"taxonomy":"product_cat","embeddable":true,"href":"https:\/\/ibicamp.com\/index.php?rest_route=%2Fwp%2Fv2%2Fproduct_cat&post=1339"},{"taxonomy":"product_tag","embeddable":true,"href":"https:\/\/ibicamp.com\/index.php?rest_route=%2Fwp%2Fv2%2Fproduct_tag&post=1339"}],"curies":[{"name":"wp","href":"https:\/\/api.w.org\/{rel}","templated":true}]}}