{"id":1340,"date":"2016-11-25T15:03:45","date_gmt":"2016-11-25T15:03:45","guid":{"rendered":"http:\/\/ibicamp.com\/?post_type=product&#038;p=1340"},"modified":"2016-12-21T19:16:43","modified_gmt":"2016-12-21T19:16:43","slug":"25-carta-aos-hebreus-2","status":"publish","type":"product","link":"https:\/\/ibicamp.com\/?product=25-carta-aos-hebreus-2","title":{"rendered":"25- Carta aos Hebreus"},"content":{"rendered":"<p style=\"text-align: justify;\">O papel principal da Carta aos Hebreus, no contexto geral das Escrituras Sagradas, \u00e9 servir como um potente elo de liga\u00e7\u00e3o entre o Antigo e o Novo Testamento, e, ao mesmo tempo, revelar a superioridade de Cristo sobre todas as revela\u00e7\u00f5es outrora fornecidas: Superior \u00e0 Lei Mosaica, ao Sacerd\u00f3cio Lev\u00edtico, \u00e0 revela\u00e7\u00e3o angelical, aos sacrif\u00edcios de animais, \u00e0 aboli\u00e7\u00e3o da Antiga Alian\u00e7a cedendo lugar \u00e0 Nova e Superior Alian\u00e7a na pessoa de Cristo Jesus. O autor desta carta demonstra o profundo conhecimento que tinha da tradi\u00e7\u00e3o judaica e a temporaneidade da Lei, que vigorou at\u00e9 Jo\u00e3o Batista. O motivo principal do autor, em escrever a ep\u00edstola, \u00e9 o de advertir seus compatriotas que haviam abandonado a tradi\u00e7\u00e3o da Lei, aceitando o sacrif\u00edcio de Cristo e que, devido \u00e0s persegui\u00e7\u00f5es, estavam propensos a retornar aos sacrif\u00edcios de animais como oferta a Deus.<\/p>\n","protected":false},"excerpt":{"rendered":"<p style=\"text-align: justify;\">O papel principal da Carta aos Hebreus, no contexto geral das Escrituras Sagradas, \u00e9 servir como um potente elo de liga\u00e7\u00e3o entre o Antigo e o Novo Testamento.<\/p>\n","protected":false},"featured_media":1352,"comment_status":"closed","ping_status":"closed","template":"","meta":[],"product_cat":[63],"product_tag":[],"_links":{"self":[{"href":"https:\/\/ibicamp.com\/index.php?rest_route=\/wp\/v2\/product\/1340"}],"collection":[{"href":"https:\/\/ibicamp.com\/index.php?rest_route=\/wp\/v2\/product"}],"about":[{"href":"https:\/\/ibicamp.com\/index.php?rest_route=\/wp\/v2\/types\/product"}],"replies":[{"embeddable":true,"href":"https:\/\/ibicamp.com\/index.php?rest_route=%2Fwp%2Fv2%2Fcomments&post=1340"}],"version-history":[{"count":0,"href":"https:\/\/ibicamp.com\/index.php?rest_route=\/wp\/v2\/product\/1340\/revisions"}],"wp:featuredmedia":[{"embeddable":true,"href":"https:\/\/ibicamp.com\/index.php?rest_route=\/wp\/v2\/media\/1352"}],"wp:attachment":[{"href":"https:\/\/ibicamp.com\/index.php?rest_route=%2Fwp%2Fv2%2Fmedia&parent=1340"}],"wp:term":[{"taxonomy":"product_cat","embeddable":true,"href":"https:\/\/ibicamp.com\/index.php?rest_route=%2Fwp%2Fv2%2Fproduct_cat&post=1340"},{"taxonomy":"product_tag","embeddable":true,"href":"https:\/\/ibicamp.com\/index.php?rest_route=%2Fwp%2Fv2%2Fproduct_tag&post=1340"}],"curies":[{"name":"wp","href":"https:\/\/api.w.org\/{rel}","templated":true}]}}