{"id":1342,"date":"2016-11-25T15:12:06","date_gmt":"2016-11-25T15:12:06","guid":{"rendered":"http:\/\/ibicamp.com\/?post_type=product&#038;p=1342"},"modified":"2016-12-07T13:51:27","modified_gmt":"2016-12-07T13:51:27","slug":"27-epistolas-gerais-2","status":"publish","type":"product","link":"https:\/\/ibicamp.com\/?product=27-epistolas-gerais-2","title":{"rendered":"27- Ep\u00edstolas Gerais"},"content":{"rendered":"<p style=\"text-align: justify;\">As Ep\u00edstolas contidas na B\u00edblia, conhecidas como Gerais abordam, nesta mat\u00e9ria, as seguintes cartas: Tiago, 1 e 2 Pedro, 1,2 e 3 Jo\u00e3o e Judas. S\u00e3o assim consideradas porque, com exce\u00e7\u00e3o das cartas 2 e 3 Jo\u00e3o, n\u00e3o s\u00e3o endere\u00e7adas a lugares nem a pessoas e, sim, a todos os crist\u00e3os da \u00e9poca em que foram escritas, isto \u00e9, durante uma era de persegui\u00e7\u00e3o e apostasia. As Ep\u00edstolas Gerais apresentam um panorama mais completo dos acontecimentos que ocorreram na Igreja Primitiva. Nesta mat\u00e9ria n\u00e3o inclu\u00edmos Hebreus, tendo em vista que ser\u00e1 estudada separadamente. O objetivo dessa mat\u00e9ria \u00e9 ajudar o aluno a compreender as experi\u00eancias que a Igreja teve em seu desenvolvimento, crescimento e integra\u00e7\u00e3o, e, acima de tudo, que poder\u00e1 haver mudan\u00e7a nos personagens da hist\u00f3ria, mas sua mensagem continua sendo a mesma, sempre viva e eficaz o suficiente para apontar a solu\u00e7\u00e3o para todo problema do homem.<\/p>\n","protected":false},"excerpt":{"rendered":"<p style=\"text-align: justify;\">As Ep\u00edstolas contidas na B\u00edblia, conhecidas como Gerais abordam, nesta mat\u00e9ria, as seguintes cartas: Tiago, 1 e 2 Pedro, 1,2 e 3 Jo\u00e3o e Judas. S\u00e3o assim consideradas porque, com exce\u00e7\u00e3o das cartas 2 e 3 Jo\u00e3o, n\u00e3o s\u00e3o endere\u00e7adas a lugares nem a pessoas e, sim, a todos os crist\u00e3os da \u00e9poca em que foram escritas, isto \u00e9, durante uma era de persegui\u00e7\u00e3o e apostasia.<\/p>\n","protected":false},"featured_media":1356,"comment_status":"closed","ping_status":"closed","template":"","meta":[],"product_cat":[63],"product_tag":[],"_links":{"self":[{"href":"https:\/\/ibicamp.com\/index.php?rest_route=\/wp\/v2\/product\/1342"}],"collection":[{"href":"https:\/\/ibicamp.com\/index.php?rest_route=\/wp\/v2\/product"}],"about":[{"href":"https:\/\/ibicamp.com\/index.php?rest_route=\/wp\/v2\/types\/product"}],"replies":[{"embeddable":true,"href":"https:\/\/ibicamp.com\/index.php?rest_route=%2Fwp%2Fv2%2Fcomments&post=1342"}],"version-history":[{"count":0,"href":"https:\/\/ibicamp.com\/index.php?rest_route=\/wp\/v2\/product\/1342\/revisions"}],"wp:featuredmedia":[{"embeddable":true,"href":"https:\/\/ibicamp.com\/index.php?rest_route=\/wp\/v2\/media\/1356"}],"wp:attachment":[{"href":"https:\/\/ibicamp.com\/index.php?rest_route=%2Fwp%2Fv2%2Fmedia&parent=1342"}],"wp:term":[{"taxonomy":"product_cat","embeddable":true,"href":"https:\/\/ibicamp.com\/index.php?rest_route=%2Fwp%2Fv2%2Fproduct_cat&post=1342"},{"taxonomy":"product_tag","embeddable":true,"href":"https:\/\/ibicamp.com\/index.php?rest_route=%2Fwp%2Fv2%2Fproduct_tag&post=1342"}],"curies":[{"name":"wp","href":"https:\/\/api.w.org\/{rel}","templated":true}]}}