{"id":1343,"date":"2016-11-25T15:15:14","date_gmt":"2016-11-25T15:15:14","guid":{"rendered":"http:\/\/ibicamp.com\/?post_type=product&#038;p=1343"},"modified":"2016-12-21T19:22:05","modified_gmt":"2016-12-21T19:22:05","slug":"28-cultura-e-costumes-dos-tempos-biblicos-2","status":"publish","type":"product","link":"https:\/\/ibicamp.com\/?product=28-cultura-e-costumes-dos-tempos-biblicos-2","title":{"rendered":"28- Cultura e Costumes dos  Tempos B\u00edblicos"},"content":{"rendered":"<p style=\"text-align: justify;\">A B\u00edblia \u00e9 um livro que se tornou um bestseller em todo o mundo. Sua leitura \u00e9 feita por pessoas de credos e confiss\u00f5es de diversas religi\u00f5es. Por\u00e9m, o contexto hist\u00f3rico da B\u00edblia Sagrada est\u00e1 contido em uma cultura com costumes e tradi\u00e7\u00f5es peculiares de um povo no Oriente. Cultura e Costumes dos Tempos B\u00edblicos \u00e9 uma mat\u00e9ria essencial para todo crist\u00e3o que deseja entender os textos b\u00edblicos, mostrando que n\u00e3o basta ler o que est\u00e1 escrito, mas que \u00e9 preciso conhecer a cultura que, muitas vezes, n\u00e3o aparece de forma expl\u00edcita no texto escrito. Buscando preparar o aluno, abordamos aqui assuntos gerais, como: a organiza\u00e7\u00e3o da fam\u00edlia judaica e suas fun\u00e7\u00f5es; as cerim\u00f4nias; as festas; a arquitetura; a agricultura e a pecu\u00e1ria; as cren\u00e7as e supersti\u00e7\u00f5es de um povo do qual advieram os escritos b\u00edblicos.<\/p>\n","protected":false},"excerpt":{"rendered":"<p style=\"text-align: justify;\">Cultura e Costumes dos Tempos B\u00edblicos \u00e9 uma mat\u00e9ria essencial para todo crist\u00e3o que deseja entender os textos b\u00edblicos, mostrando que n\u00e3o basta ler o que est\u00e1 escrito, mas que \u00e9 preciso conhecer a cultura que, muitas vezes, n\u00e3o aparece de forma expl\u00edcita no texto escrito.<\/p>\n","protected":false},"featured_media":1383,"comment_status":"closed","ping_status":"closed","template":"","meta":[],"product_cat":[63],"product_tag":[],"_links":{"self":[{"href":"https:\/\/ibicamp.com\/index.php?rest_route=\/wp\/v2\/product\/1343"}],"collection":[{"href":"https:\/\/ibicamp.com\/index.php?rest_route=\/wp\/v2\/product"}],"about":[{"href":"https:\/\/ibicamp.com\/index.php?rest_route=\/wp\/v2\/types\/product"}],"replies":[{"embeddable":true,"href":"https:\/\/ibicamp.com\/index.php?rest_route=%2Fwp%2Fv2%2Fcomments&post=1343"}],"version-history":[{"count":0,"href":"https:\/\/ibicamp.com\/index.php?rest_route=\/wp\/v2\/product\/1343\/revisions"}],"wp:featuredmedia":[{"embeddable":true,"href":"https:\/\/ibicamp.com\/index.php?rest_route=\/wp\/v2\/media\/1383"}],"wp:attachment":[{"href":"https:\/\/ibicamp.com\/index.php?rest_route=%2Fwp%2Fv2%2Fmedia&parent=1343"}],"wp:term":[{"taxonomy":"product_cat","embeddable":true,"href":"https:\/\/ibicamp.com\/index.php?rest_route=%2Fwp%2Fv2%2Fproduct_cat&post=1343"},{"taxonomy":"product_tag","embeddable":true,"href":"https:\/\/ibicamp.com\/index.php?rest_route=%2Fwp%2Fv2%2Fproduct_tag&post=1343"}],"curies":[{"name":"wp","href":"https:\/\/api.w.org\/{rel}","templated":true}]}}