{"id":1344,"date":"2016-11-25T15:18:24","date_gmt":"2016-11-25T15:18:24","guid":{"rendered":"http:\/\/ibicamp.com\/?post_type=product&#038;p=1344"},"modified":"2016-12-07T13:48:59","modified_gmt":"2016-12-07T13:48:59","slug":"29-evangelismo-e-missoes-2","status":"publish","type":"product","link":"https:\/\/ibicamp.com\/?product=29-evangelismo-e-missoes-2","title":{"rendered":"29- Evangelismo e Miss\u00f5es"},"content":{"rendered":"<p style=\"text-align: justify;\">O prop\u00f3sito desta disciplina \u00e9 fazer uma an\u00e1lise da miss\u00e3o da Igreja neste mundo, obedecendo ao \u201cide\u201d de Jesus e as normas por Ele estabelecidas para a obra mais importante delegada por Deus ao homem.<br \/>\nMiss\u00f5es come\u00e7am com a vinda do filho de Deus \u00e0 terra e prossegue com a responsabilidade entregue aos homens de pregar as Boas Novas da salva\u00e7\u00e3o em Cristo a toda criatura. Isto requer um esfor\u00e7o conjunto entre ag\u00eancia mission\u00e1ria, mission\u00e1rio e recursos para que este trabalho seja bem sucedido.<br \/>\nMiss\u00f5es n\u00e3o consistem somente em ir ou enviar, mas todo um processo que envolve a Igreja e a qualifica\u00e7\u00e3o de quem vai para o campo mission\u00e1rio. A forte conex\u00e3o existente entre o evangelismo e miss\u00f5es, \u00e9 o esfor\u00e7o conjunto de ganhar vidas para o Reino de Deus. Este \u00e9 o foco principal desta mat\u00e9ria.<\/p>\n","protected":false},"excerpt":{"rendered":"<p style=\"text-align: justify;\">O prop\u00f3sito desta disciplina \u00e9 fazer uma an\u00e1lise da miss\u00e3o da Igreja neste mundo, obedecendo ao \u201cide\u201d de Jesus e as normas por Ele estabelecidas para a obra mais importante delegada por Deus ao homem.<\/p>\n","protected":false},"featured_media":1362,"comment_status":"closed","ping_status":"closed","template":"","meta":[],"product_cat":[63],"product_tag":[],"_links":{"self":[{"href":"https:\/\/ibicamp.com\/index.php?rest_route=\/wp\/v2\/product\/1344"}],"collection":[{"href":"https:\/\/ibicamp.com\/index.php?rest_route=\/wp\/v2\/product"}],"about":[{"href":"https:\/\/ibicamp.com\/index.php?rest_route=\/wp\/v2\/types\/product"}],"replies":[{"embeddable":true,"href":"https:\/\/ibicamp.com\/index.php?rest_route=%2Fwp%2Fv2%2Fcomments&post=1344"}],"version-history":[{"count":0,"href":"https:\/\/ibicamp.com\/index.php?rest_route=\/wp\/v2\/product\/1344\/revisions"}],"wp:featuredmedia":[{"embeddable":true,"href":"https:\/\/ibicamp.com\/index.php?rest_route=\/wp\/v2\/media\/1362"}],"wp:attachment":[{"href":"https:\/\/ibicamp.com\/index.php?rest_route=%2Fwp%2Fv2%2Fmedia&parent=1344"}],"wp:term":[{"taxonomy":"product_cat","embeddable":true,"href":"https:\/\/ibicamp.com\/index.php?rest_route=%2Fwp%2Fv2%2Fproduct_cat&post=1344"},{"taxonomy":"product_tag","embeddable":true,"href":"https:\/\/ibicamp.com\/index.php?rest_route=%2Fwp%2Fv2%2Fproduct_tag&post=1344"}],"curies":[{"name":"wp","href":"https:\/\/api.w.org\/{rel}","templated":true}]}}