{"id":1407,"date":"2016-12-09T14:58:44","date_gmt":"2016-12-09T14:58:44","guid":{"rendered":"http:\/\/ibicamp.com\/?post_type=product&#038;p=1407"},"modified":"2016-12-09T14:58:44","modified_gmt":"2016-12-09T14:58:44","slug":"1-teologia-do-antigo-testamento","status":"publish","type":"product","link":"https:\/\/ibicamp.com\/?product=1-teologia-do-antigo-testamento","title":{"rendered":"1- TEOLOGIA DO ANTIGO TESTAMENTO"},"content":{"rendered":"<p style=\"text-align: justify;\">Teologia do Antigo Testamento \u00e9 uma mat\u00e9ria que aborda com profundidade a reflex\u00e3o sobre o pensamento teol\u00f3gico inserido no contexto hist\u00f3rico, social e religioso de Israel, e uma an\u00e1lise sobre a revela\u00e7\u00e3o de Deus no Antigo Testamento.<\/p>\n<p style=\"text-align: justify;\">Esta disciplina apresenta tamb\u00e9m aspectos teol\u00f3gicos como a cognoscibilidade de Deus, formas de linguagens, concep\u00e7\u00f5es teol\u00f3gicas e cient\u00edficas sobre a origem do universo e metodologias de pesquisas nas quais est\u00e3o firmadas as teorias da terra antiga.<\/p>\n<p style=\"text-align: justify;\">O aluno tem uma ampla reflex\u00e3o sobre o evolucionismo darwinista e te\u00edsta, recebendo subs\u00eddios teol\u00f3gicos para firmar suas convic\u00e7\u00f5es crist\u00e3s e compartilhar sua f\u00e9.<\/p>\n","protected":false},"excerpt":{"rendered":"<p style=\"text-align: justify;\">Teologia do Antigo Testamento \u00e9 uma mat\u00e9ria que aborda com profundidade a reflex\u00e3o sobre o pensamento teol\u00f3gico inserido no contexto hist\u00f3rico, social e religioso de Israel, e uma an\u00e1lise sobre a revela\u00e7\u00e3o de Deus no Antigo Testamento.<\/p>\n","protected":false},"featured_media":1408,"comment_status":"closed","ping_status":"closed","template":"","meta":[],"product_cat":[81],"product_tag":[],"_links":{"self":[{"href":"https:\/\/ibicamp.com\/index.php?rest_route=\/wp\/v2\/product\/1407"}],"collection":[{"href":"https:\/\/ibicamp.com\/index.php?rest_route=\/wp\/v2\/product"}],"about":[{"href":"https:\/\/ibicamp.com\/index.php?rest_route=\/wp\/v2\/types\/product"}],"replies":[{"embeddable":true,"href":"https:\/\/ibicamp.com\/index.php?rest_route=%2Fwp%2Fv2%2Fcomments&post=1407"}],"version-history":[{"count":0,"href":"https:\/\/ibicamp.com\/index.php?rest_route=\/wp\/v2\/product\/1407\/revisions"}],"wp:featuredmedia":[{"embeddable":true,"href":"https:\/\/ibicamp.com\/index.php?rest_route=\/wp\/v2\/media\/1408"}],"wp:attachment":[{"href":"https:\/\/ibicamp.com\/index.php?rest_route=%2Fwp%2Fv2%2Fmedia&parent=1407"}],"wp:term":[{"taxonomy":"product_cat","embeddable":true,"href":"https:\/\/ibicamp.com\/index.php?rest_route=%2Fwp%2Fv2%2Fproduct_cat&post=1407"},{"taxonomy":"product_tag","embeddable":true,"href":"https:\/\/ibicamp.com\/index.php?rest_route=%2Fwp%2Fv2%2Fproduct_tag&post=1407"}],"curies":[{"name":"wp","href":"https:\/\/api.w.org\/{rel}","templated":true}]}}