{"id":1410,"date":"2016-12-09T15:03:12","date_gmt":"2016-12-09T15:03:12","guid":{"rendered":"http:\/\/ibicamp.com\/?post_type=product&#038;p=1410"},"modified":"2016-12-22T15:32:45","modified_gmt":"2016-12-22T15:32:45","slug":"2-religioes-mundiais","status":"publish","type":"product","link":"https:\/\/ibicamp.com\/?product=2-religioes-mundiais","title":{"rendered":"2- RELIGI\u00d5ES MUNDIAIS"},"content":{"rendered":"<p style=\"text-align: justify;\">Religi\u00f5es Mundiais \u00e9 um livro que procura fazer uma s\u00edntese das principais religi\u00f5es existentes no mundo e apresenta uma introdu\u00e7\u00e3o mostrando a \u00f3ptica das ci\u00eancias humanas em rela\u00e7\u00e3o \u00e0 religi\u00e3o: Filosofia, Antropologia, Psicologia e Sociologia. Esta mat\u00e9ria tem por objetivo fazer uma an\u00e1lise sint\u00e9tica sobre as principais religi\u00f5es da \u00cdndia e \u00c1sia Oriental: Hindu\u00edsmo, Budismo, Sikhismo, Confucionismo, Xinto\u00edsmo e Tao\u00edsmo, e tamb\u00e9m, das religi\u00f5es do Oriente M\u00e9dio: Islamismo, Juda\u00edsmo e Cristianismo.<br \/>\nS\u00e3o abordados diversos temas sobre cada religi\u00e3o, sua origem, seu fundador, suas cren\u00e7as e seus costumes. No final do estudo de cada religi\u00e3o, ser\u00e1 realizada uma an\u00e1lise comparativa, mostrando os aspectos positivos e negativos, na \u00f3ptica do Cristianismo.<\/p>\n","protected":false},"excerpt":{"rendered":"<p style=\"text-align: justify;\">Neste livro s\u00e3o abordados diversos temas sobre cada religi\u00e3o, sua origem, seu fundador, suas cren\u00e7as e seus costumes. No final do estudo de cada religi\u00e3o, ser\u00e1 realizada uma an\u00e1lise comparativa, mostrando os aspectos positivos e negativos, na \u00f3ptica do Cristianismo.<\/p>\n","protected":false},"featured_media":1411,"comment_status":"closed","ping_status":"closed","template":"","meta":[],"product_cat":[81],"product_tag":[],"_links":{"self":[{"href":"https:\/\/ibicamp.com\/index.php?rest_route=\/wp\/v2\/product\/1410"}],"collection":[{"href":"https:\/\/ibicamp.com\/index.php?rest_route=\/wp\/v2\/product"}],"about":[{"href":"https:\/\/ibicamp.com\/index.php?rest_route=\/wp\/v2\/types\/product"}],"replies":[{"embeddable":true,"href":"https:\/\/ibicamp.com\/index.php?rest_route=%2Fwp%2Fv2%2Fcomments&post=1410"}],"version-history":[{"count":0,"href":"https:\/\/ibicamp.com\/index.php?rest_route=\/wp\/v2\/product\/1410\/revisions"}],"wp:featuredmedia":[{"embeddable":true,"href":"https:\/\/ibicamp.com\/index.php?rest_route=\/wp\/v2\/media\/1411"}],"wp:attachment":[{"href":"https:\/\/ibicamp.com\/index.php?rest_route=%2Fwp%2Fv2%2Fmedia&parent=1410"}],"wp:term":[{"taxonomy":"product_cat","embeddable":true,"href":"https:\/\/ibicamp.com\/index.php?rest_route=%2Fwp%2Fv2%2Fproduct_cat&post=1410"},{"taxonomy":"product_tag","embeddable":true,"href":"https:\/\/ibicamp.com\/index.php?rest_route=%2Fwp%2Fv2%2Fproduct_tag&post=1410"}],"curies":[{"name":"wp","href":"https:\/\/api.w.org\/{rel}","templated":true}]}}