{"id":1417,"date":"2016-12-09T15:39:08","date_gmt":"2016-12-09T15:39:08","guid":{"rendered":"http:\/\/ibicamp.com\/?post_type=product&#038;p=1417"},"modified":"2016-12-22T15:18:39","modified_gmt":"2016-12-22T15:18:39","slug":"4-teologia-do-novo-testamento","status":"publish","type":"product","link":"https:\/\/ibicamp.com\/?product=4-teologia-do-novo-testamento","title":{"rendered":"4- TEOLOGIA DO NOVO TESTAMENTO"},"content":{"rendered":"<p style=\"text-align: justify;\">Teologia do Novo Testamento estuda o Novo Testamento na \u00f3ptica hist\u00f3rico-cultural e teol\u00f3gica. O livro faz uma an\u00e1lise da hist\u00f3ria da teologia: do s\u00e9culo I, Patr\u00edstica passando pela Reforma at\u00e9 a nascente do Liberalismo teol\u00f3gico da Era Moderna. O aluno vai estudar os escritos do ap\u00f3stolo Paulo como elo entre a transposi\u00e7\u00e3o do Juda\u00edsmo para o Cristianismo, que, com maestria, usa o conhecimento das tr\u00eas culturas em que Cristo ministrou: \u201cHebraica, Grega e Romana\u201d.<br \/>\nHistoriadores o chamam de \u201cO te\u00f3logo de tr\u00eas mundos\u201d. Teologia do Novo Testamento n\u00e3o \u00e9 uma disciplina que pretende esgotar as complexidades dos temas abordados, mas, sim, trazer ao estudante uma vis\u00e3o mais ampliada dos conceitos nos quais os escritores escreveram os textos sagrados.<\/p>\n","protected":false},"excerpt":{"rendered":"<p style=\"text-align: justify;\">Teologia do Novo Testamento estuda o Novo Testamento na \u00f3ptica hist\u00f3rico-cultural e teol\u00f3gica. O livro faz uma an\u00e1lise da hist\u00f3ria da teologia: do s\u00e9culo I, Patr\u00edstica passando pela Reforma at\u00e9 a nascente do Liberalismo teol\u00f3gico da Era Moderna.<\/p>\n","protected":false},"featured_media":1418,"comment_status":"closed","ping_status":"closed","template":"","meta":[],"product_cat":[81],"product_tag":[],"_links":{"self":[{"href":"https:\/\/ibicamp.com\/index.php?rest_route=\/wp\/v2\/product\/1417"}],"collection":[{"href":"https:\/\/ibicamp.com\/index.php?rest_route=\/wp\/v2\/product"}],"about":[{"href":"https:\/\/ibicamp.com\/index.php?rest_route=\/wp\/v2\/types\/product"}],"replies":[{"embeddable":true,"href":"https:\/\/ibicamp.com\/index.php?rest_route=%2Fwp%2Fv2%2Fcomments&post=1417"}],"version-history":[{"count":0,"href":"https:\/\/ibicamp.com\/index.php?rest_route=\/wp\/v2\/product\/1417\/revisions"}],"wp:featuredmedia":[{"embeddable":true,"href":"https:\/\/ibicamp.com\/index.php?rest_route=\/wp\/v2\/media\/1418"}],"wp:attachment":[{"href":"https:\/\/ibicamp.com\/index.php?rest_route=%2Fwp%2Fv2%2Fmedia&parent=1417"}],"wp:term":[{"taxonomy":"product_cat","embeddable":true,"href":"https:\/\/ibicamp.com\/index.php?rest_route=%2Fwp%2Fv2%2Fproduct_cat&post=1417"},{"taxonomy":"product_tag","embeddable":true,"href":"https:\/\/ibicamp.com\/index.php?rest_route=%2Fwp%2Fv2%2Fproduct_tag&post=1417"}],"curies":[{"name":"wp","href":"https:\/\/api.w.org\/{rel}","templated":true}]}}