{"id":1421,"date":"2016-12-09T15:48:22","date_gmt":"2016-12-09T15:48:22","guid":{"rendered":"http:\/\/ibicamp.com\/?post_type=product&#038;p=1421"},"modified":"2016-12-22T15:22:24","modified_gmt":"2016-12-22T15:22:24","slug":"6-pregacao-biblica","status":"publish","type":"product","link":"https:\/\/ibicamp.com\/?product=6-pregacao-biblica","title":{"rendered":"6- PREGA\u00c7\u00c3O B\u00cdBLICA"},"content":{"rendered":"<p style=\"text-align: justify;\">A Prega\u00e7\u00e3o B\u00edblica pode ser considerada uma arte, pela beleza que apresenta quando bem elaborada, ao mesmo tempo em que pode ser considerada uma ci\u00eancia, pois exige o conhecimento de princ\u00edpios que n\u00e3o podem ser ignorados. O m\u00e9todo apresentado \u00e9 progressivo, iniciando desde o texto, passando pelo assunto, tema, introdu\u00e7\u00e3o, continuando nas divis\u00f5es e subdivis\u00f5es, chegando at\u00e9 a conclus\u00e3o e ao apelo do serm\u00e3o.<br \/>\nO alvo \u00e9 ajudar o pregador a fixar-se num s\u00f3 tema, desde o come\u00e7o, elucidando as divis\u00f5es do serm\u00e3o e dando coer\u00eancia at\u00e9 a conclus\u00e3o. Exemplos ilustrativos ir\u00e3o ajudar o aluno a tornar melhor seu desempenho na prega\u00e7\u00e3o.<\/p>\n","protected":false},"excerpt":{"rendered":"<p style=\"text-align: justify;\">A Prega\u00e7\u00e3o B\u00edblica pode ser considerada uma arte, pela beleza que apresenta quando bem elaborada, ao mesmo tempo em que pode ser considerada uma ci\u00eancia, pois exige o conhecimento de princ\u00edpios que n\u00e3o podem ser ignorados.<\/p>\n","protected":false},"featured_media":1630,"comment_status":"closed","ping_status":"closed","template":"","meta":[],"product_cat":[81],"product_tag":[],"_links":{"self":[{"href":"https:\/\/ibicamp.com\/index.php?rest_route=\/wp\/v2\/product\/1421"}],"collection":[{"href":"https:\/\/ibicamp.com\/index.php?rest_route=\/wp\/v2\/product"}],"about":[{"href":"https:\/\/ibicamp.com\/index.php?rest_route=\/wp\/v2\/types\/product"}],"replies":[{"embeddable":true,"href":"https:\/\/ibicamp.com\/index.php?rest_route=%2Fwp%2Fv2%2Fcomments&post=1421"}],"version-history":[{"count":0,"href":"https:\/\/ibicamp.com\/index.php?rest_route=\/wp\/v2\/product\/1421\/revisions"}],"wp:featuredmedia":[{"embeddable":true,"href":"https:\/\/ibicamp.com\/index.php?rest_route=\/wp\/v2\/media\/1630"}],"wp:attachment":[{"href":"https:\/\/ibicamp.com\/index.php?rest_route=%2Fwp%2Fv2%2Fmedia&parent=1421"}],"wp:term":[{"taxonomy":"product_cat","embeddable":true,"href":"https:\/\/ibicamp.com\/index.php?rest_route=%2Fwp%2Fv2%2Fproduct_cat&post=1421"},{"taxonomy":"product_tag","embeddable":true,"href":"https:\/\/ibicamp.com\/index.php?rest_route=%2Fwp%2Fv2%2Fproduct_tag&post=1421"}],"curies":[{"name":"wp","href":"https:\/\/api.w.org\/{rel}","templated":true}]}}