{"id":1423,"date":"2016-12-09T15:52:44","date_gmt":"2016-12-09T15:52:44","guid":{"rendered":"http:\/\/ibicamp.com\/?post_type=product&#038;p=1423"},"modified":"2016-12-22T15:17:40","modified_gmt":"2016-12-22T15:17:40","slug":"7-historia-contemporanea-de-israel","status":"publish","type":"product","link":"https:\/\/ibicamp.com\/?product=7-historia-contemporanea-de-israel","title":{"rendered":"7- HIST\u00d3RIA CONTEMPOR\u00c2NEA DE ISRAEL"},"content":{"rendered":"<p style=\"text-align: justify;\">A Hist\u00f3ria Contempor\u00e2nea de Israel pode ser estudada de uma forma retrospectiva. Nessa abordagem, os fatos ocorridos com Israel servem como ilustra\u00e7\u00e3o pedag\u00f3gica para a vida no que diz respeito aos erros e acertos de um povo comprometido com sua f\u00e9 em Deus.<br \/>\nDo ponto de vista escatol\u00f3gico, existem promessas feitas pelo Senhor a Israel que ainda n\u00e3o foram cumpridas. Quando observamos que o ambiente para o cumprimento das promessas est\u00e1 sendo preparado, podemos ver a proximidade do fim dos tempos.<br \/>\n\u00c9 nessa perspectiva que abordamos aqui a Hist\u00f3ria de Israel: Olhando para os \u00faltimos acontecimentos, como o rel\u00f3gio de Deus no calend\u00e1rio das profecias.<\/p>\n","protected":false},"excerpt":{"rendered":"<p style=\"text-align: justify;\">A Hist\u00f3ria Contempor\u00e2nea de Israel pode ser estudada de uma forma retrospectiva. Nessa abordagem, os fatos ocorridos com Israel servem como ilustra\u00e7\u00e3o pedag\u00f3gica para a vida no que diz respeito aos erros e acertos de um povo comprometido com sua f\u00e9 em Deus.<\/p>\n","protected":false},"featured_media":1424,"comment_status":"closed","ping_status":"closed","template":"","meta":[],"product_cat":[81],"product_tag":[],"_links":{"self":[{"href":"https:\/\/ibicamp.com\/index.php?rest_route=\/wp\/v2\/product\/1423"}],"collection":[{"href":"https:\/\/ibicamp.com\/index.php?rest_route=\/wp\/v2\/product"}],"about":[{"href":"https:\/\/ibicamp.com\/index.php?rest_route=\/wp\/v2\/types\/product"}],"replies":[{"embeddable":true,"href":"https:\/\/ibicamp.com\/index.php?rest_route=%2Fwp%2Fv2%2Fcomments&post=1423"}],"version-history":[{"count":0,"href":"https:\/\/ibicamp.com\/index.php?rest_route=\/wp\/v2\/product\/1423\/revisions"}],"wp:featuredmedia":[{"embeddable":true,"href":"https:\/\/ibicamp.com\/index.php?rest_route=\/wp\/v2\/media\/1424"}],"wp:attachment":[{"href":"https:\/\/ibicamp.com\/index.php?rest_route=%2Fwp%2Fv2%2Fmedia&parent=1423"}],"wp:term":[{"taxonomy":"product_cat","embeddable":true,"href":"https:\/\/ibicamp.com\/index.php?rest_route=%2Fwp%2Fv2%2Fproduct_cat&post=1423"},{"taxonomy":"product_tag","embeddable":true,"href":"https:\/\/ibicamp.com\/index.php?rest_route=%2Fwp%2Fv2%2Fproduct_tag&post=1423"}],"curies":[{"name":"wp","href":"https:\/\/api.w.org\/{rel}","templated":true}]}}