{"id":1429,"date":"2016-12-09T16:17:53","date_gmt":"2016-12-09T16:17:53","guid":{"rendered":"http:\/\/ibicamp.com\/?post_type=product&#038;p=1429"},"modified":"2016-12-21T18:58:09","modified_gmt":"2016-12-21T18:58:09","slug":"1429","status":"publish","type":"product","link":"https:\/\/ibicamp.com\/?product=1429","title":{"rendered":"9- TEOLOGIA DOS DONS"},"content":{"rendered":"<p style=\"text-align: justify;\">A Teologia dos Dons \u00e9 uma disciplina que h\u00e1 muito ganhou import\u00e2ncia nos c\u00edrculos teol\u00f3gicos. A pessoa do Esp\u00edrito Santo, ao longo da hist\u00f3ria, tem sido alvo de diversas interpreta\u00e7\u00f5es. Este livro se prop\u00f5e a fazer uma an\u00e1lise hist\u00f3rica, mostrando sua atua\u00e7\u00e3o desde o Antigo Testamento, passando pelo per\u00edodo apost\u00f3lico, o Pentecostalismo, a Reforma Protestante e o per\u00edodo p\u00f3s-Reforma, culminando nos dias atuais. S\u00e3o abordadas as duas correntes de interpreta\u00e7\u00e3o: a Cessassionista e a Continuidade dos Dons, as quais apresentam ampla base teol\u00f3gica e hist\u00f3rica associada aos argumentos de cada teoria. Esta mat\u00e9ria estuda os Dons do Esp\u00edrito Santo em duas dimens\u00f5es: os Dons Ministeriais relacionados \u00e0 lideran\u00e7a e os Dons Espirituais distribu\u00eddos a todo o corpo de Cristo na Terra, que \u00e9 a Sua Igreja.<\/p>\n","protected":false},"excerpt":{"rendered":"<p>A Teologia dos Dons \u00e9 uma disciplina que h\u00e1 muito ganhou import\u00e2ncia nos c\u00edrculos teol\u00f3gicos. A pessoa do Esp\u00edrito Santo, ao longo da hist\u00f3ria, tem sido alvo de diversas interpreta\u00e7\u00f5es.<\/p>\n","protected":false},"featured_media":1430,"comment_status":"closed","ping_status":"closed","template":"","meta":[],"product_cat":[81],"product_tag":[],"_links":{"self":[{"href":"https:\/\/ibicamp.com\/index.php?rest_route=\/wp\/v2\/product\/1429"}],"collection":[{"href":"https:\/\/ibicamp.com\/index.php?rest_route=\/wp\/v2\/product"}],"about":[{"href":"https:\/\/ibicamp.com\/index.php?rest_route=\/wp\/v2\/types\/product"}],"replies":[{"embeddable":true,"href":"https:\/\/ibicamp.com\/index.php?rest_route=%2Fwp%2Fv2%2Fcomments&post=1429"}],"version-history":[{"count":0,"href":"https:\/\/ibicamp.com\/index.php?rest_route=\/wp\/v2\/product\/1429\/revisions"}],"wp:featuredmedia":[{"embeddable":true,"href":"https:\/\/ibicamp.com\/index.php?rest_route=\/wp\/v2\/media\/1430"}],"wp:attachment":[{"href":"https:\/\/ibicamp.com\/index.php?rest_route=%2Fwp%2Fv2%2Fmedia&parent=1429"}],"wp:term":[{"taxonomy":"product_cat","embeddable":true,"href":"https:\/\/ibicamp.com\/index.php?rest_route=%2Fwp%2Fv2%2Fproduct_cat&post=1429"},{"taxonomy":"product_tag","embeddable":true,"href":"https:\/\/ibicamp.com\/index.php?rest_route=%2Fwp%2Fv2%2Fproduct_tag&post=1429"}],"curies":[{"name":"wp","href":"https:\/\/api.w.org\/{rel}","templated":true}]}}