{"id":1433,"date":"2016-12-09T16:30:18","date_gmt":"2016-12-09T16:30:18","guid":{"rendered":"http:\/\/ibicamp.com\/?post_type=product&#038;p=1433"},"modified":"2016-12-22T15:11:14","modified_gmt":"2016-12-22T15:11:14","slug":"11-tema-dos-profetas","status":"publish","type":"product","link":"https:\/\/ibicamp.com\/?product=11-tema-dos-profetas","title":{"rendered":"11- TEMA DOS PROFETAS"},"content":{"rendered":"<p style=\"text-align: justify;\">A falta de conhecimento do contexto hist\u00f3rico e cultural da \u00e9poca dos Profetas \u00e9 a raz\u00e3o principal da dificuldade que muitos t\u00eam em compreender as suas mensagens, pois os profetas falavam ao povo sobre a crise reinante em seus dias, a qual era proveniente de suas a\u00e7\u00f5es pecaminosas; alertavam-no sobre o ju\u00edzo que lhe sobreviria se n\u00e3o se arrependesse; al\u00e9m de receberem de Deus orienta\u00e7\u00f5es relativas ao futuro deste povo na face da Terra por ser a Na\u00e7\u00e3o Eleita.<br \/>\nO Tema dos Profetas aponta para o libertador que trar\u00e1 um Reino de Paz na pessoa de Jesus de Nazar\u00e9, que se estender\u00e1 sobre toda a ra\u00e7a humana. Seus ensinos, contextualizados, t\u00eam trazido benef\u00edcio a todo amante das Escrituras Sagradas.<\/p>\n","protected":false},"excerpt":{"rendered":"<p style=\"text-align: justify;\">O Tema dos Profetas aponta para o libertador que trar\u00e1 um Reino de Paz na pessoa de Jesus de Nazar\u00e9, que se estender\u00e1 sobre toda a ra\u00e7a humana. Seus ensinos, contextualizados, t\u00eam trazido benef\u00edcio a todo amante das Escrituras Sagradas.<\/p>\n","protected":false},"featured_media":1434,"comment_status":"closed","ping_status":"closed","template":"","meta":[],"product_cat":[81],"product_tag":[],"_links":{"self":[{"href":"https:\/\/ibicamp.com\/index.php?rest_route=\/wp\/v2\/product\/1433"}],"collection":[{"href":"https:\/\/ibicamp.com\/index.php?rest_route=\/wp\/v2\/product"}],"about":[{"href":"https:\/\/ibicamp.com\/index.php?rest_route=\/wp\/v2\/types\/product"}],"replies":[{"embeddable":true,"href":"https:\/\/ibicamp.com\/index.php?rest_route=%2Fwp%2Fv2%2Fcomments&post=1433"}],"version-history":[{"count":0,"href":"https:\/\/ibicamp.com\/index.php?rest_route=\/wp\/v2\/product\/1433\/revisions"}],"wp:featuredmedia":[{"embeddable":true,"href":"https:\/\/ibicamp.com\/index.php?rest_route=\/wp\/v2\/media\/1434"}],"wp:attachment":[{"href":"https:\/\/ibicamp.com\/index.php?rest_route=%2Fwp%2Fv2%2Fmedia&parent=1433"}],"wp:term":[{"taxonomy":"product_cat","embeddable":true,"href":"https:\/\/ibicamp.com\/index.php?rest_route=%2Fwp%2Fv2%2Fproduct_cat&post=1433"},{"taxonomy":"product_tag","embeddable":true,"href":"https:\/\/ibicamp.com\/index.php?rest_route=%2Fwp%2Fv2%2Fproduct_tag&post=1433"}],"curies":[{"name":"wp","href":"https:\/\/api.w.org\/{rel}","templated":true}]}}