{"id":1439,"date":"2016-12-09T16:39:04","date_gmt":"2016-12-09T16:39:04","guid":{"rendered":"http:\/\/ibicamp.com\/?post_type=product&#038;p=1439"},"modified":"2016-12-22T13:52:48","modified_gmt":"2016-12-22T13:52:48","slug":"14-aconselhamento-pastoral-ii","status":"publish","type":"product","link":"https:\/\/ibicamp.com\/?product=14-aconselhamento-pastoral-ii","title":{"rendered":"14- ACONSELHAMENTO PASTORAL II"},"content":{"rendered":"<p style=\"text-align: justify;\">Aconselhamento Pastoral foi especialmente escrito para auxiliar aqueles que atuam na \u00e1rea de aconselhamento b\u00edblico. Trata-se de um manual pr\u00e1tico, que procura apresentar modelos e instru\u00e7\u00f5es que atendam \u00e0s necessidades dos aconselhados e sirvam para orientar o minist\u00e9rio do conselheiro. Sens\u00edvel aos problemas complexos e \u00e0s dificuldades com as quais o conselheiro se defronta, insiste que a B\u00edblia \u00e9 a melhor e mais confi\u00e1vel fonte para a pr\u00e1tica do aconselhamento.<\/p>\n","protected":false},"excerpt":{"rendered":"<p style=\"text-align: justify;\">Aconselhamento Pastoral foi especialmente escrito para auxiliar aqueles que atuam na \u00e1rea de aconselhamento b\u00edblico.<\/p>\n","protected":false},"featured_media":0,"comment_status":"closed","ping_status":"closed","template":"","meta":[],"product_cat":[81],"product_tag":[],"_links":{"self":[{"href":"https:\/\/ibicamp.com\/index.php?rest_route=\/wp\/v2\/product\/1439"}],"collection":[{"href":"https:\/\/ibicamp.com\/index.php?rest_route=\/wp\/v2\/product"}],"about":[{"href":"https:\/\/ibicamp.com\/index.php?rest_route=\/wp\/v2\/types\/product"}],"replies":[{"embeddable":true,"href":"https:\/\/ibicamp.com\/index.php?rest_route=%2Fwp%2Fv2%2Fcomments&post=1439"}],"version-history":[{"count":0,"href":"https:\/\/ibicamp.com\/index.php?rest_route=\/wp\/v2\/product\/1439\/revisions"}],"wp:attachment":[{"href":"https:\/\/ibicamp.com\/index.php?rest_route=%2Fwp%2Fv2%2Fmedia&parent=1439"}],"wp:term":[{"taxonomy":"product_cat","embeddable":true,"href":"https:\/\/ibicamp.com\/index.php?rest_route=%2Fwp%2Fv2%2Fproduct_cat&post=1439"},{"taxonomy":"product_tag","embeddable":true,"href":"https:\/\/ibicamp.com\/index.php?rest_route=%2Fwp%2Fv2%2Fproduct_tag&post=1439"}],"curies":[{"name":"wp","href":"https:\/\/api.w.org\/{rel}","templated":true}]}}