{"id":1440,"date":"2016-12-09T16:53:34","date_gmt":"2016-12-09T16:53:34","guid":{"rendered":"http:\/\/ibicamp.com\/?post_type=product&#038;p=1440"},"modified":"2016-12-22T13:51:49","modified_gmt":"2016-12-22T13:51:49","slug":"15-teologia-de-missoes","status":"publish","type":"product","link":"https:\/\/ibicamp.com\/?product=15-teologia-de-missoes","title":{"rendered":"15- TEOLOGIA DE MISS\u00d5ES"},"content":{"rendered":"<p style=\"text-align: justify;\">Teologia de Miss\u00f5es \u00e9 essencial para todo estudante de teologia. Esta mat\u00e9ria apresenta os princ\u00edpios b\u00edblicos e teol\u00f3gicos da miss\u00e3o como a origem da teologia. Aborda de forma sint\u00e9tica, desde o Antigo Testamento e sua trajet\u00f3ria, passando pelos Evangelhos e o livro de Atos, analisando a miss\u00e3o sob a \u00f3tica de Mateus e Lucas, e tamb\u00e9m na teologia do ap\u00f3stolo Paulo. Teologia de Miss\u00f5es prop\u00f5e uma reflex\u00e3o hist\u00f3rica e contextual dos paradigmas mission\u00e1rios da era apost\u00f3lica, passando pelo movimento iluminista e pela modernidade, fazendo uma cr\u00edtica sobre o pensamento dominante \u00e0 \u00e9poca e seus efeitos sobre a forma de a igreja se relacionar com a miss\u00e3o, al\u00e9m de apresentar um modelo de miss\u00e3o relevante para a contemporaneidade &#8211; uma forma de pensar flex\u00edvel, hol\u00edstica e, acima de tudo, contextualizada.<\/p>\n<p>&nbsp;<\/p>\n","protected":false},"excerpt":{"rendered":"<p style=\"text-align: justify;\">Teologia de Miss\u00f5es \u00e9 essencial para todo estudante de teologia. Esta mat\u00e9ria apresenta os princ\u00edpios b\u00edblicos e teol\u00f3gicos da miss\u00e3o como a origem da teologia. Aborda de forma sint\u00e9tica, desde o Antigo Testamento e sua trajet\u00f3ria, passando pelos Evangelhos e o livro de Atos, analisando a miss\u00e3o sob a \u00f3tica de Mateus e Lucas, e tamb\u00e9m na teologia do ap\u00f3stolo Paulo.<\/p>\n","protected":false},"featured_media":1441,"comment_status":"closed","ping_status":"closed","template":"","meta":[],"product_cat":[81],"product_tag":[],"_links":{"self":[{"href":"https:\/\/ibicamp.com\/index.php?rest_route=\/wp\/v2\/product\/1440"}],"collection":[{"href":"https:\/\/ibicamp.com\/index.php?rest_route=\/wp\/v2\/product"}],"about":[{"href":"https:\/\/ibicamp.com\/index.php?rest_route=\/wp\/v2\/types\/product"}],"replies":[{"embeddable":true,"href":"https:\/\/ibicamp.com\/index.php?rest_route=%2Fwp%2Fv2%2Fcomments&post=1440"}],"version-history":[{"count":0,"href":"https:\/\/ibicamp.com\/index.php?rest_route=\/wp\/v2\/product\/1440\/revisions"}],"wp:featuredmedia":[{"embeddable":true,"href":"https:\/\/ibicamp.com\/index.php?rest_route=\/wp\/v2\/media\/1441"}],"wp:attachment":[{"href":"https:\/\/ibicamp.com\/index.php?rest_route=%2Fwp%2Fv2%2Fmedia&parent=1440"}],"wp:term":[{"taxonomy":"product_cat","embeddable":true,"href":"https:\/\/ibicamp.com\/index.php?rest_route=%2Fwp%2Fv2%2Fproduct_cat&post=1440"},{"taxonomy":"product_tag","embeddable":true,"href":"https:\/\/ibicamp.com\/index.php?rest_route=%2Fwp%2Fv2%2Fproduct_tag&post=1440"}],"curies":[{"name":"wp","href":"https:\/\/api.w.org\/{rel}","templated":true}]}}