{"id":1442,"date":"2016-12-09T16:56:20","date_gmt":"2016-12-09T16:56:20","guid":{"rendered":"http:\/\/ibicamp.com\/?post_type=product&#038;p=1442"},"modified":"2016-12-21T18:16:17","modified_gmt":"2016-12-21T18:16:17","slug":"16-grego","status":"publish","type":"product","link":"https:\/\/ibicamp.com\/?product=16-grego","title":{"rendered":"16- Grego"},"content":{"rendered":"<p style=\"text-align: justify;\">Introdu\u00e7\u00e3o ao Grego, como o pr\u00f3prio nome mostra, \u00e9 uma mat\u00e9ria que prop\u00f5e levar o estudante a se familiarizar com o idioma grego b\u00edblico, conhecido como Koin\u00e9, que significa comum. O objetivo \u00e9 dar ao aluno condi\u00e7\u00f5es de ler os escritos b\u00edblicos em sua l\u00edngua original, isso porque o conhecimento b\u00e1sico da l\u00edngua grega facilita ao aluno a ter condi\u00e7\u00f5es de fazer uma hermen\u00eautica mais profunda, abordando os princ\u00edpios b\u00e1sicos na exegese b\u00edblica. Essa mat\u00e9ria apresenta uma diversidade de exerc\u00edcios com o alvo de ajudar o aluno a praticar tradu\u00e7\u00e3o, al\u00e9m de uma variedade de exerc\u00edcios apresentados que contribuir\u00e3o para o aluno p\u00f4r em pr\u00e1tica o aprendizado durante as aulas. Introdu\u00e7\u00e3o ao grego facilitar\u00e1 o aprendizado e dar\u00e1 ao aluno melhores condi\u00e7\u00f5es de crescimento na reflex\u00e3o b\u00edblica.<\/p>\n<p>&nbsp;<\/p>\n<p>&nbsp;<\/p>\n","protected":false},"excerpt":{"rendered":"<p style=\"text-align: justify;\">Introdu\u00e7\u00e3o ao Grego, como o pr\u00f3prio nome mostra, \u00e9 uma mat\u00e9ria que prop\u00f5e levar o estudante a se familiarizar com o idioma grego b\u00edblico, conhecido como Koin\u00e9, que significa comum.<\/p>\n","protected":false},"featured_media":1627,"comment_status":"closed","ping_status":"closed","template":"","meta":[],"product_cat":[81],"product_tag":[],"_links":{"self":[{"href":"https:\/\/ibicamp.com\/index.php?rest_route=\/wp\/v2\/product\/1442"}],"collection":[{"href":"https:\/\/ibicamp.com\/index.php?rest_route=\/wp\/v2\/product"}],"about":[{"href":"https:\/\/ibicamp.com\/index.php?rest_route=\/wp\/v2\/types\/product"}],"replies":[{"embeddable":true,"href":"https:\/\/ibicamp.com\/index.php?rest_route=%2Fwp%2Fv2%2Fcomments&post=1442"}],"version-history":[{"count":1,"href":"https:\/\/ibicamp.com\/index.php?rest_route=\/wp\/v2\/product\/1442\/revisions"}],"predecessor-version":[{"id":1446,"href":"https:\/\/ibicamp.com\/index.php?rest_route=\/wp\/v2\/product\/1442\/revisions\/1446"}],"wp:featuredmedia":[{"embeddable":true,"href":"https:\/\/ibicamp.com\/index.php?rest_route=\/wp\/v2\/media\/1627"}],"wp:attachment":[{"href":"https:\/\/ibicamp.com\/index.php?rest_route=%2Fwp%2Fv2%2Fmedia&parent=1442"}],"wp:term":[{"taxonomy":"product_cat","embeddable":true,"href":"https:\/\/ibicamp.com\/index.php?rest_route=%2Fwp%2Fv2%2Fproduct_cat&post=1442"},{"taxonomy":"product_tag","embeddable":true,"href":"https:\/\/ibicamp.com\/index.php?rest_route=%2Fwp%2Fv2%2Fproduct_tag&post=1442"}],"curies":[{"name":"wp","href":"https:\/\/api.w.org\/{rel}","templated":true}]}}